{"id":5078,"date":"2025-10-06T21:26:17","date_gmt":"2025-10-06T18:26:17","guid":{"rendered":"https:\/\/wristbandfactory.eu\/?post_type=product&#038;p=5078"},"modified":"2025-12-30T18:28:48","modified_gmt":"2025-12-30T15:28:48","slug":"custom-iron-medals-with-soft-enamel","status":"publish","type":"product","link":"https:\/\/wristbandfactory.eu\/de\/p\/custom-iron-medals-with-soft-enamel\/","title":{"rendered":"Individuelle Eisenmedaillen mit weichem Emaille"},"content":{"rendered":"<p>Gestalten Sie wundersch\u00f6ne, individuelle Auszeichnungen f\u00fcr Ihre Veranstaltung, ohne Ihr Budget zu sprengen. Unsere individuellen Eisenmedaillen sind die perfekte, kosteng\u00fcnstige L\u00f6sung f\u00fcr Rennen, Turniere und Firmenveranstaltungen mit vielen Teilnehmern. Sie bieten ein hervorragendes Preis-Leistungs-Verh\u00e4ltnis und vermitteln gleichzeitig das Aussehen und die Haptik einer hochwertigen, ma\u00dfgeschneiderten Auszeichnung.<\/p>\n<p><b>Klassisches Finish und Design<\/b> Eisen ist g\u00fcnstiger als Zinklegierungen und erm\u00f6glicht daher einen g\u00fcnstigeren Preis, insbesondere bei Gro\u00dfbestellungen. Diese Medaillen zeichnen sich durch eine traditionelle, weiche Emaille-Oberfl\u00e4che aus, bei der die Emaillefarbe leicht vertieft sitzt und so eine angenehme, strukturierte Haptik erzeugt. Eisen erm\u00f6glicht zwar keine Designs mit Ausschnitten oder dem gleichen Detailreichtum wie Zinklegierungen, ist aber ein langlebiges und zuverl\u00e4ssiges Material f\u00fcr eine Vielzahl von individuellen Formen bis zu 50 mm.<\/p>\n<p><b>Vollst\u00e4ndige Anpassungsoptionen<\/b><\/p>\n<ul>\n<li><b>Medaille:<\/b> Ihr Design kann in jeder beliebigen Form gefertigt werden. W\u00e4hlen Sie aus 8 verschiedenen Beschichtungsfarben und personalisieren Sie jede Medaille mit individuellen Namen und Nummern auf der R\u00fcckseite.<\/li>\n<li><b>Schleife:<\/b> Jede Medaille enth\u00e4lt ein 80 cm langes Polyesterband mit V-Naht. Die B\u00e4nder k\u00f6nnen in bis zu drei Farben Ihrer Wahl hergestellt werden und Sie k\u00f6nnen Ihr Siebdrucklogo auf einer oder beiden Seiten anbringen.<\/li>\n<\/ul>\n<p>&nbsp;<\/p>\n<p><b>Das \u201eGewinnermedaillen\u201c-Paket<\/b> Auch mit kleinem Budget k\u00f6nnen Sie Ihre besten Teilnehmer feiern. Unser einzigartiges \u201eSiegermedaillen\u201c-Paket ist f\u00fcr Eisenmedaillen erh\u00e4ltlich. Sie k\u00f6nnen Ihrer Bestellung ein Set mit Medaillen f\u00fcr den 1., 2. und 3. Platz hinzuf\u00fcgen, komplett mit individuellen Namen oder Nummern.<\/p>\n<p><b>Hauptmerkmale:<\/b><\/p>\n<ul>\n<li><b>Kosteng\u00fcnstiges Eisenmaterial:<\/b> Eine ausgezeichnete Wahl f\u00fcr Veranstaltungen mit gro\u00dfer Teilnehmerzahl oder knappem Budget.<\/li>\n<li><b>Klassisches Soft-Emaille-Finish:<\/b> Verleiht Ihrem Design ein strukturiertes, dreidimensionales Aussehen.<\/li>\n<li><b>Vollst\u00e4ndig Bedruckte Form:<\/b> Ihre Medaille kann in jeder beliebigen Form hergestellt werden, um Ihre Marke oder Veranstaltung zu repr\u00e4sentieren.<\/li>\n<li><b>\u201eGewinnermedaillen\u201c-Paket verf\u00fcgbar:<\/b> F\u00fcgen Sie Ihrer Bestellung ganz unbedruckt Medaillen f\u00fcr den 1., 2. und 3. Platz hinzu.<\/li>\n<li><b>Individuelle Namens- und Nummerngravur:<\/b> Personalisieren Sie jede Medaille f\u00fcr den Empf\u00e4nger.<\/li>\n<li><b>Anpassbare V-gen\u00e4hte B\u00e4nder enthalten:<\/b> W\u00e4hlen Sie Ihre Farben und f\u00fcgen Sie Ihr Logo hinzu.<\/li>\n<li><b>8 verschiedene Beschichtungsfarben:<\/b> W\u00e4hlen Sie das perfekte Finish passend zu Ihrem Design.<\/li>\n<li><b>Ideal f\u00fcr Gro\u00dfbestellungen:<\/b> Eine hochwertige Auszeichnung mit fantastischem Wert.<\/li>\n<\/ul>","protected":false},"excerpt":{"rendered":"<p>Eine preiswerte Wahl f\u00fcr Ihre Veranstaltung. Unsere individuellen Eisenmedaillen haben eine klassische, weiche Emaille-Oberfl\u00e4che und k\u00f6nnen in jeder beliebigen Form hergestellt werden. So erhalten Sie eine hochwertige Auszeichnung zu einem g\u00fcnstigen Preis.<\/p>","protected":false},"featured_media":6462,"comment_status":"closed","ping_status":"closed","template":"","meta":[],"product_brand":[],"product_cat":[68,102],"product_tag":[],"class_list":{"0":"post-5078","1":"product","2":"type-product","3":"status-publish","4":"has-post-thumbnail","6":"product_cat-event-supplies","7":"product_cat-medals","9":"first","10":"instock","11":"shipping-taxable","12":"purchasable","13":"product-type-simple"},"_links":{"self":[{"href":"https:\/\/wristbandfactory.eu\/de\/wp-json\/wp\/v2\/product\/5078","targetHints":{"allow":["GET"]}}],"collection":[{"href":"https:\/\/wristbandfactory.eu\/de\/wp-json\/wp\/v2\/product"}],"about":[{"href":"https:\/\/wristbandfactory.eu\/de\/wp-json\/wp\/v2\/types\/product"}],"replies":[{"embeddable":true,"href":"https:\/\/wristbandfactory.eu\/de\/wp-json\/wp\/v2\/comments?post=5078"}],"wp:featuredmedia":[{"embeddable":true,"href":"https:\/\/wristbandfactory.eu\/de\/wp-json\/wp\/v2\/media\/6462"}],"wp:attachment":[{"href":"https:\/\/wristbandfactory.eu\/de\/wp-json\/wp\/v2\/media?parent=5078"}],"wp:term":[{"taxonomy":"product_brand","embeddable":true,"href":"https:\/\/wristbandfactory.eu\/de\/wp-json\/wp\/v2\/product_brand?post=5078"},{"taxonomy":"product_cat","embeddable":true,"href":"https:\/\/wristbandfactory.eu\/de\/wp-json\/wp\/v2\/product_cat?post=5078"},{"taxonomy":"product_tag","embeddable":true,"href":"https:\/\/wristbandfactory.eu\/de\/wp-json\/wp\/v2\/product_tag?post=5078"}],"curies":[{"name":"wp","href":"https:\/\/api.w.org\/{rel}","templated":true}]}}