{"id":5071,"date":"2025-10-06T21:16:24","date_gmt":"2025-10-06T18:16:24","guid":{"rendered":"https:\/\/wristbandfactory.eu\/?post_type=product&#038;p=5071"},"modified":"2025-12-30T23:16:21","modified_gmt":"2025-12-30T20:16:21","slug":"custom-shape-zinc-alloy-medals","status":"publish","type":"product","link":"https:\/\/wristbandfactory.eu\/de\/p\/custom-shape-zinc-alloy-medals\/","title":{"rendered":"Medaillen aus Zinklegierung in Sonderform"},"content":{"rendered":"<p>W\u00fcrdigen Sie Ihre Leistungen mit einer einzigartigen und hochwertigen Auszeichnung. Unsere individuell geformten Medaillen aus Zinklegierung sind die perfekte Wahl f\u00fcr Sportveranstaltungen, Firmenauszeichnungen und Wettbewerbe. Sie bieten beispiellose Gestaltungsfreiheit und eine hochwertige Verarbeitung, die die Empf\u00e4nger zu sch\u00e4tzen wissen.<\/p>\n<p><b>Hochwertiges Material und Details<\/b> Wir verwenden Zinklegierungen, ein Material, das leichter und haltbarer als Eisen ist. Vor allem erm\u00f6glicht es den Guss mit viel feineren Details und ist daher die beste Wahl f\u00fcr Designs mit komplizierten Details oder Aussparungen (L\u00f6chern) im Medaillendesign. Die Vorderseite jeder Medaille ist mit einem langlebigen Hartemaille-Imitat mit glatter, glasartiger Oberfl\u00e4che versehen.<\/p>\n<p><b>Vollst\u00e4ndige Anpassungsoptionen<\/b><\/p>\n<ul>\n<li><b>Medaille:<\/b> Ihr Design kann in jeder beliebigen Form bis zu 65 mm gefertigt werden. W\u00e4hlen Sie aus 8 verschiedenen Beschichtungsfarben. Optional k\u00f6nnen Sie auf der R\u00fcckseite ein erhabenes oder vertieftes Logodesign sowie individuelle Namen und Nummern eingravieren.<\/li>\n<li><b>Schleife:<\/b> Jede Medaille enth\u00e4lt ein 80 cm langes Polyesterband mit Schlaufenstich. Die B\u00e4nder k\u00f6nnen in bis zu drei Farben Ihrer Wahl hergestellt werden und Sie k\u00f6nnen Ihr Logo ein- oder beidseitig im Siebdruckverfahren anbringen.<\/li>\n<\/ul>\n<p>&nbsp;<\/p>\n<p><b>Das \u201eGewinnermedaillen\u201c-Paket<\/b> Perfekt f\u00fcr Wettbewerbe bieten wir ein einzigartiges \u201eSiegermedaillen\u201c-Paket an. Bei jeder Bestellung k\u00f6nnen Sie drei Medaillen in klassischen Gold-, Silber- und Bronzet\u00f6nen f\u00fcr den 1., 2. und 3. Platz mit individuellen Namen oder Nummern bestellen. Bei einer Bestellung von 100 Medaillen erhalten Sie beispielsweise 97 Medaillen in Ihrem Hauptdesign und drei im Siegermedaillen-Set.<\/p>\n<p><b>Hauptmerkmale:<\/b><\/p>\n<ul>\n<li><b>Vollst\u00e4ndig Bedruckte Form:<\/b> Ihre Medaille kann in jeder beliebigen Form gegossen werden, nicht nur in einem Standardkreis.<\/li>\n<li><b>Hochwertiges Zinklegierungsmaterial:<\/b> Erm\u00f6glicht feine, komplizierte Details und individuelle Ausschnitte.<\/li>\n<li><b>Glatte, harte Emaille-Oberfl\u00e4che:<\/b> Sorgt f\u00fcr eine hochwertige, glas\u00e4hnliche Oberfl\u00e4che.<\/li>\n<li><b>\u201eGewinnermedaillen\u201c-Paket verf\u00fcgbar:<\/b> F\u00fcgen Sie Ihrer Bestellung ganz unbedruckt Medaillen f\u00fcr den 1., 2. und 3. Platz hinzu.<\/li>\n<li><b>Individuelle Namens- und Nummerngravur:<\/b> Personalisieren Sie jede Medaille f\u00fcr den Empf\u00e4nger.<\/li>\n<li><b>Anpassbare B\u00e4nder enthalten:<\/b> W\u00e4hlen Sie Ihre Farben und f\u00fcgen Sie den 80 cm langen B\u00e4ndern Ihr Logo hinzu.<\/li>\n<li><b>8 verschiedene Beschichtungsfarben:<\/b> W\u00e4hlen Sie das perfekte Finish passend zu Ihrem Design.<\/li>\n<li><b>Optionales Logo-Design auf der R\u00fcckseite:<\/b> F\u00fcgen Sie mit einem erhabenen oder vertieften Logo zus\u00e4tzliches Branding hinzu.<\/li>\n<\/ul>","protected":false},"excerpt":{"rendered":"<p>Gestalten Sie beeindruckende, individuell gestaltete Auszeichnungen mit unseren Medaillen aus Zinklegierung. Mit ihrer glatten, harten Emaille-Oberfl\u00e4che und den aufwendigen Details k\u00f6nnen sie in jeder beliebigen Form gefertigt werden, um Ihre Veranstaltung zu repr\u00e4sentieren.<\/p>","protected":false},"featured_media":6483,"comment_status":"closed","ping_status":"closed","template":"","meta":[],"product_brand":[],"product_cat":[68,102],"product_tag":[],"class_list":{"0":"post-5071","1":"product","2":"type-product","3":"status-publish","4":"has-post-thumbnail","6":"product_cat-event-supplies","7":"product_cat-medals","9":"first","10":"instock","11":"shipping-taxable","12":"purchasable","13":"product-type-simple"},"_links":{"self":[{"href":"https:\/\/wristbandfactory.eu\/de\/wp-json\/wp\/v2\/product\/5071","targetHints":{"allow":["GET"]}}],"collection":[{"href":"https:\/\/wristbandfactory.eu\/de\/wp-json\/wp\/v2\/product"}],"about":[{"href":"https:\/\/wristbandfactory.eu\/de\/wp-json\/wp\/v2\/types\/product"}],"replies":[{"embeddable":true,"href":"https:\/\/wristbandfactory.eu\/de\/wp-json\/wp\/v2\/comments?post=5071"}],"wp:featuredmedia":[{"embeddable":true,"href":"https:\/\/wristbandfactory.eu\/de\/wp-json\/wp\/v2\/media\/6483"}],"wp:attachment":[{"href":"https:\/\/wristbandfactory.eu\/de\/wp-json\/wp\/v2\/media?parent=5071"}],"wp:term":[{"taxonomy":"product_brand","embeddable":true,"href":"https:\/\/wristbandfactory.eu\/de\/wp-json\/wp\/v2\/product_brand?post=5071"},{"taxonomy":"product_cat","embeddable":true,"href":"https:\/\/wristbandfactory.eu\/de\/wp-json\/wp\/v2\/product_cat?post=5071"},{"taxonomy":"product_tag","embeddable":true,"href":"https:\/\/wristbandfactory.eu\/de\/wp-json\/wp\/v2\/product_tag?post=5071"}],"curies":[{"name":"wp","href":"https:\/\/api.w.org\/{rel}","templated":true}]}}