{"id":5067,"date":"2025-10-06T16:53:44","date_gmt":"2025-10-06T13:53:44","guid":{"rendered":"https:\/\/wristbandfactory.eu\/?post_type=product&#038;p=5067"},"modified":"2026-01-09T16:58:05","modified_gmt":"2026-01-09T13:58:05","slug":"sound-activated-led-glow-glasses","status":"publish","type":"product","link":"https:\/\/wristbandfactory.eu\/de\/p\/sound-activated-led-glow-glasses\/","title":{"rendered":"Soundaktivierte &amp; LED-Leuchtbrille"},"content":{"rendered":"<p>Werden Sie mit unserer elektrisierenden LED-Leuchtbrille zum Mittelpunkt jeder Party. Perfekt als Werbeartikel, f\u00fcr Werbeveranstaltungen oder unbedruckt nur zum Spa\u00df \u2013 diese Brille hinterl\u00e4sst garantiert einen bleibenden Eindruck. Sie verf\u00fcgt \u00fcber einen hell leuchtenden EL-Drahtrahmen in einem klassischen und bequemen Kunststoff-Wayfarer-Design. Die Gl\u00e4ser sind schlicht und sorgen f\u00fcr klare Sicht, w\u00e4hrend Sie die Nacht erhellen.<\/p>\n<p>F\u00fcr B2B-Kunden sind diese Brillen ein hervorragendes Branding-Tool. Rahmen und EL-Drahtfarbe k\u00f6nnen individuell an die Identit\u00e4t Ihres Unternehmens oder das Veranstaltungsthema angepasst werden. Wir bieten zwei funktionale Versionen f\u00fcr jeden Anlass.<\/p>\n<p><b>W\u00e4hlen Sie Ihre Funktion:<\/b><\/p>\n<ol start=\"1\">\n<li><b>Tastengesteuert:<\/b> Diese Version bietet eine manuelle Steuerung der Lichtmodi, die normalerweise Dauerlicht, langsames Blinken und schnelles Blinken umfassen, sodass der Benutzer seinen bevorzugten Stil ausw\u00e4hlen kann.<\/li>\n<li><b>Tonaktiviert:<\/b> Der ultimative Partymodus. Diese Version verf\u00fcgt \u00fcber einen integrierten Sensor, der die Lichter im Takt der Musik pulsieren und blinken l\u00e4sst und so ein dynamisches und interaktives Erlebnis schafft.<\/li>\n<\/ol>\n<p>Angetrieben von einem diskreten Batteriepack mit zwei AAA-Batterien sind diese Brillen auf Langlebigkeit ausgelegt. Wir stehen f\u00fcr ihre Qualit\u00e4t mit einem <b>2 Jahre Garantie<\/b> und voll <b>CE- und ROHS-Zertifizierung<\/b>, was sie zu einer zuverl\u00e4ssigen Wahl f\u00fcr den europ\u00e4ischen Markt macht.<\/p>\n<p><b>Hauptmerkmale:<\/b><\/p>\n<ul>\n<li><b>Zwei Versionen verf\u00fcgbar:<\/b> W\u00e4hlen Sie zwischen manuell per Knopfdruck gesteuerten oder interaktiven, durch Ton aktivierten Modellen.<\/li>\n<li><b>10 leuchtende Leuchtfarben:<\/b> W\u00e4hlen Sie aus einer gro\u00dfen Farbpalette f\u00fcr das EL-Kabel.<\/li>\n<li><b>Anpassbare Rahmenfarben:<\/b> Passen Sie die Rahmen an Ihre Marke oder Ihr Veranstaltungsthema an.<\/li>\n<li><b>CE- und ROHS-zertifiziert:<\/b> Ein hochwertiges, konformes Produkt f\u00fcr den europ\u00e4ischen Markt.<\/li>\n<li><b>2 Jahre Garantie:<\/b> Wir stehen hinter der Haltbarkeit und Leistung unserer Produkte.<\/li>\n<li><b>Stromversorgung \u00fcber 2xAAA-Batterien:<\/b> Eine g\u00e4ngige und leicht austauschbare Stromquelle.<\/li>\n<li><b>Klassischer Wayfarer-Stil:<\/b> Ein allseits beliebtes und komfortables Design.<\/li>\n<\/ul>","protected":false},"excerpt":{"rendered":"<p>Mit unseren individuellen Leuchtgl\u00e4sern fallen Sie bei jeder Veranstaltung auf. Erh\u00e4ltlich in 10 leuchtenden Farben und zwei Versionen: manuell steuerbar oder ger\u00e4uschaktiviert, um im Takt der Musik zu pulsieren. CE-zertifiziert.<\/p>","protected":false},"featured_media":6638,"comment_status":"closed","ping_status":"closed","template":"","meta":[],"product_brand":[],"product_cat":[68,76,45],"product_tag":[],"class_list":{"0":"post-5067","1":"product","2":"type-product","3":"status-publish","4":"has-post-thumbnail","6":"product_cat-event-supplies","7":"product_cat-glow-led-products","8":"product_cat-other","10":"first","11":"instock","12":"shipping-taxable","13":"purchasable","14":"product-type-simple"},"_links":{"self":[{"href":"https:\/\/wristbandfactory.eu\/de\/wp-json\/wp\/v2\/product\/5067","targetHints":{"allow":["GET"]}}],"collection":[{"href":"https:\/\/wristbandfactory.eu\/de\/wp-json\/wp\/v2\/product"}],"about":[{"href":"https:\/\/wristbandfactory.eu\/de\/wp-json\/wp\/v2\/types\/product"}],"replies":[{"embeddable":true,"href":"https:\/\/wristbandfactory.eu\/de\/wp-json\/wp\/v2\/comments?post=5067"}],"wp:featuredmedia":[{"embeddable":true,"href":"https:\/\/wristbandfactory.eu\/de\/wp-json\/wp\/v2\/media\/6638"}],"wp:attachment":[{"href":"https:\/\/wristbandfactory.eu\/de\/wp-json\/wp\/v2\/media?parent=5067"}],"wp:term":[{"taxonomy":"product_brand","embeddable":true,"href":"https:\/\/wristbandfactory.eu\/de\/wp-json\/wp\/v2\/product_brand?post=5067"},{"taxonomy":"product_cat","embeddable":true,"href":"https:\/\/wristbandfactory.eu\/de\/wp-json\/wp\/v2\/product_cat?post=5067"},{"taxonomy":"product_tag","embeddable":true,"href":"https:\/\/wristbandfactory.eu\/de\/wp-json\/wp\/v2\/product_tag?post=5067"}],"curies":[{"name":"wp","href":"https:\/\/api.w.org\/{rel}","templated":true}]}}