{"id":5063,"date":"2025-10-06T16:48:59","date_gmt":"2025-10-06T13:48:59","guid":{"rendered":"https:\/\/wristbandfactory.eu\/?post_type=product&#038;p=5063"},"modified":"2026-01-05T15:20:24","modified_gmt":"2026-01-05T12:20:24","slug":"remote-controlled-led-glow-wands","status":"publish","type":"product","link":"https:\/\/wristbandfactory.eu\/de\/p\/remote-controlled-led-glow-wands\/","title":{"rendered":"Ferngesteuerte LED-Leuchtst\u00e4be"},"content":{"rendered":"<p>Begeistern Sie die Menge und schaffen Sie eine atemberaubende visuelle Landschaft mit unseren anpassbaren LED-Leuchtst\u00e4ben. Diese 30 cm langen Leuchtst\u00e4be sind ein unverzichtbares Accessoire f\u00fcr Konzerte, Festivals und Sportveranstaltungen und sorgen f\u00fcr eine beeindruckende Publikumsbeteiligung. Mit einem komfortablen, ergonomischen ABS-Griff und einem hellen Stab, der von 4 leistungsstarken LEDs beleuchtet wird, stellen sie eine deutliche Verbesserung gegen\u00fcber herk\u00f6mmlichen Einweg-Schaumstoffst\u00e4ben dar.<\/p>\n<p>Der Griff kann mit der Farbe und dem Logo Ihrer Marke personalisiert werden, wodurch jeder Zauberstab zu einem wirkungsvollen Werbemittel wird. Wir bieten zwei funktionale Versionen an, die perfekt auf die Anforderungen Ihrer Veranstaltung abgestimmt sind.<\/p>\n<p><b>W\u00e4hlen Sie Ihre Version:<\/b><\/p>\n<ol start=\"1\">\n<li><b>Knopfschalter-Version:<\/b> Die klassische Wahl f\u00fcr unbedruckte Bedienung. Benutzer k\u00f6nnen mit einer unbedruckten Taste am Griff zwischen 15 leuchtenden Farben und verschiedenen Modi wechseln.<\/li>\n<li><b>Fernbedienungsversion:<\/b> Verwandeln Sie Ihre Veranstaltung in eine interaktive Lichtshow. Diese Version ist kompatibel mit unserem <b><a class=\"ng-star-inserted\" href=\"https:\/\/wristbandfactory.eu\/de\/p\/remote-dmx-controllers-for-led-wristbands\/\" target=\"_blank\" rel=\"noopener\" data-hveid=\"0\" data-ved=\"0CAAQ_4QMahgKEwih_pyAto-QAxUAAAAAHQAAAAAQ7Rg\">Fernbedienungen und DMX-Controller<\/a><\/b>, sodass Sie jeden Zauberstab im Publikum synchronisieren k\u00f6nnen, um eine wirklich unvergessliche, koordinierte Vorstellung zu erzielen.<\/li>\n<\/ol>\n<p>Und das Beste: Jedem Zauberstab liegen Batterien bei, sodass sie sofort nach dem Auspacken einsatzbereit sind.<\/p>\n<p><b>Hauptmerkmale:<\/b><\/p>\n<ul>\n<li><b>Ergonomischer, wiederverwendbarer Griff:<\/b> Bietet einen bequemen und dauerhaften Griff.<\/li>\n<li><b>Heller 30 cm Leuchtstab:<\/b> Beleuchtet durch 4 interne LEDs f\u00fcr hervorragende Sichtbarkeit.<\/li>\n<li><b>Zwei Versionen verf\u00fcgbar:<\/b> W\u00e4hlen Sie zwischen einem manuellen Tastenschalter oder einem Modell mit vollst\u00e4ndiger Fernbedienung.<\/li>\n<li><b>15 leuchtende Farboptionen:<\/b> Ein breites Farbspektrum, um jedem Event Energie zu verleihen.<\/li>\n<li><b>Batterien im Lieferumfang enthalten:<\/b> Sofort einsatzbereit, problemlos f\u00fcr Veranstalter.<\/li>\n<li><b>Anpassbarer Griff f\u00fcr Branding:<\/b> F\u00fcgen Sie Ihr Logo oder eine Bedruckte Farbe zur Markenwerbung hinzu.<\/li>\n<\/ul>","protected":false},"excerpt":{"rendered":"<p>Bringen Sie mit unseren hochwertigen LED-Leuchtst\u00e4ben Licht in Ihr Konzert oder Ihre Party. Sie verf\u00fcgen \u00fcber einen komfortablen Griff und helle Lichter und sind als manuelles oder ferngesteuertes interaktives Modell erh\u00e4ltlich.<\/p>","protected":false},"featured_media":6596,"comment_status":"closed","ping_status":"closed","template":"","meta":[],"product_brand":[],"product_cat":[68,76,45],"product_tag":[],"class_list":{"0":"post-5063","1":"product","2":"type-product","3":"status-publish","4":"has-post-thumbnail","6":"product_cat-event-supplies","7":"product_cat-glow-led-products","8":"product_cat-other","10":"first","11":"instock","12":"shipping-taxable","13":"product-type-simple"},"_links":{"self":[{"href":"https:\/\/wristbandfactory.eu\/de\/wp-json\/wp\/v2\/product\/5063","targetHints":{"allow":["GET"]}}],"collection":[{"href":"https:\/\/wristbandfactory.eu\/de\/wp-json\/wp\/v2\/product"}],"about":[{"href":"https:\/\/wristbandfactory.eu\/de\/wp-json\/wp\/v2\/types\/product"}],"replies":[{"embeddable":true,"href":"https:\/\/wristbandfactory.eu\/de\/wp-json\/wp\/v2\/comments?post=5063"}],"wp:featuredmedia":[{"embeddable":true,"href":"https:\/\/wristbandfactory.eu\/de\/wp-json\/wp\/v2\/media\/6596"}],"wp:attachment":[{"href":"https:\/\/wristbandfactory.eu\/de\/wp-json\/wp\/v2\/media?parent=5063"}],"wp:term":[{"taxonomy":"product_brand","embeddable":true,"href":"https:\/\/wristbandfactory.eu\/de\/wp-json\/wp\/v2\/product_brand?post=5063"},{"taxonomy":"product_cat","embeddable":true,"href":"https:\/\/wristbandfactory.eu\/de\/wp-json\/wp\/v2\/product_cat?post=5063"},{"taxonomy":"product_tag","embeddable":true,"href":"https:\/\/wristbandfactory.eu\/de\/wp-json\/wp\/v2\/product_tag?post=5063"}],"curies":[{"name":"wp","href":"https:\/\/api.w.org\/{rel}","templated":true}]}}