{"id":5034,"date":"2025-10-06T16:03:54","date_gmt":"2025-10-06T13:03:54","guid":{"rendered":"https:\/\/wristbandfactory.eu\/?post_type=product&#038;p=5034"},"modified":"2025-12-16T16:07:48","modified_gmt":"2025-12-16T13:07:48","slug":"custom-glow-flashing-led-wristbands","status":"publish","type":"product","link":"https:\/\/wristbandfactory.eu\/de\/p\/custom-glow-flashing-led-wristbands\/","title":{"rendered":"Leuchtende &amp; blinkende LED-Armb\u00e4nder"},"content":{"rendered":"<p data-path-to-node=\"9\">Wenn Sie eine unbedruckte, kosteng\u00fcnstige und wirkungsvolle Branding-L\u00f6sung ben\u00f6tigen, sind unsere individuell gestaltbaren, leuchtenden und blinkenden LED-Armb\u00e4nder die perfekte Wahl. Diese Armb\u00e4nder sind f\u00fcr hohe Sichtbarkeit konzipiert und bieten ein starkes, gleichm\u00e4\u00dfiges Licht ohne komplizierte Fernbedienungen.<\/p>\n<p data-path-to-node=\"10\">Dies ist unsere All-in-One-Zentrale f\u00fcr manuelle (nicht ferngesteuerte) LED-B\u00e4nder, ideal f\u00fcr Firmenveranstaltungen, Produkteinf\u00fchrungen, Festivals und Sensibilisierungskampagnen, bei denen ein einheitliches Markenbild von entscheidender Bedeutung ist.<\/p>\n<h2><strong>W\u00e4hlen Sie Ihr manuelles LED-Modell<\/strong><\/h2>\n<p data-path-to-node=\"12\">W\u00e4hlen Sie das Modell, das am besten zum Thema Ihrer Veranstaltung passt:<\/p>\n<h3 data-path-to-node=\"13,0,0\"><strong>Einfarbiges Leuchtmodell<\/strong><\/h3>\n<p><img fetchpriority=\"high\" decoding=\"async\" class=\"alignnone wp-image-5554\" src=\"https:\/\/wristbandfactory.eu\/wp-content\/uploads\/2025\/10\/flashing-led-1.jpeg\" alt=\"\" width=\"300\" height=\"300\" srcset=\"https:\/\/wristbandfactory.eu\/wp-content\/uploads\/2025\/10\/flashing-led-1.jpeg 600w, https:\/\/wristbandfactory.eu\/wp-content\/uploads\/2025\/10\/flashing-led-1-12x12.jpeg 12w, https:\/\/wristbandfactory.eu\/wp-content\/uploads\/2025\/10\/flashing-led-1-300x300.jpeg 300w, https:\/\/wristbandfactory.eu\/wp-content\/uploads\/2025\/10\/flashing-led-1-100x100.jpeg 100w, https:\/\/wristbandfactory.eu\/wp-content\/uploads\/2025\/10\/flashing-led-1-64x64.jpeg 64w\" sizes=\"(max-width: 300px) 100vw, 300px\" \/><\/p>\n<p>Die St\u00e4rke dieses Modells liegt in seiner Unbedrucktheit. Es leuchtet auf in <b>eine bestimmte, leuchtende Farbe<\/b> (rot, blau, gr\u00fcn usw.) passend zu Ihrem Corporate Branding oder Event-Thema. Es besteht aus ultraleichtem (17 g) und strapazierf\u00e4higem TPU-Material und bietet eine sehr lange Haltbarkeit. <b>12 Stunden Akkulaufzeit<\/b>.<\/p>\n<h3 data-path-to-node=\"13,1,0\"><strong>Mehrfarbiges Blinkmodell<\/strong><\/h3>\n<p data-path-to-node=\"13,1,0\"><img decoding=\"async\" class=\"alignnone wp-image-5556\" src=\"https:\/\/wristbandfactory.eu\/wp-content\/uploads\/2025\/10\/flashing-led.jpg\" alt=\"\" width=\"300\" height=\"300\" srcset=\"https:\/\/wristbandfactory.eu\/wp-content\/uploads\/2025\/10\/flashing-led.jpg 1080w, https:\/\/wristbandfactory.eu\/wp-content\/uploads\/2025\/10\/flashing-led-768x768.jpg 768w, https:\/\/wristbandfactory.eu\/wp-content\/uploads\/2025\/10\/flashing-led-12x12.jpg 12w, https:\/\/wristbandfactory.eu\/wp-content\/uploads\/2025\/10\/flashing-led-300x300.jpg 300w, https:\/\/wristbandfactory.eu\/wp-content\/uploads\/2025\/10\/flashing-led-600x600.jpg 600w, https:\/\/wristbandfactory.eu\/wp-content\/uploads\/2025\/10\/flashing-led-100x100.jpg 100w, https:\/\/wristbandfactory.eu\/wp-content\/uploads\/2025\/10\/flashing-led-64x64.jpg 64w\" sizes=\"(max-width: 300px) 100vw, 300px\" \/><\/p>\n<p data-path-to-node=\"13,1,0\">Dieses Modell ist ein echter Hingucker. Es verf\u00fcgt \u00fcber ein farbiges Armband (in Fuchsia, Gr\u00fcn, Blau usw.) und eine helle LED, die das gesamte Armband beleuchtet. Ein diskreter Ein-\/Ausschalter erm\u00f6glicht die Steuerung des Blinkens und macht es so zum perfekten interaktiven Accessoire f\u00fcr Partys und Konzerte.<\/p>\n<p data-path-to-node=\"14\">Beide Modelle werden mit den mitgelieferten Batterien betrieben und sind sofort einsatzbereit. Wir bieten einfarbigen Tampondruck auf einer separaten Druckfl\u00e4che f\u00fcr Ihr individuelles Logo oder Ihre Veranstaltungsbotschaft an.<\/p>\n<h2 data-path-to-node=\"15\"><b>Hauptmerkmale:<\/b><\/h2>\n<ul data-path-to-node=\"16\">\n<li>\n<p data-path-to-node=\"16,0,0\"><b>Zwei Modelloptionen:<\/b> W\u00e4hlen Sie aus einer <b>Einfarbiges Leuchten<\/b> oder ein <b>Mehrfarbiges Blinken<\/b> Modell.<\/p>\n<\/li>\n<li>\n<p data-path-to-node=\"16,1,0\"><b>Unbedruckte manuelle Steuerung:<\/b> Beide Modelle verf\u00fcgen \u00fcber einen unbedruckten Ein-\/Ausschalter.<\/p>\n<\/li>\n<li>\n<p data-path-to-node=\"16,2,0\"><b>Ultraleichter Komfort:<\/b> Das einfarbige Modell wiegt nur 17 g und garantiert so h\u00f6chsten Tragekomfort.<\/p>\n<\/li>\n<li>\n<p data-path-to-node=\"16,3,0\"><b>Lange Akkulaufzeit:<\/b> Zuverl\u00e4ssige Leistung, das einfarbige Modell h\u00e4lt bis zu 12 Stunden durch.<\/p>\n<\/li>\n<li>\n<p data-path-to-node=\"16,4,0\"><b>Individuelles Branding:<\/b> Beide Modelle verf\u00fcgen \u00fcber einen separaten Druckbereich f\u00fcr ein einfarbiges (schwarzes oder wei\u00dfes) Logo.<\/p>\n<\/li>\n<li>\n<p data-path-to-node=\"16,5,0\"><b>Gebrauchsfertig:<\/b> Betrieb mit den mitgelieferten Knopfzellenbatterien.<\/p>\n<\/li>\n<li>\n<p data-path-to-node=\"16,6,0\"><b>Ideal f\u00fcr:<\/b> Gro\u00dfbestellungen f\u00fcr Werbeaktionen, Partys und Markenbekanntheitskampagnen.<\/p>\n<\/li>\n<\/ul>\n<p data-path-to-node=\"17\">","protected":false},"excerpt":{"rendered":"<p>Bringen Sie Ihre Marke mit unseren individuell gef\u00e4rbten LED-Leuchtarmb\u00e4ndern zum Leuchten. Diese ultraleichten TPU-B\u00e4nder sind in leuchtenden Einzelfarben erh\u00e4ltlich und passen perfekt zum Thema Ihrer Veranstaltung.<\/p>","protected":false},"featured_media":5035,"comment_status":"closed","ping_status":"closed","template":"","meta":[],"product_brand":[],"product_cat":[80],"product_tag":[],"class_list":{"0":"post-5034","1":"product","2":"type-product","3":"status-publish","4":"has-post-thumbnail","6":"product_cat-led-wristbands","8":"first","9":"instock","10":"shipping-taxable","11":"purchasable","12":"product-type-simple"},"_links":{"self":[{"href":"https:\/\/wristbandfactory.eu\/de\/wp-json\/wp\/v2\/product\/5034","targetHints":{"allow":["GET"]}}],"collection":[{"href":"https:\/\/wristbandfactory.eu\/de\/wp-json\/wp\/v2\/product"}],"about":[{"href":"https:\/\/wristbandfactory.eu\/de\/wp-json\/wp\/v2\/types\/product"}],"replies":[{"embeddable":true,"href":"https:\/\/wristbandfactory.eu\/de\/wp-json\/wp\/v2\/comments?post=5034"}],"wp:featuredmedia":[{"embeddable":true,"href":"https:\/\/wristbandfactory.eu\/de\/wp-json\/wp\/v2\/media\/5035"}],"wp:attachment":[{"href":"https:\/\/wristbandfactory.eu\/de\/wp-json\/wp\/v2\/media?parent=5034"}],"wp:term":[{"taxonomy":"product_brand","embeddable":true,"href":"https:\/\/wristbandfactory.eu\/de\/wp-json\/wp\/v2\/product_brand?post=5034"},{"taxonomy":"product_cat","embeddable":true,"href":"https:\/\/wristbandfactory.eu\/de\/wp-json\/wp\/v2\/product_cat?post=5034"},{"taxonomy":"product_tag","embeddable":true,"href":"https:\/\/wristbandfactory.eu\/de\/wp-json\/wp\/v2\/product_tag?post=5034"}],"curies":[{"name":"wp","href":"https:\/\/api.w.org\/{rel}","templated":true}]}}