{"id":5012,"date":"2025-10-06T15:39:59","date_gmt":"2025-10-06T12:39:59","guid":{"rendered":"https:\/\/wristbandfactory.eu\/?post_type=product&#038;p=5012"},"modified":"2026-01-02T22:58:13","modified_gmt":"2026-01-02T19:58:13","slug":"remote-controlled-fabric-led-wristbands","status":"publish","type":"product","link":"https:\/\/wristbandfactory.eu\/de\/p\/remote-controlled-fabric-led-wristbands\/","title":{"rendered":"Ferngesteuerte LED-Armb\u00e4nder aus Stoff"},"content":{"rendered":"<p data-path-to-node=\"11\">Werten Sie Ihre Veranstaltung mit unseren hochwertigen, ferngesteuerten LED-Armb\u00e4ndern aus Stoff auf. Die perfekte L\u00f6sung f\u00fcr B2B-Kunden und exklusive Events, die den Komfort und die hochwertige Haptik eines Textilarmbands mit der beeindruckenden visuellen Wirkung einer synchronisierten Lichtshow verbinden m\u00f6chten. Alle Modelle sind mit einer zentralen Fernbedienung und einem DMX-Controller (separat erh\u00e4ltlich) kompatibel, sodass eine einzelne Person alle Armb\u00e4nder im Veranstaltungsort gleichzeitig steuern kann.<\/p>\n<p data-path-to-node=\"12\">Dies ist Ihre zentrale Steuereinheit f\u00fcr alle unsere stoffbasierten, ferngesteuerten Modelle. Alle Modelle sind mit einer zentralen Steuereinheit kompatibel. <strong><a href=\"https:\/\/wristbandfactory.eu\/de\/p\/remote-dmx-controllers-for-led-wristbands\/\">Fernbedienung &amp; DMX-Controller<\/a><\/strong> das separat in unserem Sortiment verkauft wird <strong><a href=\"https:\/\/wristbandfactory.eu\/de\/c\/event-supplies\/\">Veranstaltungsbedarf<\/a><\/strong> Kategorie. Mit diesem Controller kann ein einzelner Bediener die LED-Farben und Blinkmuster aller Armb\u00e4nder im Veranstaltungsort gleichzeitig \u00e4ndern.<\/p>\n<h2>W\u00e4hlen Sie Ihr Stoffmodell<\/h2>\n<p data-path-to-node=\"14\">W\u00e4hlen Sie das Stoffmodell, das den \u00e4sthetischen und technischen Anforderungen Ihrer Veranstaltung entspricht:<\/p>\n<h2 data-path-to-node=\"11\">Das Stoffarmband \u201cStandard\u201d (vollfl\u00e4chig bedruckt)<\/h2>\n<h2 data-path-to-node=\"11\"><img fetchpriority=\"high\" decoding=\"async\" class=\"alignnone wp-image-5551\" src=\"https:\/\/wristbandfactory.eu\/wp-content\/uploads\/2025\/10\/standard-fabric.jpg\" alt=\"\" width=\"300\" height=\"300\" srcset=\"https:\/\/wristbandfactory.eu\/wp-content\/uploads\/2025\/10\/standard-fabric.jpg 1024w, https:\/\/wristbandfactory.eu\/wp-content\/uploads\/2025\/10\/standard-fabric-768x768.jpg 768w, https:\/\/wristbandfactory.eu\/wp-content\/uploads\/2025\/10\/standard-fabric-12x12.jpg 12w, https:\/\/wristbandfactory.eu\/wp-content\/uploads\/2025\/10\/standard-fabric-300x300.jpg 300w, https:\/\/wristbandfactory.eu\/wp-content\/uploads\/2025\/10\/standard-fabric-600x600.jpg 600w, https:\/\/wristbandfactory.eu\/wp-content\/uploads\/2025\/10\/standard-fabric-100x100.jpg 100w, https:\/\/wristbandfactory.eu\/wp-content\/uploads\/2025\/10\/standard-fabric-64x64.jpg 64w\" sizes=\"(max-width: 300px) 100vw, 300px\" \/><\/h2>\n<p data-path-to-node=\"12\">Dieses Modell verf\u00fcgt \u00fcber ein strapazierf\u00e4higes, weiches Nylonarmband mit einem hellen, fernsteuerbaren LED-Modul. Das Armband selbst l\u00e4sst sich mit einem brillanten, farbintensiven Sublimationsdruck individuell gestalten und eignet sich daher ideal f\u00fcr detaillierte Logos oder aufwendiges Event-Branding.<\/p>\n<ul data-path-to-node=\"13\">\n<li>\n<p data-path-to-node=\"13,0,0\"><b data-path-to-node=\"13,0,0\" data-index-in-node=\"0\">Am besten geeignet f\u00fcr:<\/b> Firmenveranstaltungen, Sponsoring und Familienfeste.<\/p>\n<\/li>\n<li>\n<p data-path-to-node=\"13,1,0\"><b data-path-to-node=\"13,1,0\" data-index-in-node=\"0\">Akkulaufzeit:<\/b> 12 Stunden Laufzeit mit 2 austauschbaren CR2032-Batterien.<\/p>\n<\/li>\n<\/ul>\n<h2 data-path-to-node=\"14\">Das \u201c360\u00b0 leuchtende\u201d Stoffarmband<\/h2>\n<p><img decoding=\"async\" class=\"alignnone wp-image-5044\" src=\"https:\/\/wristbandfactory.eu\/wp-content\/uploads\/2025\/10\/360\u00b0-Luminous-Remote-LED-Wristbands_main-e1763322702945.jpg\" alt=\"\" width=\"300\" height=\"131\" srcset=\"https:\/\/wristbandfactory.eu\/wp-content\/uploads\/2025\/10\/360\u00b0-Luminous-Remote-LED-Wristbands_main-e1763322702945.jpg 1080w, https:\/\/wristbandfactory.eu\/wp-content\/uploads\/2025\/10\/360\u00b0-Luminous-Remote-LED-Wristbands_main-e1763322702945-768x336.jpg 768w, https:\/\/wristbandfactory.eu\/wp-content\/uploads\/2025\/10\/360\u00b0-Luminous-Remote-LED-Wristbands_main-e1763322702945-18x8.jpg 18w, https:\/\/wristbandfactory.eu\/wp-content\/uploads\/2025\/10\/360\u00b0-Luminous-Remote-LED-Wristbands_main-e1763322702945-600x263.jpg 600w, https:\/\/wristbandfactory.eu\/wp-content\/uploads\/2025\/10\/360\u00b0-Luminous-Remote-LED-Wristbands_main-e1763322702945-64x28.jpg 64w\" sizes=\"(max-width: 300px) 100vw, 300px\" \/><\/p>\n<p data-path-to-node=\"19\">Dieses innovative Modell verf\u00fcgt \u00fcber integrierte LEDs entlang der <b>die gesamte L\u00e4nge des bequemen Nylonbandes<\/b>, Sie sorgt f\u00fcr eine vollst\u00e4ndige Rundumbeleuchtung. Dieses einzigartige Design garantiert aus jedem Blickwinkel eine atemberaubende Optik.<\/p>\n<ul data-path-to-node=\"20\">\n<li>\n<p data-path-to-node=\"20,0,0\"><b>Am besten geeignet f\u00fcr:<\/b> Veranstaltungen, die ein absolut maximales visuelles Spektakel erfordern.<\/p>\n<\/li>\n<li>\n<p data-path-to-node=\"20,1,0\"><b>Batterie:<\/b> 8 Stunden (2x CR2032)<\/p>\n<\/li>\n<\/ul>\n<h2 data-path-to-node=\"17\">Das \u201cHybrid\u201d-Stoff- und Silikonband<\/h2>\n<p><img decoding=\"async\" class=\"alignnone wp-image-5552\" src=\"https:\/\/wristbandfactory.eu\/wp-content\/uploads\/2025\/10\/hybrid-led.jpg\" alt=\"\" width=\"300\" height=\"300\" srcset=\"https:\/\/wristbandfactory.eu\/wp-content\/uploads\/2025\/10\/hybrid-led.jpg 2048w, https:\/\/wristbandfactory.eu\/wp-content\/uploads\/2025\/10\/hybrid-led-768x768.jpg 768w, https:\/\/wristbandfactory.eu\/wp-content\/uploads\/2025\/10\/hybrid-led-1536x1536.jpg 1536w, https:\/\/wristbandfactory.eu\/wp-content\/uploads\/2025\/10\/hybrid-led-12x12.jpg 12w, https:\/\/wristbandfactory.eu\/wp-content\/uploads\/2025\/10\/hybrid-led-300x300.jpg 300w, https:\/\/wristbandfactory.eu\/wp-content\/uploads\/2025\/10\/hybrid-led-600x600.jpg 600w, https:\/\/wristbandfactory.eu\/wp-content\/uploads\/2025\/10\/hybrid-led-100x100.jpg 100w, https:\/\/wristbandfactory.eu\/wp-content\/uploads\/2025\/10\/hybrid-led-64x64.jpg 64w\" sizes=\"(max-width: 300px) 100vw, 300px\" \/><\/p>\n<p data-path-to-node=\"22\">Dieses Modell kombiniert ein weiches Textilarmband mit einem komfortablen, glatten LED-Modul aus Silikon\/ABS und bietet so eine einzigartige Mischung aus Komfort und Langlebigkeit f\u00fcr den mehrt\u00e4gigen Einsatz.<\/p>\n<ul data-path-to-node=\"23\">\n<li>\n<p data-path-to-node=\"23,0,0\"><b>Am besten geeignet f\u00fcr:<\/b> Mehrt\u00e4gige Festivals, bei denen sowohl Komfort als auch eine robuste Konstruktion erforderlich sind.<\/p>\n<\/li>\n<li>\n<p data-path-to-node=\"23,1,0\"><b>Batterie:<\/b> 12 Stunden (2x CR2032)<\/p>\n<\/li>\n<\/ul>\n<h2 data-path-to-node=\"20\">Hauptmerkmale und Technologie<\/h2>\n<ul data-path-to-node=\"21\">\n<li>\n<p data-path-to-node=\"21,0,0\"><b data-path-to-node=\"21,0,0\" data-index-in-node=\"0\">Zentrale RF\/DMX-Steuerung:<\/b> Alle Stoffmodelle werden mit einem zentralen Controller synchronisiert, um Farb- und Muster\u00e4nderungen in Echtzeit zu erm\u00f6glichen.<\/p>\n<\/li>\n<li>\n<p data-path-to-node=\"21,1,0\"><b data-path-to-node=\"21,1,0\" data-index-in-node=\"0\">Einstellbare Passform:<\/b> Erh\u00e4ltlich mit verschiedenen Verschlussmechanismen (Perlen oder Schlaufen), um allen G\u00e4sten einen sicheren Sitz zu gew\u00e4hrleisten.<\/p>\n<\/li>\n<li>\n<p data-path-to-node=\"21,2,0\"><b data-path-to-node=\"21,2,0\" data-index-in-node=\"0\">Individuelles Branding:<\/b> Gro\u00dfe, gut sichtbare Fl\u00e4che auf dem Stoffarmband f\u00fcr hochwertigen 1- oder mehrfarbigen Druck.<\/p>\n<\/li>\n<li>\n<p data-path-to-node=\"21,3,0\"><b data-path-to-node=\"21,3,0\" data-index-in-node=\"0\">Langstrecken:<\/b> Zuverl\u00e4ssiger Signalempfang bis zu 300-500 Meter f\u00fcr gro\u00dfe Veranstaltungsorte.<\/p>\n<\/li>\n<\/ul>\n<h2 data-path-to-node=\"22\">Technische Daten<\/h2>\n<ul data-path-to-node=\"23\">\n<li>\n<p data-path-to-node=\"23,0,0\"><b data-path-to-node=\"23,0,0\" data-index-in-node=\"0\">Armbandmaterial:<\/b> Weiches Polyester oder Nylon (15x350mm).<\/p>\n<\/li>\n<li>\n<p data-path-to-node=\"23,1,0\"><b data-path-to-node=\"23,1,0\" data-index-in-node=\"0\">Gewicht:<\/b> Ungef\u00e4hr 24 g.<\/p>\n<\/li>\n<li>\n<p data-path-to-node=\"23,2,0\"><b data-path-to-node=\"23,2,0\" data-index-in-node=\"0\">Frequenz:<\/b> 433 MHz (RF) \/ DMX512.<\/p>\n<\/li>\n<li>\n<p data-path-to-node=\"23,3,0\"><b data-path-to-node=\"23,3,0\" data-index-in-node=\"0\">Batterie:<\/b> 2x CR2032 (austauschbar).<\/p>\n<\/li>\n<li>\n<p data-path-to-node=\"23,4,0\"><b data-path-to-node=\"23,4,0\" data-index-in-node=\"0\">Mindestbestellwert:<\/b> 100 Einheiten.<\/p>\n<\/li>\n<\/ul>\n<h3><strong><a href=\"https:\/\/wristbandfactory.eu\/de\/p\/remote-dmx-controllers-for-led-wristbands\/\">Fernbedienung &amp; DMX-Controller<\/a><\/strong><\/h3>\n<p><img loading=\"lazy\" decoding=\"async\" class=\"\" src=\"https:\/\/wristbandfactory.eu\/wp-content\/uploads\/2025\/10\/controller-2-scaled.jpeg\" width=\"365\" height=\"365\" \/><\/p>","protected":false},"excerpt":{"rendered":"<ul>\n<li>\n<p data-path-to-node=\"9,0,0\"><b data-path-to-node=\"9,0,0\" data-index-in-node=\"0\">Premium-Event-Erlebnis:<\/b> Vereint das weiche Tragegef\u00fchl von Textilb\u00e4ndern mit fortschrittlicher synchronisierter Lichttechnik.<\/p>\n<\/li>\n<li>\n<p data-path-to-node=\"9,1,0\"><b data-path-to-node=\"9,1,0\" data-index-in-node=\"0\">Vollfarbsublimation:<\/b> Hochgradig individualisierbare Stoffarmb\u00e4nder f\u00fcr detaillierte Logos und lebendige Markenbilder.<\/p>\n<\/li>\n<li>\n<p data-path-to-node=\"9,2,0\"><b data-path-to-node=\"9,2,0\" data-index-in-node=\"0\">Stadionweite Steuerung:<\/b> Zuverl\u00e4ssige RF- und DMX-Synchronisierung \u00fcber Tausende von Ger\u00e4ten gleichzeitig.<\/p>\n<\/li>\n<li>\n<p data-path-to-node=\"9,3,0\"><b data-path-to-node=\"9,3,0\" data-index-in-node=\"0\">Langanhaltender Komfort:<\/b> Leichtes 24g-Design, entwickelt f\u00fcr mehrt\u00e4gige Festivals und Firmenveranstaltungen.<\/p>\n<\/li>\n<\/ul>","protected":false},"featured_media":5983,"comment_status":"closed","ping_status":"closed","template":"","meta":[],"product_brand":[],"product_cat":[80],"product_tag":[],"class_list":{"0":"post-5012","1":"product","2":"type-product","3":"status-publish","4":"has-post-thumbnail","6":"product_cat-led-wristbands","8":"first","9":"instock","10":"shipping-taxable","11":"purchasable","12":"product-type-simple"},"_links":{"self":[{"href":"https:\/\/wristbandfactory.eu\/de\/wp-json\/wp\/v2\/product\/5012","targetHints":{"allow":["GET"]}}],"collection":[{"href":"https:\/\/wristbandfactory.eu\/de\/wp-json\/wp\/v2\/product"}],"about":[{"href":"https:\/\/wristbandfactory.eu\/de\/wp-json\/wp\/v2\/types\/product"}],"replies":[{"embeddable":true,"href":"https:\/\/wristbandfactory.eu\/de\/wp-json\/wp\/v2\/comments?post=5012"}],"wp:featuredmedia":[{"embeddable":true,"href":"https:\/\/wristbandfactory.eu\/de\/wp-json\/wp\/v2\/media\/5983"}],"wp:attachment":[{"href":"https:\/\/wristbandfactory.eu\/de\/wp-json\/wp\/v2\/media?parent=5012"}],"wp:term":[{"taxonomy":"product_brand","embeddable":true,"href":"https:\/\/wristbandfactory.eu\/de\/wp-json\/wp\/v2\/product_brand?post=5012"},{"taxonomy":"product_cat","embeddable":true,"href":"https:\/\/wristbandfactory.eu\/de\/wp-json\/wp\/v2\/product_cat?post=5012"},{"taxonomy":"product_tag","embeddable":true,"href":"https:\/\/wristbandfactory.eu\/de\/wp-json\/wp\/v2\/product_tag?post=5012"}],"curies":[{"name":"wp","href":"https:\/\/api.w.org\/{rel}","templated":true}]}}