{"id":4988,"date":"2025-10-06T14:34:19","date_gmt":"2025-10-06T11:34:19","guid":{"rendered":"https:\/\/wristbandfactory.eu\/?post_type=product&#038;p=4988"},"modified":"2025-10-06T14:34:19","modified_gmt":"2025-10-06T11:34:19","slug":"rechargeable-waterproof-led-sports-belt-for-runners","status":"publish","type":"product","link":"https:\/\/wristbandfactory.eu\/de\/p\/rechargeable-waterproof-led-sports-belt-for-runners\/","title":{"rendered":"Wiederaufladbarer und wasserdichter LED-Sportg\u00fcrtel f\u00fcr L\u00e4ufer"},"content":{"rendered":"<p>Bleiben Sie sichtbar und sicher mit dem ultimativen, gut sichtbaren LED-Sportg\u00fcrtel von Wristbandfactory. Dieser G\u00fcrtel wurde f\u00fcr Sportler, Kinder und alle entwickelt, die bei schlechten Lichtverh\u00e4ltnissen aktiv sind, und ist ein unverzichtbares Sicherheitszubeh\u00f6r. <span class=\"citation-148 citation-end-148\">Es besteht aus einer bequemen und wasserdichten Mischung aus Lycra und TPU und bleibt somit bei allen Wetterbedingungen funktionsf\u00e4hig.<\/span>.<\/p>\n<p><span class=\"citation-147 citation-end-147\">Der G\u00fcrtel ist mit nur 60 g leicht und l\u00e4sst sich problemlos von mindestens 30 cm auf maximal 60 cm einstellen. Er bietet einen bequemen und sicheren Sitz f\u00fcr eine Vielzahl von Benutzern.<\/span>. <span class=\"citation-146 citation-end-146\">Dieser Sportg\u00fcrtel wird von einer praktischen wiederaufladbaren Lithiumbatterie angetrieben und bietet eine gemessene Betriebszeit von 10 Stunden mit einer einzigen Ladung<\/span>. <span class=\"citation-145 citation-end-145\">W\u00e4hlen Sie aus vier verschiedenen Beleuchtungsfunktionen \u2013 lange hell, schnell blinkend, langsam blinkend oder aus \u2013 um Ihre Sichtbarkeit f\u00fcr Autofahrer und andere zu maximieren<\/span>. <span class=\"citation-144 citation-end-144\">Wir bieten dieses Produkt in einer Standard-OPP-Verpackung an. F\u00fcr B2B-Gro\u00dfhandelsbestellungen in ganz Europa sind jedoch auch kundenspezifische Verpackungsl\u00f6sungen verf\u00fcgbar.<\/span>.<\/p>\n<p><b>Hauptmerkmale:<\/b><\/p>\n<ul>\n<li><span class=\"citation-143 citation-end-143\">Gut sichtbare LED-Leuchten mit 4 Modi (langes Leuchten, schnelles\/langsames Blinken, Aus)<\/span>.<\/li>\n<li><span class=\"citation-142 citation-end-142\">Vollst\u00e4ndig wiederaufladbarer Lithium-Akku mit 10 Stunden Betriebszeit<\/span>.<\/li>\n<li><span class=\"citation-141 citation-end-141\">Hergestellt aus bequemen, wasserdichten Lycra- und TPU-Materialien<\/span>.<\/li>\n<li><span class=\"citation-140 citation-end-140\">Verstellbare Gr\u00f6\u00dfe von 30 cm bis 60 cm f\u00fcr eine perfekte Passform<\/span>.<\/li>\n<li><span class=\"citation-139 citation-end-139\">Leichtes Design mit nur 60 g<\/span>.<\/li>\n<\/ul>","protected":false},"excerpt":{"rendered":"<p>Erh\u00f6hen Sie Ihre Sicherheit bei n\u00e4chtlichen Aktivit\u00e4ten mit unserem wiederaufladbaren LED-Sportg\u00fcrtel aus wasserdichtem Lycra f\u00fcr ultimativen Komfort und Langlebigkeit. Mit vier verschiedenen Leuchtmodi sorgt dieser verstellbare G\u00fcrtel daf\u00fcr, dass Sie beim Laufen, Radfahren oder Gehen f\u00fcr den Verkehr sichtbar bleiben.<\/p>","protected":false},"featured_media":4989,"comment_status":"closed","ping_status":"closed","template":"","meta":[],"product_brand":[],"product_cat":[68,118,45],"product_tag":[],"class_list":{"0":"post-4988","1":"product","2":"type-product","3":"status-publish","4":"has-post-thumbnail","6":"product_cat-event-supplies","7":"product_cat-sports-fitness","8":"product_cat-other","10":"first","11":"instock","12":"shipping-taxable","13":"purchasable","14":"product-type-simple"},"_links":{"self":[{"href":"https:\/\/wristbandfactory.eu\/de\/wp-json\/wp\/v2\/product\/4988","targetHints":{"allow":["GET"]}}],"collection":[{"href":"https:\/\/wristbandfactory.eu\/de\/wp-json\/wp\/v2\/product"}],"about":[{"href":"https:\/\/wristbandfactory.eu\/de\/wp-json\/wp\/v2\/types\/product"}],"replies":[{"embeddable":true,"href":"https:\/\/wristbandfactory.eu\/de\/wp-json\/wp\/v2\/comments?post=4988"}],"wp:featuredmedia":[{"embeddable":true,"href":"https:\/\/wristbandfactory.eu\/de\/wp-json\/wp\/v2\/media\/4989"}],"wp:attachment":[{"href":"https:\/\/wristbandfactory.eu\/de\/wp-json\/wp\/v2\/media?parent=4988"}],"wp:term":[{"taxonomy":"product_brand","embeddable":true,"href":"https:\/\/wristbandfactory.eu\/de\/wp-json\/wp\/v2\/product_brand?post=4988"},{"taxonomy":"product_cat","embeddable":true,"href":"https:\/\/wristbandfactory.eu\/de\/wp-json\/wp\/v2\/product_cat?post=4988"},{"taxonomy":"product_tag","embeddable":true,"href":"https:\/\/wristbandfactory.eu\/de\/wp-json\/wp\/v2\/product_tag?post=4988"}],"curies":[{"name":"wp","href":"https:\/\/api.w.org\/{rel}","templated":true}]}}