{"id":4966,"date":"2025-10-06T14:11:43","date_gmt":"2025-10-06T11:11:43","guid":{"rendered":"https:\/\/wristbandfactory.eu\/?post_type=product&#038;p=4966"},"modified":"2026-01-13T11:32:46","modified_gmt":"2026-01-13T08:32:46","slug":"custom-rfid-fabric-wristbands","status":"publish","type":"product","link":"https:\/\/wristbandfactory.eu\/de\/p\/custom-rfid-fabric-wristbands\/","title":{"rendered":"Gewebte RFID-Armb\u00e4nder"},"content":{"rendered":"<p data-path-to-node=\"10\">Optimieren Sie Ihre Veranstaltungsabl\u00e4ufe mit unserem <b data-path-to-node=\"10\" data-index-in-node=\"67\">Gewebte RFID-Armb\u00e4nder<\/b>, der Branchenstandard f\u00fcr bargeldlose Festivals und Hochsicherheitsbereiche. Das klassische Design kombiniert ein weiches Armband aus gewebtem oder satiniertem Polyester mit einer robusten <b data-path-to-node=\"10\" data-index-in-node=\"250\">PVC Smart Slider<\/b> das den RFID-Chip vor Wasser und St\u00f6\u00dfen sch\u00fctzt.<\/p>\n<p data-path-to-node=\"11\"><b data-path-to-node=\"11\" data-index-in-node=\"0\">Ben\u00f6tigen Sie ein Premium-Upgrade?<\/b> Der PVC-Gleiter ist zwar unsere beliebteste und kosteng\u00fcnstigste Option, wir bieten aber auch Folgendes an: <b data-path-to-node=\"11\" data-index-in-node=\"106\">Eingebettete RFID-Technologie<\/b>. Bei dieser Premium-Version ist der Chip hermetisch direkt in die Textilschichten eingebettet, wodurch ein absolut glattes, rutschfestes Armband entsteht, das sich wie ein normales Stoffarmband anf\u00fchlt. <i data-path-to-node=\"11\" data-index-in-node=\"316\">Kontaktieren Sie unser Team, um das Embedded \/ Chip-in-Band-Modell anzufordern.<\/i><\/p>\n<p data-path-to-node=\"12\">Beide Versionen bieten <b data-path-to-node=\"12\" data-index-in-node=\"20\">zwei unterschiedliche Branding-Oberfl\u00e4chen<\/b>: hochaufl\u00f6sender Sublimationsdruck auf dem Armband selbst und (beim Schiebermodell) individueller Druck oder Lasergravur auf dem PVC-Etikett.<\/p>\n<h2 data-path-to-node=\"13\">Hauptmerkmale<\/h2>\n<ul data-path-to-node=\"14\">\n<li>\n<p data-path-to-node=\"14,0,0\"><b data-path-to-node=\"14,0,0\" data-index-in-node=\"0\">Vielseitige Optionen:<\/b> W\u00e4hlen Sie zwischen dem Standard <b data-path-to-node=\"14,0,0\" data-index-in-node=\"47\">Schieber aus Hart-PVC<\/b> (f\u00fcr maximale Haltbarkeit) oder die <b data-path-to-node=\"14,0,0\" data-index-in-node=\"95\">Eingebettetes intelligentes Gewebe<\/b> (f\u00fcr maximalen Komfort).<\/p>\n<\/li>\n<li>\n<p data-path-to-node=\"14,1,0\"><b data-path-to-node=\"14,1,0\" data-index-in-node=\"0\">Zuverl\u00e4ssiges Scannen:<\/b> Hochwertige Antennen gew\u00e4hrleisten schnelles Auslesen an Toren und Schranken, unabh\u00e4ngig vom Modell.<\/p>\n<\/li>\n<li>\n<p data-path-to-node=\"14,2,0\"><b data-path-to-node=\"14,2,0\" data-index-in-node=\"0\">Chipflexibilit\u00e4t:<\/b> Kompatibel mit Mifare 1K-, NTAG213-, I-CODE SLIX- und UHF-Chips, passend zu Ihrem System.<\/p>\n<\/li>\n<li>\n<p data-path-to-node=\"14,3,0\"><b data-path-to-node=\"14,3,0\" data-index-in-node=\"0\">Manipulationssichere Schl\u00f6sser:<\/b> Sichere Einweg-Schiebeschl\u00f6sser gew\u00e4hrleisten, dass das Armband nicht zwischen G\u00e4sten weitergegeben werden kann.<\/p>\n<\/li>\n<\/ul>\n<h2 data-path-to-node=\"15\">Technische Daten<\/h2>\n<ul data-path-to-node=\"16\">\n<li>\n<p data-path-to-node=\"16,0,0\"><b data-path-to-node=\"16,0,0\" data-index-in-node=\"0\">Armbandmaterial:<\/b> Polyester (Sublimations- oder Gewebe)<\/p>\n<\/li>\n<li>\n<p data-path-to-node=\"16,1,0\"><b data-path-to-node=\"16,1,0\" data-index-in-node=\"0\">Standardmodell:<\/b> PVC-Schiebeetikett (35x25mm)<\/p>\n<\/li>\n<li>\n<p data-path-to-node=\"16,2,0\"><b data-path-to-node=\"16,2,0\" data-index-in-node=\"0\">Premium-Modell:<\/b> Eingebetteter Chip (unsichtbar)<\/p>\n<\/li>\n<li>\n<p data-path-to-node=\"16,3,0\"><b data-path-to-node=\"16,3,0\" data-index-in-node=\"0\">Chipfrequenz:<\/b> 13,56 MHz (HF) \/ 860-960 MHz (UHF)<\/p>\n<\/li>\n<li>\n<p data-path-to-node=\"16,4,0\"><b data-path-to-node=\"16,4,0\" data-index-in-node=\"0\">Drucken:<\/b> Vollfarb-CMYK<\/p>\n<\/li>\n<li>\n<p data-path-to-node=\"16,5,0\"><b data-path-to-node=\"16,5,0\" data-index-in-node=\"0\">Wasserdicht:<\/b> Ja (IP68)<\/p>\n<\/li>\n<\/ul>\n<h2 data-path-to-node=\"17\">Anwendungsf\u00e4lle<\/h2>\n<ul data-path-to-node=\"18\">\n<li>\n<p data-path-to-node=\"18,0,0\"><b data-path-to-node=\"18,0,0\" data-index-in-node=\"0\">Musikfestivals:<\/b> Schneller Einlass und bargeldloses Bezahlen verk\u00fcrzen die Warteschlangen und erh\u00f6hen den Umsatz der Bar.<\/p>\n<\/li>\n<li>\n<p data-path-to-node=\"18,1,0\"><b data-path-to-node=\"18,1,0\" data-index-in-node=\"0\">VIP-Zugang:<\/b> Verwenden Sie die <b data-path-to-node=\"18,1,0\" data-index-in-node=\"20\">Eingebettet<\/b> Version f\u00fcr VIP-G\u00e4ste, die ein h\u00f6heres Ma\u00df an Komfort und Exklusivit\u00e4t erwarten.<\/p>\n<\/li>\n<li>\n<p data-path-to-node=\"18,2,0\"><b data-path-to-node=\"18,2,0\" data-index-in-node=\"0\">Wasserparks:<\/b> Die robuste Konstruktion ist chlorbest\u00e4ndig und h\u00e4lt vollst\u00e4ndigem Eintauchen stand.<\/p>\n<\/li>\n<li>\n<p data-path-to-node=\"18,3,0\"><b data-path-to-node=\"18,3,0\" data-index-in-node=\"0\">Markenaktivierungen:<\/b> \u201cTippen Sie, um eine Verbindung zu sozialen Medien herzustellen oder digitale Inhalte freizuschalten.<\/p>\n<\/li>\n<\/ul>","protected":false},"excerpt":{"rendered":"<ul>\n<li>\n<p data-path-to-node=\"9,0,0\"><b data-path-to-node=\"9,0,0\" data-index-in-node=\"0\">Intelligente Schiebertechnologie:<\/b> Das Standardmodell verf\u00fcgt \u00fcber ein robustes PVC-Etikett, in dem der RFID-Chip f\u00fcr zuverl\u00e4ssiges Scannen untergebracht ist.<\/p>\n<\/li>\n<li>\n<p data-path-to-node=\"9,1,0\"><b data-path-to-node=\"9,1,0\" data-index-in-node=\"0\">Premium-Option verf\u00fcgbar:<\/b> Sie w\u00fcnschen sich einen eleganteren Look? Fragen Sie nach unserem <b data-path-to-node=\"9,1,0\" data-index-in-node=\"68\">\u201cChip-in-Band\u201d<\/b> L\u00f6sung, bei der der Chip im Gewebe verborgen ist.<\/p>\n<\/li>\n<li>\n<p data-path-to-node=\"9,2,0\"><b data-path-to-node=\"9,2,0\" data-index-in-node=\"0\">Bereit f\u00fcr bargeldloses Bezahlen:<\/b> Integrierte Chips (Mifare, NTAG) erm\u00f6glichen schnelle \u201cTap &amp; Go\u201d-Zahlungen und Zugangskontrolle.<\/p>\n<\/li>\n<li>\n<p data-path-to-node=\"9,3,0\"><b data-path-to-node=\"9,3,0\" data-index-in-node=\"0\">Hohe Sicherheit:<\/b> Sichere Verriegelungsz\u00e4hne verhindern Transfer- und Ticketbetrug.<\/p>\n<\/li>\n<\/ul>","protected":false},"featured_media":5933,"comment_status":"closed","ping_status":"closed","template":"","meta":[],"product_brand":[],"product_cat":[47,81,88],"product_tag":[],"class_list":{"0":"post-4966","1":"product","2":"type-product","3":"status-publish","4":"has-post-thumbnail","6":"product_cat-fabric-wristbands","7":"product_cat-rfid","8":"product_cat-smart-wristbands","10":"first","11":"instock","12":"shipping-taxable","13":"purchasable","14":"product-type-simple"},"_links":{"self":[{"href":"https:\/\/wristbandfactory.eu\/de\/wp-json\/wp\/v2\/product\/4966","targetHints":{"allow":["GET"]}}],"collection":[{"href":"https:\/\/wristbandfactory.eu\/de\/wp-json\/wp\/v2\/product"}],"about":[{"href":"https:\/\/wristbandfactory.eu\/de\/wp-json\/wp\/v2\/types\/product"}],"replies":[{"embeddable":true,"href":"https:\/\/wristbandfactory.eu\/de\/wp-json\/wp\/v2\/comments?post=4966"}],"wp:featuredmedia":[{"embeddable":true,"href":"https:\/\/wristbandfactory.eu\/de\/wp-json\/wp\/v2\/media\/5933"}],"wp:attachment":[{"href":"https:\/\/wristbandfactory.eu\/de\/wp-json\/wp\/v2\/media?parent=4966"}],"wp:term":[{"taxonomy":"product_brand","embeddable":true,"href":"https:\/\/wristbandfactory.eu\/de\/wp-json\/wp\/v2\/product_brand?post=4966"},{"taxonomy":"product_cat","embeddable":true,"href":"https:\/\/wristbandfactory.eu\/de\/wp-json\/wp\/v2\/product_cat?post=4966"},{"taxonomy":"product_tag","embeddable":true,"href":"https:\/\/wristbandfactory.eu\/de\/wp-json\/wp\/v2\/product_tag?post=4966"}],"curies":[{"name":"wp","href":"https:\/\/api.w.org\/{rel}","templated":true}]}}