{"id":4265,"date":"2025-06-05T15:20:53","date_gmt":"2025-06-05T12:20:53","guid":{"rendered":"https:\/\/wristbandfactory.eu\/?post_type=product&#038;p=4265"},"modified":"2025-12-30T17:37:51","modified_gmt":"2025-12-30T14:37:51","slug":"colored-reusable-event-cups-500ml","status":"publish","type":"product","link":"https:\/\/wristbandfactory.eu\/de\/p\/colored-reusable-event-cups-500ml\/","title":{"rendered":"Farbige, wiederverwendbare Eventbecher (500 ml)"},"content":{"rendered":"<p data-path-to-node=\"7\">Machen Sie Ihre Marke auf gut besuchten Festivals, Konferenzen und Werbeveranstaltungen mit unseren farbigen Mehrwegbechern un\u00fcbersehbar. Ein auff\u00e4lliger Becher sorgt f\u00fcr sofortige Markenwiedererkennung und ist ein unbedrucktes, effektives Mittel f\u00fcr mehr Effizienz im Betrieb.<\/p>\n<p data-path-to-node=\"8\">Diese Becher sind in sechs auff\u00e4lligen, halbtransparenten Farben (darunter Rot, Blau und Gr\u00fcn) erh\u00e4ltlich und eignen sich perfekt, um Ihr Branding widerzuspiegeln oder bei Ihrer Veranstaltung eine praktische Farbkennzeichnung zu erm\u00f6glichen. Verwenden Sie verschiedene Farben, um Zugangsbereiche, Getr\u00e4nkearten (z. B. alkoholische vs. alkoholfreie) zu kennzeichnen oder um verschiedene Sponsoren hervorzuheben.<\/p>\n<p data-path-to-node=\"9\">Diese 500-ml-Becher aus robustem, flexiblem und leichtem PP-Kunststoff sind f\u00fcr den wiederholten Gebrauch konzipiert. Sie stellen eine kosteng\u00fcnstige und nachhaltige Alternative zu Einwegplastik dar. Jeder Becher ist BPA-frei zertifiziert und gew\u00e4hrleistet somit die Sicherheit aller Teilnehmer.<\/p>\n<p data-path-to-node=\"10\">Gestalten Sie Ihre Becher individuell mit einem gro\u00dffl\u00e4chigen, einfarbigen Siebdruck (170 x 60 mm) f\u00fcr Ihr Logo, Ihre Kampagnenbotschaft oder das Branding Ihres Sponsors. Die Kombination aus leuchtenden Farben und individuellem Druck ergibt einen einpr\u00e4gsamen und gut sichtbaren Werbeartikel.<\/p>\n<p data-path-to-node=\"11\"><b>Hauptmerkmale:<\/b><\/p>\n<ul data-path-to-node=\"12\">\n<li>\n<p data-path-to-node=\"12,0,0\"><b>Gut sichtbares Branding:<\/b> Erh\u00e4ltlich in 6 lebendigen, halbtransparenten Farben, passend zur Markenidentit\u00e4t.<\/p>\n<\/li>\n<li>\n<p data-path-to-node=\"12,1,0\"><b>Langlebig und wiederverwendbar:<\/b> Hergestellt aus flexiblem, leichtem und bruchfestem PP-Kunststoff.<\/p>\n<\/li>\n<li>\n<p data-path-to-node=\"12,2,0\"><b>Gesundheitssicheres Material:<\/b> 100% BPA-frei und f\u00fcr alle Veranstaltungsteilnehmer geeignet.<\/p>\n<\/li>\n<li>\n<p data-path-to-node=\"12,3,0\"><b>Praktisches Event-Tool:<\/b> Ideal zur farblichen Kennzeichnung von Zonen, Sponsoren oder Getr\u00e4nkearten.<\/p>\n<\/li>\n<li>\n<p data-path-to-node=\"12,4,0\"><b>Anpassbar:<\/b> Bietet eine gro\u00dfe Druckfl\u00e4che von 170 x 60 mm f\u00fcr einfarbigen Siebdruck.<\/p>\n<\/li>\n<li>\n<p data-path-to-node=\"12,5,0\"><b>Standardinhalt 500 ml:<\/b> Die perfekte Gr\u00f6\u00dfe f\u00fcr Bier, Erfrischungsgetr\u00e4nke und andere Getr\u00e4nke bei Veranstaltungen.<\/p>\n<\/li>\n<\/ul>","protected":false},"excerpt":{"rendered":"<ul>\n<li>\n<p data-path-to-node=\"6,0,0\">Steigern Sie die Sichtbarkeit Ihrer Marke mit 6 lebendigen, halbtransparenten Farboptionen.<\/p>\n<\/li>\n<li>\n<p data-path-to-node=\"6,1,0\">Ideal zur farblichen Kennzeichnung von Zugangszonen, Getr\u00e4nkearten oder Sponsorenbereichen.<\/p>\n<\/li>\n<li>\n<p data-path-to-node=\"6,2,0\">Strapazierf\u00e4higer, flexibler und wiederverwendbarer PP-Kunststoff (BPA-frei).<\/p>\n<\/li>\n<li>\n<p data-path-to-node=\"6,3,0\">Individuell gestaltbar mit einem einfarbigen Siebdruck (Fl\u00e4che 170 x 60 mm).<\/p>\n<\/li>\n<\/ul>","protected":false},"featured_media":6445,"comment_status":"closed","ping_status":"closed","template":"","meta":[],"product_brand":[],"product_cat":[111],"product_tag":[],"class_list":{"0":"post-4265","1":"product","2":"type-product","3":"status-publish","4":"has-post-thumbnail","6":"product_cat-reusable-event-cups","8":"first","9":"instock","10":"shipping-taxable","11":"purchasable","12":"product-type-simple"},"_links":{"self":[{"href":"https:\/\/wristbandfactory.eu\/de\/wp-json\/wp\/v2\/product\/4265","targetHints":{"allow":["GET"]}}],"collection":[{"href":"https:\/\/wristbandfactory.eu\/de\/wp-json\/wp\/v2\/product"}],"about":[{"href":"https:\/\/wristbandfactory.eu\/de\/wp-json\/wp\/v2\/types\/product"}],"replies":[{"embeddable":true,"href":"https:\/\/wristbandfactory.eu\/de\/wp-json\/wp\/v2\/comments?post=4265"}],"wp:featuredmedia":[{"embeddable":true,"href":"https:\/\/wristbandfactory.eu\/de\/wp-json\/wp\/v2\/media\/6445"}],"wp:attachment":[{"href":"https:\/\/wristbandfactory.eu\/de\/wp-json\/wp\/v2\/media?parent=4265"}],"wp:term":[{"taxonomy":"product_brand","embeddable":true,"href":"https:\/\/wristbandfactory.eu\/de\/wp-json\/wp\/v2\/product_brand?post=4265"},{"taxonomy":"product_cat","embeddable":true,"href":"https:\/\/wristbandfactory.eu\/de\/wp-json\/wp\/v2\/product_cat?post=4265"},{"taxonomy":"product_tag","embeddable":true,"href":"https:\/\/wristbandfactory.eu\/de\/wp-json\/wp\/v2\/product_tag?post=4265"}],"curies":[{"name":"wp","href":"https:\/\/api.w.org\/{rel}","templated":true}]}}