{"id":4202,"date":"2025-06-05T13:39:24","date_gmt":"2025-06-05T10:39:24","guid":{"rendered":"https:\/\/wristbandfactory.eu\/?post_type=product&#038;p=4202"},"modified":"2026-01-09T17:13:12","modified_gmt":"2026-01-09T14:13:12","slug":"standard-reusable-event-cups-500ml","status":"publish","type":"product","link":"https:\/\/wristbandfactory.eu\/de\/p\/standard-reusable-event-cups-500ml\/","title":{"rendered":"Standard-Mehrwegbecher f\u00fcr Veranstaltungen (500 ml)"},"content":{"rendered":"<p data-path-to-node=\"8\">Dieser wiederverwendbare Standardbecher (500 ml) ist die ideale, kosteng\u00fcnstige L\u00f6sung f\u00fcr Gro\u00dfveranstaltungen, Festivals und Werbekampagnen. Er wurde f\u00fcr Organisationen entwickelt, die eine langlebige, nachhaltige und markenwirksame Alternative zu Einwegplastik suchen \u2013 ohne komplizierten Aufwand.<\/p>\n<p data-path-to-node=\"9\">Dieser in Europa aus robustem, einwandigem PP-Kunststoff hergestellte Becher ist leicht und dennoch widerstandsf\u00e4hig genug f\u00fcr den Einsatz bei Veranstaltungen mit hohem Besucheraufkommen. Mit einem Fassungsverm\u00f6gen von 500 ml eignet er sich ideal zum Servieren der meisten Getr\u00e4nke. Das minimalistische Design bietet eine optimale Grundlage f\u00fcr Ihre Markenpr\u00e4sentation.<\/p>\n<p data-path-to-node=\"10\">Dieser Becher eignet sich optimal f\u00fcr kosteng\u00fcnstiges und klares einfarbiges Branding. Wir bieten sowohl Tampondruck als auch Siebdruck an, um Ihr Logo oder Ihre Veranstaltungsbotschaft wirkungsvoll zu pr\u00e4sentieren.<\/p>\n<p data-path-to-node=\"11\">Das Material ist BPA-frei zertifiziert und gew\u00e4hrleistet somit die Sicherheit aller Teilnehmer. Als wiederverwendbares, in Europa hergestelltes Produkt ist es eine zuverl\u00e4ssige und umweltbewusste Wahl f\u00fcr jede Veranstaltung.<\/p>\n<p data-path-to-node=\"12\"><b>Hauptmerkmale:<\/b><\/p>\n<ul data-path-to-node=\"13\">\n<li>\n<p data-path-to-node=\"13,0,0\"><b>Kosteneffizientes Branding:<\/b> Optimiert f\u00fcr kosteng\u00fcnstigen 1-Farben-Tampondruck oder Siebdruck.<\/p>\n<\/li>\n<li>\n<p data-path-to-node=\"13,1,0\"><b>Standardinhalt 500 ml:<\/b> Die perfekte, vielseitige Gr\u00f6\u00dfe f\u00fcr Festivals, Firmenveranstaltungen und Werbeaktionen.<\/p>\n<\/li>\n<li>\n<p data-path-to-node=\"13,2,0\"><b>Langlebig und leicht:<\/b> Hergestellt aus robustem, einwandigem PP-Kunststoff, ideal f\u00fcr den gro\u00dffl\u00e4chigen Vertrieb.<\/p>\n<\/li>\n<li>\n<p data-path-to-node=\"13,3,0\"><b>Sicher und nachhaltig:<\/b> Zertifiziert BPA-frei und hergestellt in Europa nach h\u00f6chsten Qualit\u00e4tsstandards.<\/p>\n<\/li>\n<li>\n<p data-path-to-node=\"13,4,0\"><b>Umweltfreundliche L\u00f6sung:<\/b> Eine langlebige, wiederverwendbare Alternative zur Reduzierung von Einwegplastikm\u00fcll.<\/p>\n<\/li>\n<\/ul>","protected":false},"excerpt":{"rendered":"<ul>\n<li>\n<p data-path-to-node=\"7,0,0\">Ihre kosteng\u00fcnstige Wahl f\u00fcr Gro\u00dfbestellungen und Gro\u00dfveranstaltungen.<\/p>\n<\/li>\n<li>\n<p data-path-to-node=\"7,1,0\">Ideal f\u00fcr kosteng\u00fcnstiges 1-farbiges Branding (Tampon- oder Siebdruck).<\/p>\n<\/li>\n<li>\n<p data-path-to-node=\"7,2,0\">Strapazierf\u00e4higer, leichter, einwandiger PP-Kunststoff.<\/p>\n<\/li>\n<li>\n<p data-path-to-node=\"7,3,0\">Hergestellt in Europa und zertifiziert BPA-frei.<\/p>\n<\/li>\n<\/ul>","protected":false},"featured_media":6639,"comment_status":"closed","ping_status":"closed","template":"","meta":[],"product_brand":[],"product_cat":[111],"product_tag":[],"class_list":{"0":"post-4202","1":"product","2":"type-product","3":"status-publish","4":"has-post-thumbnail","6":"product_cat-reusable-event-cups","8":"first","9":"instock","10":"shipping-taxable","11":"purchasable","12":"product-type-simple"},"_links":{"self":[{"href":"https:\/\/wristbandfactory.eu\/de\/wp-json\/wp\/v2\/product\/4202","targetHints":{"allow":["GET"]}}],"collection":[{"href":"https:\/\/wristbandfactory.eu\/de\/wp-json\/wp\/v2\/product"}],"about":[{"href":"https:\/\/wristbandfactory.eu\/de\/wp-json\/wp\/v2\/types\/product"}],"replies":[{"embeddable":true,"href":"https:\/\/wristbandfactory.eu\/de\/wp-json\/wp\/v2\/comments?post=4202"}],"wp:featuredmedia":[{"embeddable":true,"href":"https:\/\/wristbandfactory.eu\/de\/wp-json\/wp\/v2\/media\/6639"}],"wp:attachment":[{"href":"https:\/\/wristbandfactory.eu\/de\/wp-json\/wp\/v2\/media?parent=4202"}],"wp:term":[{"taxonomy":"product_brand","embeddable":true,"href":"https:\/\/wristbandfactory.eu\/de\/wp-json\/wp\/v2\/product_brand?post=4202"},{"taxonomy":"product_cat","embeddable":true,"href":"https:\/\/wristbandfactory.eu\/de\/wp-json\/wp\/v2\/product_cat?post=4202"},{"taxonomy":"product_tag","embeddable":true,"href":"https:\/\/wristbandfactory.eu\/de\/wp-json\/wp\/v2\/product_tag?post=4202"}],"curies":[{"name":"wp","href":"https:\/\/api.w.org\/{rel}","templated":true}]}}