{"id":4159,"date":"2025-06-04T23:53:14","date_gmt":"2025-06-04T20:53:14","guid":{"rendered":"https:\/\/wristbandfactory.eu\/?post_type=product&#038;p=4159"},"modified":"2026-02-25T14:40:18","modified_gmt":"2026-02-25T11:40:18","slug":"full-color-printed-reusable-event-cups-bpa-free","status":"publish","type":"product","link":"https:\/\/wristbandfactory.eu\/de\/p\/full-color-printed-reusable-event-cups-bpa-free\/","title":{"rendered":"Mehrwegbecher mit vollfarbigem Druck"},"content":{"rendered":"<p data-path-to-node=\"5\">Steigern Sie Ihre Markenbekanntheit und Ihre Nachhaltigkeitsziele mit unseren hochwertigen, vollfarbig bedruckten Mehrwegbechern. Die ideale L\u00f6sung f\u00fcr Festivals, Stadien und Firmenveranstaltungen, die ein wirkungsvolles und umweltfreundliches Branding-Instrument suchen. Dank modernster Drucktechnologie verwandeln wir einen unbedruckten Becher in ein aussagekr\u00e4ftiges, fotorealistisches Werbegeschenk, das Ihre G\u00e4ste gerne behalten werden.<\/p>\n<p data-path-to-node=\"6\">Wir sind auf zwei hochwertige, hauseigene Drucktechnologien spezialisiert, die perfekt auf die Bed\u00fcrfnisse Ihrer Marke abgestimmt sind:<\/p>\n<ul data-path-to-node=\"7\">\n<li>\n<p data-path-to-node=\"7,0,0\"><b data-path-to-node=\"7,0,0\" data-index-in-node=\"0\">IML-Druck (In-Mould Labelling):<\/b> Unsere Premium-Option bietet atemberaubende, fotorealistische Grafiken, die sich nahtlos um den gesamten Becher legen. Diese einzigartige Technologie erweckt komplexe, farbintensive Designs mit au\u00dfergew\u00f6hnlicher Detailgenauigkeit zum Leben. Wir bieten Ihnen die Wahl zwischen einer eleganten matten oder einer klassischen transparenten Oberfl\u00e4che \u2013 die perfekte Grundlage f\u00fcr Ihre Marke. (Mindestbestellmenge: 1.000 St\u00fcck).<\/p>\n<\/li>\n<li>\n<p data-path-to-node=\"7,1,0\"><b data-path-to-node=\"7,1,0\" data-index-in-node=\"0\">Rotationssiebdruck:<\/b> Eine \u00e4u\u00dferst langlebige und kosteng\u00fcnstige L\u00f6sung, ideal f\u00fcr vektorbasierte Logos und unbedrucktere Designs. Dieses Verfahren erm\u00f6glicht einen hochwertigen, langlebigen Druck auf transparenten oder farbigen Bechern. (Mindestbestellmenge: 250 St\u00fcck).<\/p>\n<\/li>\n<\/ul>\n<p data-path-to-node=\"8\">Neben dem Markenwert sind diese Becher eine sinnvolle Investition f\u00fcr Ihren Betrieb. Sie werden in Europa hergestellt und sind nach 100% als gesundheitlich unbedenklich, BPA-frei, lebensmittelecht und recycelbar zertifiziert. Viele unserer Premium-Modelle verf\u00fcgen \u00fcber eine metrologisch gepr\u00fcfte Messskala f\u00fcr pr\u00e4zises und professionelles Servieren von Getr\u00e4nken.<\/p>\n<p data-path-to-node=\"9\">Die robuste PP-Kunststoffkonstruktion ist langlebig und sp\u00fclmaschinenfest (f\u00fcr maximale Farbbest\u00e4ndigkeit wird jedoch Handw\u00e4sche empfohlen). Erh\u00e4ltlich in verschiedenen Gr\u00f6\u00dfen, darunter 330 ml und 500 ml, sind sie eine praktische, stapelbare und platzsparende L\u00f6sung f\u00fcr jeden Veranstaltungsort.<\/p>\n<h2 data-path-to-node=\"10\">Hauptmerkmale<\/h2>\n<ul data-path-to-node=\"11\">\n<li>\n<p data-path-to-node=\"11,0,0\"><b data-path-to-node=\"11,0,0\" data-index-in-node=\"0\">Premium-360\u00b0-Druck:<\/b> Bietet fotorealistisches, vollfl\u00e4chiges Branding auf der gesamten Becheroberfl\u00e4che mithilfe der IML-Technologie.<\/p>\n<\/li>\n<li>\n<p data-path-to-node=\"11,1,0\"><b data-path-to-node=\"11,1,0\" data-index-in-node=\"0\">Individuelle Oberfl\u00e4chenoptionen:<\/b> Erh\u00e4ltlich in matter und transparenter Ausf\u00fchrung f\u00fcr vollfarbige Designs.<\/p>\n<\/li>\n<li>\n<p data-path-to-node=\"11,2,0\"><b data-path-to-node=\"11,2,0\" data-index-in-node=\"0\">Langlebige Alternative zum Siebdruck:<\/b> Eine hochwertige, langlebige Option f\u00fcr standardm\u00e4\u00dfige vektorbasierte Logos.<\/p>\n<\/li>\n<li>\n<p data-path-to-node=\"11,3,0\"><b data-path-to-node=\"11,3,0\" data-index-in-node=\"0\">Zertifiziert gesundheitlich unbedenklich:<\/b> Hergestellt aus 100% BPA-freiem, lebensmittelechtem und vollst\u00e4ndig recycelbarem PP-Kunststoff.<\/p>\n<\/li>\n<li>\n<p data-path-to-node=\"11,4,0\"><b data-path-to-node=\"11,4,0\" data-index-in-node=\"0\">Gepr\u00fcfte Messskala:<\/b> Viele Modelle verf\u00fcgen \u00fcber eine geeichte Waage f\u00fcr einen genauen und gleichm\u00e4\u00dfigen Getr\u00e4nkeausschank.<\/p>\n<\/li>\n<li>\n<p data-path-to-node=\"11,5,0\"><b data-path-to-node=\"11,5,0\" data-index-in-node=\"0\">Hochwertige EU-Produktion:<\/b> Hergestellt in Europa nach strengen Sicherheits- und Qualit\u00e4tsstandards.<\/p>\n<\/li>\n<\/ul>\n<h2 data-path-to-node=\"12\">Technische Daten<\/h2>\n<ul data-path-to-node=\"13\">\n<li>\n<p data-path-to-node=\"13,0,0\"><b data-path-to-node=\"13,0,0\" data-index-in-node=\"0\">Material:<\/b> 100% Recycelbares Polypropylen (PP), BPA-frei<\/p>\n<\/li>\n<li>\n<p data-path-to-node=\"13,1,0\"><b data-path-to-node=\"13,1,0\" data-index-in-node=\"0\">Verf\u00fcgbare Kapazit\u00e4ten:<\/b> 330 ml, 500 ml (andere Gr\u00f6\u00dfen auf Anfrage erh\u00e4ltlich)<\/p>\n<\/li>\n<li>\n<p data-path-to-node=\"13,2,0\"><b data-path-to-node=\"13,2,0\" data-index-in-node=\"0\">Druckverfahren:<\/b> IML (In-Mould Labelling) f\u00fcr Vollfarben, Rotationssiebdruck f\u00fcr Sonderfarben<\/p>\n<\/li>\n<li>\n<p data-path-to-node=\"13,3,0\"><b data-path-to-node=\"13,3,0\" data-index-in-node=\"0\">Mindestbestellmenge (MOQ):<\/b> 1.000 Einheiten (IML) \/ 250 Einheiten (Siebdruck)<\/p>\n<\/li>\n<li>\n<p data-path-to-node=\"13,4,0\"><b data-path-to-node=\"13,4,0\" data-index-in-node=\"0\">Pflegehinweise:<\/b> Sp\u00fclmaschinenfest (Handw\u00e4sche wird f\u00fcr maximale Haltbarkeit des Drucks empfohlen)<\/p>\n<\/li>\n<\/ul>\n<h2 data-path-to-node=\"14\">Anwendungsf\u00e4lle<\/h2>\n<ul data-path-to-node=\"15\">\n<li>\n<p data-path-to-node=\"15,0,0\">Musikfestivals, Open-Air-Konzerte und Nachtclubs<\/p>\n<\/li>\n<li>\n<p data-path-to-node=\"15,1,0\">Sportarenen, Stadien und Mannschaftsveranstaltungen<\/p>\n<\/li>\n<li>\n<p data-path-to-node=\"15,2,0\">Firmenveranstaltungen, Messen und Ausstellungen<\/p>\n<\/li>\n<li>\n<p data-path-to-node=\"15,3,0\">St\u00e4dtische Veranstaltungen, Stra\u00dfenfeste und saisonale M\u00e4rkte<\/p>\n<\/li>\n<\/ul>","protected":false},"excerpt":{"rendered":"<ul>\n<li>\n<p data-path-to-node=\"4,0,0\">Hochwertiger, fotorealistischer 360\u00b0-Vollfarbdruck f\u00fcr maximale Markenwirkung bei Veranstaltungen.<\/p>\n<\/li>\n<li>\n<p data-path-to-node=\"4,1,0\">Erh\u00e4ltlich in verschiedenen Gr\u00f6\u00dfen (z. B. 330 ml, 500 ml) mit stilvollen matten oder transparenten Oberfl\u00e4chen.<\/p>\n<\/li>\n<li>\n<p data-path-to-node=\"4,2,0\">Zertifiziert BPA-frei, gesundheitlich unbedenklich und nach 100% recycelbarer PP-Kunststoff f\u00fcr einen nachhaltigen Betrieb.<\/p>\n<\/li>\n<li>\n<p data-path-to-node=\"4,3,0\">F\u00fcr unbedrucktere, vektorbasierte Logos ist auch kosteng\u00fcnstiger Rotationssiebdruck m\u00f6glich.<\/p>\n<\/li>\n<\/ul>","protected":false},"featured_media":6517,"comment_status":"closed","ping_status":"closed","template":"","meta":[],"product_brand":[],"product_cat":[111],"product_tag":[],"class_list":{"0":"post-4159","1":"product","2":"type-product","3":"status-publish","4":"has-post-thumbnail","6":"product_cat-reusable-event-cups","8":"first","9":"instock","10":"shipping-taxable","11":"purchasable","12":"product-type-simple"},"_links":{"self":[{"href":"https:\/\/wristbandfactory.eu\/de\/wp-json\/wp\/v2\/product\/4159","targetHints":{"allow":["GET"]}}],"collection":[{"href":"https:\/\/wristbandfactory.eu\/de\/wp-json\/wp\/v2\/product"}],"about":[{"href":"https:\/\/wristbandfactory.eu\/de\/wp-json\/wp\/v2\/types\/product"}],"replies":[{"embeddable":true,"href":"https:\/\/wristbandfactory.eu\/de\/wp-json\/wp\/v2\/comments?post=4159"}],"wp:featuredmedia":[{"embeddable":true,"href":"https:\/\/wristbandfactory.eu\/de\/wp-json\/wp\/v2\/media\/6517"}],"wp:attachment":[{"href":"https:\/\/wristbandfactory.eu\/de\/wp-json\/wp\/v2\/media?parent=4159"}],"wp:term":[{"taxonomy":"product_brand","embeddable":true,"href":"https:\/\/wristbandfactory.eu\/de\/wp-json\/wp\/v2\/product_brand?post=4159"},{"taxonomy":"product_cat","embeddable":true,"href":"https:\/\/wristbandfactory.eu\/de\/wp-json\/wp\/v2\/product_cat?post=4159"},{"taxonomy":"product_tag","embeddable":true,"href":"https:\/\/wristbandfactory.eu\/de\/wp-json\/wp\/v2\/product_tag?post=4159"}],"curies":[{"name":"wp","href":"https:\/\/api.w.org\/{rel}","templated":true}]}}