{"id":4098,"date":"2025-05-09T18:19:48","date_gmt":"2025-05-09T15:19:48","guid":{"rendered":"https:\/\/wristbandfactory.eu\/?post_type=product&#038;p=4098"},"modified":"2025-12-30T17:11:54","modified_gmt":"2025-12-30T14:11:54","slug":"pu-leather-wristbands-with-details","status":"publish","type":"product","link":"https:\/\/wristbandfactory.eu\/de\/p\/pu-leather-wristbands-with-details\/","title":{"rendered":"Armb\u00e4nder aus PU-Leder mit Details"},"content":{"rendered":"<p class=\"\" data-start=\"132\" data-end=\"394\">Verleihen Sie Ihrer Accessoire-Kollektion mit diesem stilvollen Armband aus PU-Kunstleder mit modernem Design und leuchtend bunten, kristall\u00e4hnlichen Details einen Hauch von Glanz und Eleganz. Das Armband eignet sich sowohl f\u00fcr den Alltag als auch als hochwertiges Firmengeschenk.<\/p>\n<p class=\"\" data-start=\"396\" data-end=\"640\">Das verstellbare Armband mit Druckknopfverschluss passt sich verschiedenen Handgelenkgr\u00f6\u00dfen an. Das Armband ist in drei eleganten Farbt\u00f6nen erh\u00e4ltlich: Gold, Schwarz und Silber \u2013 jeder unterstreicht den Stil der Tr\u00e4gerin auf seine Weise und bietet einen wundersch\u00f6nen Hintergrund f\u00fcr die funkelnden Steine.<\/p>\n<p class=\"\" data-start=\"642\" data-end=\"891\">Auch dieses Produkt ist personalisierbar \u2013 der Druckbereich befindet sich in der N\u00e4he des Verschlusses. Dort kann mittels einfarbigem Tampondruck mit einer Druckgr\u00f6\u00dfe von 15 \u00d7 12 mm ein Logo oder eine Botschaft angebracht werden. Dadurch eignet sich das Armband ideal als Werbe- oder Aktionsgeschenk.<\/p>\n<p class=\"\" data-start=\"893\" data-end=\"912\"><strong data-start=\"893\" data-end=\"912\">Spezifikationen:<\/strong><\/p>\n<ul data-start=\"913\" data-end=\"1238\">\n<li class=\"\" data-start=\"913\" data-end=\"941\">\n<p class=\"\" data-start=\"915\" data-end=\"941\"><strong data-start=\"915\" data-end=\"928\">Material:<\/strong> PU-Leder<\/p>\n<\/li>\n<li class=\"\" data-start=\"942\" data-end=\"995\">\n<p class=\"\" data-start=\"944\" data-end=\"995\"><strong data-start=\"944\" data-end=\"955\">Design:<\/strong> Funkelnde Details mit elegantem Finish<\/p>\n<\/li>\n<li class=\"\" data-start=\"996\" data-end=\"1038\">\n<p class=\"\" data-start=\"998\" data-end=\"1038\"><strong data-start=\"998\" data-end=\"1016\">Farboptionen:<\/strong> Gold, Schwarz, Silber<\/p>\n<\/li>\n<li class=\"\" data-start=\"1039\" data-end=\"1084\">\n<p class=\"\" data-start=\"1041\" data-end=\"1084\"><strong data-start=\"1041\" data-end=\"1051\">Schlie\u00dfe:<\/strong> Verstellbarer Druckknopfverschluss<\/p>\n<\/li>\n<li class=\"\" data-start=\"1085\" data-end=\"1118\">\n<p class=\"\" data-start=\"1087\" data-end=\"1118\"><strong data-start=\"1087\" data-end=\"1102\">Abmessungen:<\/strong> 20,5 \u00d7 2,6 cm<\/p>\n<\/li>\n<li class=\"\" data-start=\"1119\" data-end=\"1138\">\n<p class=\"\" data-start=\"1121\" data-end=\"1138\"><strong data-start=\"1121\" data-end=\"1132\">Gewicht:<\/strong> 8 g<\/p>\n<\/li>\n<li class=\"\" data-start=\"1139\" data-end=\"1181\">\n<p class=\"\" data-start=\"1141\" data-end=\"1181\"><strong data-start=\"1141\" data-end=\"1156\">Druckbereich:<\/strong> Nahverschluss, 15 \u00d7 12 mm<\/p>\n<\/li>\n<li class=\"\" data-start=\"1182\" data-end=\"1238\">\n<p class=\"\" data-start=\"1184\" data-end=\"1238\"><strong data-start=\"1184\" data-end=\"1207\">Drucktechnik:<\/strong> Tampondruck (maximal 1 Farbe)<\/p>\n<\/li>\n<\/ul>","protected":false},"excerpt":{"rendered":"<p class=\"\" data-start=\"80\" data-end=\"438\">Das Armband aus PU-Kunstleder besticht durch auff\u00e4llige, kristallf\u00f6rmige, farbige Details. Es verf\u00fcgt \u00fcber einen verstellbaren Druckknopfverschluss und ist in drei stilvollen Farbt\u00f6nen erh\u00e4ltlich: Gold, Schwarz und Silber \u2013 jeder unterstreicht die Pers\u00f6nlichkeit des Tr\u00e4gers. Neben dem Verschluss kann per Tampondruck ein Logo oder eine Botschaft angebracht werden, was das Armband zu einem coolen Werbegeschenk macht.<\/p>","protected":false},"featured_media":6430,"comment_status":"closed","ping_status":"closed","template":"","meta":[],"product_brand":[],"product_cat":[66,117],"product_tag":[],"class_list":{"0":"post-4098","1":"product","2":"type-product","3":"status-publish","4":"has-post-thumbnail","6":"product_cat-wristbands","7":"product_cat-leather-wristbands","9":"first","10":"instock","11":"shipping-taxable","12":"purchasable","13":"product-type-simple"},"_links":{"self":[{"href":"https:\/\/wristbandfactory.eu\/de\/wp-json\/wp\/v2\/product\/4098","targetHints":{"allow":["GET"]}}],"collection":[{"href":"https:\/\/wristbandfactory.eu\/de\/wp-json\/wp\/v2\/product"}],"about":[{"href":"https:\/\/wristbandfactory.eu\/de\/wp-json\/wp\/v2\/types\/product"}],"replies":[{"embeddable":true,"href":"https:\/\/wristbandfactory.eu\/de\/wp-json\/wp\/v2\/comments?post=4098"}],"wp:featuredmedia":[{"embeddable":true,"href":"https:\/\/wristbandfactory.eu\/de\/wp-json\/wp\/v2\/media\/6430"}],"wp:attachment":[{"href":"https:\/\/wristbandfactory.eu\/de\/wp-json\/wp\/v2\/media?parent=4098"}],"wp:term":[{"taxonomy":"product_brand","embeddable":true,"href":"https:\/\/wristbandfactory.eu\/de\/wp-json\/wp\/v2\/product_brand?post=4098"},{"taxonomy":"product_cat","embeddable":true,"href":"https:\/\/wristbandfactory.eu\/de\/wp-json\/wp\/v2\/product_cat?post=4098"},{"taxonomy":"product_tag","embeddable":true,"href":"https:\/\/wristbandfactory.eu\/de\/wp-json\/wp\/v2\/product_tag?post=4098"}],"curies":[{"name":"wp","href":"https:\/\/api.w.org\/{rel}","templated":true}]}}