{"id":4065,"date":"2025-05-09T17:33:44","date_gmt":"2025-05-09T14:33:44","guid":{"rendered":"https:\/\/wristbandfactory.eu\/?post_type=product&#038;p=4065"},"modified":"2025-12-30T15:05:13","modified_gmt":"2025-12-30T12:05:13","slug":"three-strand-leather-wristband-with-light-green-glass-beads","status":"publish","type":"product","link":"https:\/\/wristbandfactory.eu\/de\/p\/three-strand-leather-wristband-with-light-green-glass-beads\/","title":{"rendered":"Dreireihiges Lederarmband mit Glasperlen"},"content":{"rendered":"<p data-path-to-node=\"12\">Suchen Sie ein Firmengeschenk, das eher einem modischen Accessoire als einem Werbeartikel gleicht? Unser <b data-path-to-node=\"12\" data-index-in-node=\"124\">Handgefertigtes dreistr\u00e4ngiges Lederarmband<\/b> Dieses Armband vereint rustikalen Charme mit Eleganz. Im Gegensatz zu herk\u00f6mmlichen Silikon- oder Stoffarmb\u00e4ndern besteht es aus nat\u00fcrlichen Materialien und ist somit eine hervorragende Wahl f\u00fcr umweltbewusste Marken, exklusive Veranstaltungen und als Mitarbeitergeschenk.<\/p>\n<h2 data-path-to-node=\"13\">Hauptmerkmale<\/h2>\n<ul data-path-to-node=\"14\">\n<li>\n<p data-path-to-node=\"14,0,0\"><b data-path-to-node=\"14,0,0\" data-index-in-node=\"0\">Unverwechselbares Trio-Design:<\/b> Das Armband kombiniert einen glatten, hellbraunen Lederstreifen, eine strukturierte, geflochtene, dunkelbraune Lederkordel und einen mit hellgr\u00fcnen Glasperlen verzierten Mittelstrang.<\/p>\n<\/li>\n<li>\n<p data-path-to-node=\"14,1,0\"><b data-path-to-node=\"14,1,0\" data-index-in-node=\"0\">Markenverpackung:<\/b> Die Anpassung wird auf die <b data-path-to-node=\"14,1,0\" data-index-in-node=\"51\">Kraftpapierkarte<\/b> Wir verwenden Tampondruck (bis zu 4 Farben), um Ihr Logo oder Ihre Botschaft direkt \u00fcber dem Armband anzubringen und so eine professionelle, verkaufsfertige Pr\u00e4sentation zu schaffen.<\/p>\n<\/li>\n<li>\n<p data-path-to-node=\"14,2,0\"><b data-path-to-node=\"14,2,0\" data-index-in-node=\"0\">Universeller Komfort:<\/b> Der verstellbare Verschluss aus gewachster Baumwolle gew\u00e4hrleistet eine bequeme Passform f\u00fcr verschiedene Handgelenkgr\u00f6\u00dfen und macht komplizierte Gr\u00f6\u00dfentabellen \u00fcberfl\u00fcssig.<\/p>\n<\/li>\n<li>\n<p data-path-to-node=\"14,3,0\"><b data-path-to-node=\"14,3,0\" data-index-in-node=\"0\">Bereit zum Verschenken:<\/b> Die Armb\u00e4nder werden auf der Karte montiert geliefert und k\u00f6nnen sofort bei Veranstaltungen verteilt oder in Willkommenst\u00fcten beigelegt werden.<\/p>\n<\/li>\n<\/ul>\n<h2 data-path-to-node=\"15\">Technische Daten<\/h2>\n<ul data-path-to-node=\"16\">\n<li>\n<p data-path-to-node=\"16,0,0\"><b data-path-to-node=\"16,0,0\" data-index-in-node=\"0\">Materialien:<\/b> Echtes Leder, Glasperlen, gewachste Baumwolle.<\/p>\n<\/li>\n<li>\n<p data-path-to-node=\"16,1,0\"><b data-path-to-node=\"16,1,0\" data-index-in-node=\"0\">Abmessungen:<\/b> 26 \u00d7 1,2 cm (L\u00e4nge verstellbar).<\/p>\n<\/li>\n<li>\n<p data-path-to-node=\"16,2,0\"><b data-path-to-node=\"16,2,0\" data-index-in-node=\"0\">Gewicht:<\/b> 6 g.<\/p>\n<\/li>\n<li>\n<p data-path-to-node=\"16,3,0\"><b data-path-to-node=\"16,3,0\" data-index-in-node=\"0\">Markenbereich:<\/b> 25 \u00d7 15 mm (Auf dem Kartenkopf).<\/p>\n<\/li>\n<li>\n<p data-path-to-node=\"16,4,0\"><b data-path-to-node=\"16,4,0\" data-index-in-node=\"0\">Drucktechnik:<\/b> Tampondruck (max. 4 Farben).<\/p>\n<\/li>\n<li>\n<p data-path-to-node=\"16,5,0\"><b data-path-to-node=\"16,5,0\" data-index-in-node=\"0\">Verpackung:<\/b> Umweltfreundliche Kraftpapierkarte.<\/p>\n<\/li>\n<\/ul>\n<h2 data-path-to-node=\"17\">Anwendungsf\u00e4lle<\/h2>\n<ul data-path-to-node=\"18\">\n<li>\n<p data-path-to-node=\"18,0,0\"><b data-path-to-node=\"18,0,0\" data-index-in-node=\"0\">Firmengeschenke:<\/b> Ein stilvolles Geschenk mit hohem wahrgenommenen Wert f\u00fcr Mitarbeiter oder Partner.<\/p>\n<\/li>\n<li>\n<p data-path-to-node=\"18,1,0\"><b data-path-to-node=\"18,1,0\" data-index-in-node=\"0\">Festival-VIP-Artikel:<\/b> Ein Boho-Chic-Accessoire, das die G\u00e4ste noch lange nach der Veranstaltung tragen werden.<\/p>\n<\/li>\n<li>\n<p data-path-to-node=\"18,2,0\"><b data-path-to-node=\"18,2,0\" data-index-in-node=\"0\">Wohlt\u00e4tigkeitskampagnen:<\/b> Ein dezentes, von der Natur inspiriertes Armband zur Unterst\u00fctzung von Umweltprojekten.<\/p>\n<\/li>\n<li>\n<p data-path-to-node=\"18,3,0\"><b data-path-to-node=\"18,3,0\" data-index-in-node=\"0\">Einzelhandelswaren:<\/b> Ideal f\u00fcr Museumsshops, Zoos oder Naturschutzgebiete, die ihre Produkte mit individuellem Branding verkaufen m\u00f6chten.<\/p>\n<\/li>\n<\/ul>\n<p data-path-to-node=\"19\">","protected":false},"excerpt":{"rendered":"<ul>\n<li>\n<p data-path-to-node=\"11,0,0\"><b data-path-to-node=\"11,0,0\" data-index-in-node=\"0\">Handgefertigtes Design:<\/b> Besteht aus drei verschiedenen Str\u00e4ngen \u2013 glattem Leder, geflochtenem Leder und gr\u00fcnen Glasperlen.<\/p>\n<\/li>\n<li>\n<p data-path-to-node=\"11,1,0\"><b data-path-to-node=\"11,1,0\" data-index-in-node=\"0\">Individuelles Branding:<\/b> Ihr Logo wird auf die beiliegende Pr\u00e4sentationskarte aus Kraftpapier aufgedruckt.<\/p>\n<\/li>\n<li>\n<p data-path-to-node=\"11,2,0\"><b data-path-to-node=\"11,2,0\" data-index-in-node=\"0\">Einstellbare Passform:<\/b> Wird mit einem robusten, gewachsten Baumwoll-Schiebeknoten befestigt und passt somit an die meisten Handgelenkgr\u00f6\u00dfen.<\/p>\n<\/li>\n<li>\n<p data-path-to-node=\"11,3,0\"><b data-path-to-node=\"11,3,0\" data-index-in-node=\"0\">Nat\u00fcrliche Materialien:<\/b> Hergestellt aus echtem Leder und Glas f\u00fcr eine hochwertige Optik in Einzelhandelsqualit\u00e4t.<\/p>\n<\/li>\n<\/ul>","protected":false},"featured_media":6412,"comment_status":"closed","ping_status":"closed","template":"","meta":[],"product_brand":[],"product_cat":[66,117],"product_tag":[],"class_list":{"0":"post-4065","1":"product","2":"type-product","3":"status-publish","4":"has-post-thumbnail","6":"product_cat-wristbands","7":"product_cat-leather-wristbands","9":"first","10":"instock","11":"shipping-taxable","12":"purchasable","13":"product-type-simple"},"_links":{"self":[{"href":"https:\/\/wristbandfactory.eu\/de\/wp-json\/wp\/v2\/product\/4065","targetHints":{"allow":["GET"]}}],"collection":[{"href":"https:\/\/wristbandfactory.eu\/de\/wp-json\/wp\/v2\/product"}],"about":[{"href":"https:\/\/wristbandfactory.eu\/de\/wp-json\/wp\/v2\/types\/product"}],"replies":[{"embeddable":true,"href":"https:\/\/wristbandfactory.eu\/de\/wp-json\/wp\/v2\/comments?post=4065"}],"wp:featuredmedia":[{"embeddable":true,"href":"https:\/\/wristbandfactory.eu\/de\/wp-json\/wp\/v2\/media\/6412"}],"wp:attachment":[{"href":"https:\/\/wristbandfactory.eu\/de\/wp-json\/wp\/v2\/media?parent=4065"}],"wp:term":[{"taxonomy":"product_brand","embeddable":true,"href":"https:\/\/wristbandfactory.eu\/de\/wp-json\/wp\/v2\/product_brand?post=4065"},{"taxonomy":"product_cat","embeddable":true,"href":"https:\/\/wristbandfactory.eu\/de\/wp-json\/wp\/v2\/product_cat?post=4065"},{"taxonomy":"product_tag","embeddable":true,"href":"https:\/\/wristbandfactory.eu\/de\/wp-json\/wp\/v2\/product_tag?post=4065"}],"curies":[{"name":"wp","href":"https:\/\/api.w.org\/{rel}","templated":true}]}}