{"id":4046,"date":"2025-05-09T17:16:59","date_gmt":"2025-05-09T14:16:59","guid":{"rendered":"https:\/\/wristbandfactory.eu\/?post_type=product&#038;p=4046"},"modified":"2025-12-30T14:52:01","modified_gmt":"2025-12-30T11:52:01","slug":"custom-leather-wristbands","status":"publish","type":"product","link":"https:\/\/wristbandfactory.eu\/de\/p\/custom-leather-wristbands\/","title":{"rendered":"Ma\u00dfgefertigte Lederarmb\u00e4nder"},"content":{"rendered":"<p>Dieses elegante Armband ist aus hochwertigem braunem Leder gefertigt und mit strapazierf\u00e4higen, gewachsten Baumwollkordeln und geschmackvollen versilberten Perlen verziert. Eine zentrale Perle mit dem universellen Friedenssymbol verleiht dem Armband eine bedeutungsvolle Note und steht f\u00fcr Harmonie und Partnerschaft. Das Design wird durch einen polierten Verschluss aus silberfarbener Metalllegierung gesichert, der sowohl Langlebigkeit als auch ein edles Finish f\u00fcr den Alltag gew\u00e4hrleistet.<\/p>\n<p>Der Schl\u00fcssel zu seinem Wert als Werbemittel liegt in der Verpackung. Jedes Armband ist auf einer nat\u00fcrlichen Kraftpapierkarte befestigt, die als Leinwand f\u00fcr Ihre Marke dient. Wir bieten pr\u00e4zisen Tampondruck Ihres Firmenlogos oder einer individuellen Botschaft in bis zu vier Farben auf einer Fl\u00e4che von 25 \u00d7 15 mm. Diese durchdachte Pr\u00e4sentation stellt Ihre Marke in den Mittelpunkt und hinterl\u00e4sst einen bleibenden Eindruck, lange nachdem das Geschenk erhalten wurde.<\/p>\n<p><b>Hauptmerkmale:<\/b><\/p>\n<ul>\n<li><b>Material:<\/b> Echtes Leder, gewachste Baumwolle und versilberte Legierung<\/li>\n<li><b>Markenbildung:<\/b> Individuell bedruckte Kraftpapier-Tr\u00e4gerkarte<\/li>\n<li><b>Druckbereich:<\/b> 25 \u00d7 15 mm auf der Oberseite der Karte<\/li>\n<li><b>Druckmethode:<\/b> Hochwertiger Tampondruck (bis zu 4 Farben)<\/li>\n<li><b>Symbolismus:<\/b> Verf\u00fcgt \u00fcber eine Perle mit Friedenssymbol f\u00fcr eine Botschaft der Einheit<\/li>\n<li><b>Schlie\u00dfe:<\/b> Sicherer und stilvoller Verschluss aus silberfarbener Metalllegierung<\/li>\n<\/ul>\n<p>&nbsp;<\/p>","protected":false},"excerpt":{"rendered":"<article class=\"text-token-text-primary w-full\" dir=\"auto\" data-testid=\"conversation-turn-440\" data-scroll-anchor=\"true\">\n<div class=\"text-base my-auto mx-auto py-5 [--thread-content-margin:--spacing(4)] @[37rem]:[--thread-content-margin:--spacing(6)] @[72rem]:[--thread-content-margin:--spacing(16)] px-(--thread-content-margin)\">\n<div class=\"[--thread-content-max-width:32rem] @[34rem]:[--thread-content-max-width:40rem] @[64rem]:[--thread-content-max-width:48rem] mx-auto flex max-w-(--thread-content-max-width) flex-1 text-base gap-4 md:gap-5 lg:gap-6 group\/turn-messages focus-visible:outline-hidden\" tabindex=\"-1\">\n<div class=\"group\/conversation-turn relative flex w-full min-w-0 flex-col agent-turn\">\n<div class=\"relative flex-col gap-1 md:gap-3\">\n<div class=\"flex max-w-full flex-col grow\">\n<div class=\"min-h-8 text-message relative flex w-full flex-col items-end gap-2 text-start break-words whitespace-normal [.text-message+&amp;]:mt-5\" dir=\"auto\" data-message-author-role=\"assistant\" data-message-id=\"90623f22-b929-41cf-a2ca-210f95d4ea1a\" data-message-model-slug=\"gpt-4o\">\n<div class=\"flex w-full flex-col gap-1 empty:hidden first:pt-[3px]\">\n<div class=\"markdown prose dark:prose-invert w-full break-words light\">\n<p>Discover the perfect corporate gift that combines timeless style with powerful branding. Our premium leather bracelets offer a sophisticated way to show appreciation to clients, reward employees, or create unique merchandise. Presented on a fully customizable backing card, this product transforms a simple gesture into a memorable brand experience.<\/p>\n<\/div>\n<\/div>\n<\/div>\n<\/div>\n<\/div>\n<\/div>\n<\/div>\n<\/div>\n<\/article>\n<div class=\"pointer-events-none h-px w-px\" aria-hidden=\"true\" data-edge=\"true\"><\/div>\n","protected":false},"featured_media":6404,"comment_status":"closed","ping_status":"closed","template":"","meta":[],"product_brand":[],"product_cat":[66,117],"product_tag":[],"class_list":{"0":"post-4046","1":"product","2":"type-product","3":"status-publish","4":"has-post-thumbnail","6":"product_cat-wristbands","7":"product_cat-leather-wristbands","9":"first","10":"instock","11":"shipping-taxable","12":"purchasable","13":"product-type-simple"},"_links":{"self":[{"href":"https:\/\/wristbandfactory.eu\/de\/wp-json\/wp\/v2\/product\/4046","targetHints":{"allow":["GET"]}}],"collection":[{"href":"https:\/\/wristbandfactory.eu\/de\/wp-json\/wp\/v2\/product"}],"about":[{"href":"https:\/\/wristbandfactory.eu\/de\/wp-json\/wp\/v2\/types\/product"}],"replies":[{"embeddable":true,"href":"https:\/\/wristbandfactory.eu\/de\/wp-json\/wp\/v2\/comments?post=4046"}],"wp:featuredmedia":[{"embeddable":true,"href":"https:\/\/wristbandfactory.eu\/de\/wp-json\/wp\/v2\/media\/6404"}],"wp:attachment":[{"href":"https:\/\/wristbandfactory.eu\/de\/wp-json\/wp\/v2\/media?parent=4046"}],"wp:term":[{"taxonomy":"product_brand","embeddable":true,"href":"https:\/\/wristbandfactory.eu\/de\/wp-json\/wp\/v2\/product_brand?post=4046"},{"taxonomy":"product_cat","embeddable":true,"href":"https:\/\/wristbandfactory.eu\/de\/wp-json\/wp\/v2\/product_cat?post=4046"},{"taxonomy":"product_tag","embeddable":true,"href":"https:\/\/wristbandfactory.eu\/de\/wp-json\/wp\/v2\/product_tag?post=4046"}],"curies":[{"name":"wp","href":"https:\/\/api.w.org\/{rel}","templated":true}]}}