{"id":4024,"date":"2025-05-09T16:57:10","date_gmt":"2025-05-09T13:57:10","guid":{"rendered":"https:\/\/wristbandfactory.eu\/?post_type=product&#038;p=4024"},"modified":"2026-01-03T01:16:50","modified_gmt":"2026-01-02T22:16:50","slug":"custom-engraved-multifunctional-paracord-survival-wristbands","status":"publish","type":"product","link":"https:\/\/wristbandfactory.eu\/de\/p\/custom-engraved-multifunctional-paracord-survival-wristbands\/","title":{"rendered":"Paracord-Armb\u00e4nder mit Gravur"},"content":{"rendered":"<p data-path-to-node=\"8\">Werten Sie Ihre Firmengeschenke mit einem Tool auf, das Funktionalit\u00e4t und robustes Design vereint. Unser multifunktionales Paracord-Survival-Armband ist mehr als nur ein Accessoire; es ist ein kompaktes Notfallset f\u00fcr aktive Menschen und Abenteurer. Ob beim Wandern, Campen oder taktischen Training \u2013 dieses Armband bietet Ihnen die wichtigsten Werkzeuge direkt am Handgelenk.<\/p>\n<p data-path-to-node=\"9\">Das Herzst\u00fcck des Armbands besteht aus hochfestem Nylon-Paracord, das sich in Notsituationen abwickeln l\u00e4sst. Der integrierte, sichere Schnallenverschluss beherbergt eine laute Notpfeife und einen Feuerstarter-Schaber, w\u00e4hrend sich oben ein zuverl\u00e4ssiger Kompass und ein robuster Flaschen\u00f6ffner befinden.<\/p>\n<h2 data-path-to-node=\"10\">Hauptmerkmale<\/h2>\n<ul data-path-to-node=\"11\">\n<li>\n<p data-path-to-node=\"11,0,0\"><b data-path-to-node=\"11,0,0\" data-index-in-node=\"0\">All-in-One-Utility:<\/b> F\u00fcnf essentielle \u00dcberlebenswerkzeuge in einem einzigen tragbaren Design vereint.<\/p>\n<\/li>\n<li>\n<p data-path-to-node=\"11,1,0\"><b data-path-to-node=\"11,1,0\" data-index-in-node=\"0\">Individuelle Lasergravur:<\/b> Ihr Firmenlogo wird pr\u00e4zise in die Metallplatte eingraviert, sodass die Markenbotschaft niemals verblasst oder abbl\u00e4ttert.<\/p>\n<\/li>\n<li>\n<p data-path-to-node=\"11,2,0\"><b data-path-to-node=\"11,2,0\" data-index-in-node=\"0\">Robuste Konstruktion:<\/b> Es wurde entwickelt, um rauen Umweltbedingungen standzuhalten, was es zu einem Favoriten unter Outdoor-Enthusiasten macht.<\/p>\n<\/li>\n<li>\n<p data-path-to-node=\"11,3,0\"><b data-path-to-node=\"11,3,0\" data-index-in-node=\"0\">Ergonomische Passform:<\/b> Entwickelt f\u00fcr hohen Tragekomfort auch bei l\u00e4ngerem Tragen, mit einem sicheren Schnallensystem.<\/p>\n<\/li>\n<\/ul>\n<h2 data-path-to-node=\"12\">Technische Daten<\/h2>\n<ul data-path-to-node=\"13\">\n<li>\n<p data-path-to-node=\"13,0,0\"><b data-path-to-node=\"13,0,0\" data-index-in-node=\"0\">Material:<\/b> Hochfestes Nylon-Paracord und Metallkomponenten<\/p>\n<\/li>\n<li>\n<p data-path-to-node=\"13,1,0\"><b data-path-to-node=\"13,1,0\" data-index-in-node=\"0\">Abmessungen:<\/b> 25,5 \u00d7 3,4 \u00d7 1,1 cm<\/p>\n<\/li>\n<li>\n<p data-path-to-node=\"13,2,0\"><b data-path-to-node=\"13,2,0\" data-index-in-node=\"0\">Gewicht:<\/b> 36 g<\/p>\n<\/li>\n<li>\n<p data-path-to-node=\"13,3,0\"><b data-path-to-node=\"13,3,0\" data-index-in-node=\"0\">Integrierte Funktionen:<\/b> Armband, Kompass, Pfeife, Feueranz\u00fcnder, Flaschen\u00f6ffner<\/p>\n<\/li>\n<li>\n<p data-path-to-node=\"13,4,0\"><b data-path-to-node=\"13,4,0\" data-index-in-node=\"0\">Anpassungsbereich:<\/b> 20 \u00d7 10 mm auf der Metallplatte<\/p>\n<\/li>\n<li>\n<p data-path-to-node=\"13,5,0\"><b data-path-to-node=\"13,5,0\" data-index-in-node=\"0\">Technik:<\/b> Einfarbige Lasergravur<\/p>\n<\/li>\n<\/ul>\n<h2 data-path-to-node=\"14\">Anwendungsf\u00e4lle<\/h2>\n<ul data-path-to-node=\"15\">\n<li>\n<p data-path-to-node=\"15,0,0\"><b data-path-to-node=\"15,0,0\" data-index-in-node=\"0\">Teambildung im Unternehmen:<\/b> Ein perfektes Geschenk f\u00fcr Wildnis-Retreats und Outdoor-Survival-Herausforderungen.<\/p>\n<\/li>\n<li>\n<p data-path-to-node=\"15,1,0\"><b data-path-to-node=\"15,1,0\" data-index-in-node=\"0\">Abenteuertourismus:<\/b> Reiseb\u00fcros und Reiseveranstalter k\u00f6nnen ihren Kunden Markenartikel anbieten.<\/p>\n<\/li>\n<li>\n<p data-path-to-node=\"15,2,0\"><b data-path-to-node=\"15,2,0\" data-index-in-node=\"0\">Einzelhandel &amp; Merchandising:<\/b> Ein hervorragender Artikel mit hohem wahrgenommenen Wert f\u00fcr Outdoor- und Sportartikelgesch\u00e4fte.<\/p>\n<\/li>\n<li>\n<p data-path-to-node=\"15,3,0\"><b data-path-to-node=\"15,3,0\" data-index-in-node=\"0\">Sicherheitsaufkl\u00e4rungskampagnen:<\/b> Ideal f\u00fcr Organisationen mit Schwerpunkt auf Katastrophenschutz und Notfalldiensten.<\/p>\n<\/li>\n<\/ul>","protected":false},"excerpt":{"rendered":"<article class=\"text-token-text-primary w-full\" dir=\"auto\" data-testid=\"conversation-turn-434\" data-scroll-anchor=\"true\">\n<div class=\"text-base my-auto mx-auto py-5 [--thread-content-margin:--spacing(4)] @[37rem]:[--thread-content-margin:--spacing(6)] @[72rem]:[--thread-content-margin:--spacing(16)] px-(--thread-content-margin)\">\n<div class=\"[--thread-content-max-width:32rem] @[34rem]:[--thread-content-max-width:40rem] @[64rem]:[--thread-content-max-width:48rem] mx-auto flex max-w-(--thread-content-max-width) flex-1 text-base gap-4 md:gap-5 lg:gap-6 group\/turn-messages focus-visible:outline-hidden\" tabindex=\"-1\">\n<div class=\"group\/conversation-turn relative flex w-full min-w-0 flex-col agent-turn\">\n<div class=\"relative flex-col gap-1 md:gap-3\">\n<div class=\"flex max-w-full flex-col grow\">\n<div class=\"min-h-8 text-message relative flex w-full flex-col items-end gap-2 text-start break-words whitespace-normal [.text-message+&amp;]:mt-5\" dir=\"auto\" data-message-author-role=\"assistant\" data-message-id=\"209e0cfa-4190-4646-a2b0-a9a360850576\" data-message-model-slug=\"gpt-4o\">\n<div class=\"flex w-full flex-col gap-1 empty:hidden first:pt-[3px]\">\n<div class=\"markdown prose dark:prose-invert w-full break-words light\">\n<ul>\n<li>\n<p data-path-to-node=\"7,0,0\"><b data-path-to-node=\"7,0,0\" data-index-in-node=\"0\">Multifunctional 5-in-1 Tool:<\/b> Includes a compass, whistle, firestarter, bottle opener, and durable paracord.<\/p>\n<\/li>\n<li>\n<p data-path-to-node=\"7,1,0\"><b data-path-to-node=\"7,1,0\" data-index-in-node=\"0\">Premium Branding:<\/b> Professional laser engraving on a 20 \u00d7 10 mm metal plate for permanent logo visibility.<\/p>\n<\/li>\n<li>\n<p data-path-to-node=\"7,2,0\"><b data-path-to-node=\"7,2,0\" data-index-in-node=\"0\">Extreme Durability:<\/b> Made from heavy-duty nylon, designed for outdoor adventures and emergency preparedness.<\/p>\n<\/li>\n<li>\n<p data-path-to-node=\"7,3,0\"><b data-path-to-node=\"7,3,0\" data-index-in-node=\"0\">B2B Versatility:<\/b> Ideal for travel agencies, team-building events, and outdoor equipment retailers.<\/p>\n<\/li>\n<\/ul>\n<\/div>\n<\/div>\n<\/div>\n<\/div>\n<\/div>\n<\/div>\n<\/div>\n<\/div>\n<\/article>\n","protected":false},"featured_media":6416,"comment_status":"closed","ping_status":"closed","template":"","meta":[],"product_brand":[],"product_cat":[66,112,45],"product_tag":[],"class_list":{"0":"post-4024","1":"product","2":"type-product","3":"status-publish","4":"has-post-thumbnail","6":"product_cat-wristbands","7":"product_cat-paracord-wristbands","8":"product_cat-other","10":"first","11":"instock","12":"shipping-taxable","13":"purchasable","14":"product-type-simple"},"_links":{"self":[{"href":"https:\/\/wristbandfactory.eu\/de\/wp-json\/wp\/v2\/product\/4024","targetHints":{"allow":["GET"]}}],"collection":[{"href":"https:\/\/wristbandfactory.eu\/de\/wp-json\/wp\/v2\/product"}],"about":[{"href":"https:\/\/wristbandfactory.eu\/de\/wp-json\/wp\/v2\/types\/product"}],"replies":[{"embeddable":true,"href":"https:\/\/wristbandfactory.eu\/de\/wp-json\/wp\/v2\/comments?post=4024"}],"wp:featuredmedia":[{"embeddable":true,"href":"https:\/\/wristbandfactory.eu\/de\/wp-json\/wp\/v2\/media\/6416"}],"wp:attachment":[{"href":"https:\/\/wristbandfactory.eu\/de\/wp-json\/wp\/v2\/media?parent=4024"}],"wp:term":[{"taxonomy":"product_brand","embeddable":true,"href":"https:\/\/wristbandfactory.eu\/de\/wp-json\/wp\/v2\/product_brand?post=4024"},{"taxonomy":"product_cat","embeddable":true,"href":"https:\/\/wristbandfactory.eu\/de\/wp-json\/wp\/v2\/product_cat?post=4024"},{"taxonomy":"product_tag","embeddable":true,"href":"https:\/\/wristbandfactory.eu\/de\/wp-json\/wp\/v2\/product_tag?post=4024"}],"curies":[{"name":"wp","href":"https:\/\/api.w.org\/{rel}","templated":true}]}}