{"id":3908,"date":"2025-05-08T15:38:19","date_gmt":"2025-05-08T12:38:19","guid":{"rendered":"https:\/\/wristbandfactory.eu\/?post_type=product&#038;p=3908"},"modified":"2026-01-09T18:12:36","modified_gmt":"2026-01-09T15:12:36","slug":"phone-wrist-straps-with-bamboo-holder","status":"publish","type":"product","link":"https:\/\/wristbandfactory.eu\/de\/p\/phone-wrist-straps-with-bamboo-holder\/","title":{"rendered":"Handy-Handschlaufe mit Bambushalterung"},"content":{"rendered":"<p>Verschenken Sie mit unserer Handy-Handschlaufe aus Baumwolle ein funktionales und umweltfreundliches Firmengeschenk. Dieses praktische Accessoire ist ideal, um Smartphones bei Konferenzen, Messen oder Firmenevents sicher und griffbereit zu halten und gleichzeitig die H\u00e4nde frei zu haben.<\/p>\n<p>Der Trageriemen besteht aus weicher, strapazierf\u00e4higer Baumwolle, w\u00e4hrend die Handyhalterung aus nachhaltigem Bambus gefertigt ist. Dieses Bambusteil bietet eine elegante und gut sichtbare Fl\u00e4che f\u00fcr Ihr Branding und eignet sich perfekt f\u00fcr eine pr\u00e4zise Lasergravur Ihres Firmenlogos.<\/p>\n<p>Das Set enth\u00e4lt ein Befestigungswerkzeug, das unauff\u00e4llig zwischen Smartphone und H\u00fclle angebracht wird und so f\u00fcr sicheren Halt sorgt. Um das Engagement Ihres Unternehmens f\u00fcr Nachhaltigkeit zu unterstreichen, ist jedes Armband einzeln in einem Recyclingpapierbeutel verpackt und eignet sich daher ideal als Werbegeschenk f\u00fcr umweltbewusste Marken.<\/p>\n<p><b>Hauptmerkmale:<\/b><\/p>\n<ul>\n<li><b>Praktische Freisprechl\u00f6sung:<\/b> Sorgt f\u00fcr die sichere und zug\u00e4ngliche Nutzung von Smartphones bei Firmenveranstaltungen.<\/li>\n<li><b>Umweltfreundliche Materialien:<\/b> Hergestellt aus weicher Baumwolle und einem nachhaltigen Bambushalter.<\/li>\n<li><b>Hochwertige Branding-Oberfl\u00e4che:<\/b> Der Bambushalter eignet sich ideal f\u00fcr individuelle Lasergravuren oder Tampondrucke.<\/li>\n<li><b>Verstellbares Design:<\/b> Passt bequem an alle Handgelenkgr\u00f6\u00dfen und ist somit universell einsetzbar.<\/li>\n<li><b>Nachhaltige Verpackungen:<\/b> Einzeln verpackt in einem Recyclingpapierbeutel, um Ihre umweltfreundliche Botschaft zu unterstreichen.<\/li>\n<li><b>Vielseitiges Drucken:<\/b> Personalisieren Sie Ihr Produkt mit Lasergravur, Tampondruck oder Transferdruck.<\/li>\n<\/ul>","protected":false},"excerpt":{"rendered":"<ul>\n<li>Umweltfreundliches Firmengeschenk aus weicher Baumwolle und nachhaltigem Bambus.<\/li>\n<li>Bietet freih\u00e4ndigen Telefonzugang, ideal f\u00fcr Konferenzen und Veranstaltungen mit viel Betrieb.<\/li>\n<li>Der Bambushalter eignet sich perfekt f\u00fcr die individuelle Lasergravur Ihres Logos.<\/li>\n<li>Einzeln verpackt in einem Recyclingpapierbeutel f\u00fcr unbedruckte Verteilung.<\/li>\n<\/ul>","protected":false},"featured_media":6657,"comment_status":"closed","ping_status":"closed","template":"","meta":[],"product_brand":[],"product_cat":[128],"product_tag":[],"class_list":{"0":"post-3908","1":"product","2":"type-product","3":"status-publish","4":"has-post-thumbnail","6":"product_cat-mobile-tech-accessories","8":"first","9":"instock","10":"shipping-taxable","11":"purchasable","12":"product-type-simple"},"_links":{"self":[{"href":"https:\/\/wristbandfactory.eu\/de\/wp-json\/wp\/v2\/product\/3908","targetHints":{"allow":["GET"]}}],"collection":[{"href":"https:\/\/wristbandfactory.eu\/de\/wp-json\/wp\/v2\/product"}],"about":[{"href":"https:\/\/wristbandfactory.eu\/de\/wp-json\/wp\/v2\/types\/product"}],"replies":[{"embeddable":true,"href":"https:\/\/wristbandfactory.eu\/de\/wp-json\/wp\/v2\/comments?post=3908"}],"wp:featuredmedia":[{"embeddable":true,"href":"https:\/\/wristbandfactory.eu\/de\/wp-json\/wp\/v2\/media\/6657"}],"wp:attachment":[{"href":"https:\/\/wristbandfactory.eu\/de\/wp-json\/wp\/v2\/media?parent=3908"}],"wp:term":[{"taxonomy":"product_brand","embeddable":true,"href":"https:\/\/wristbandfactory.eu\/de\/wp-json\/wp\/v2\/product_brand?post=3908"},{"taxonomy":"product_cat","embeddable":true,"href":"https:\/\/wristbandfactory.eu\/de\/wp-json\/wp\/v2\/product_cat?post=3908"},{"taxonomy":"product_tag","embeddable":true,"href":"https:\/\/wristbandfactory.eu\/de\/wp-json\/wp\/v2\/product_tag?post=3908"}],"curies":[{"name":"wp","href":"https:\/\/api.w.org\/{rel}","templated":true}]}}