{"id":3867,"date":"2025-05-07T17:40:16","date_gmt":"2025-05-07T14:40:16","guid":{"rendered":"https:\/\/wristbandfactory.eu\/?post_type=product&#038;p=3867"},"modified":"2025-12-22T16:35:58","modified_gmt":"2025-12-22T13:35:58","slug":"tie-on-ribbon-wristbands","status":"publish","type":"product","link":"https:\/\/wristbandfactory.eu\/de\/p\/tie-on-ribbon-wristbands\/","title":{"rendered":"Armb\u00e4nder mit Schleife zum Binden"},"content":{"rendered":"<p>Unterst\u00fctzen Sie Ihr Anliegen oder steigern Sie Ihre Werbewirkung mit unseren unbedruckten und effektiven Armb\u00e4ndern zum Anbinden. Diese Armb\u00e4nder sind ein Klassiker f\u00fcr Aufkl\u00e4rungskampagnen, Spendenaktionen und Veranstaltungen im Bereich Corporate Social Responsibility und bieten ein gut sichtbares Branding-Instrument zu einem g\u00fcnstigen Preis.<\/p>\n<p>Diese Armb\u00e4nder aus weichem Polyesterband mit glatter Satin-Oberfl\u00e4che lassen sich unbedruckt selbst anbinden und bieten so eine bequeme Einheitsgr\u00f6\u00dfe. Dank des unkomplizierten Verschlusses eignen sie sich ideal f\u00fcr die Massenverteilung auf Messen, Konferenzen oder Kampagnen zur Sensibilisierung der \u00d6ffentlichkeit.<\/p>\n<p>Die glatte Oberfl\u00e4che eignet sich ideal f\u00fcr individuelle Bedruckungen und erm\u00f6glicht die klare Darstellung Ihres Logos, Kampagnenslogans oder Ihrer Botschaft. Sie dienen als aussagekr\u00e4ftiges und sichtbares Symbol der Unterst\u00fctzung f\u00fcr Unternehmensinitiativen oder gemeinn\u00fctzige Organisationen.<\/p>\n<p><b>Hauptmerkmale:<\/b><\/p>\n<ul>\n<li><b>Selbstbindender Verschluss:<\/b> Unbedrucktes, verstellbares Befestigungssystem f\u00fcr leichte Verteilung und universelle Passform.<\/li>\n<li><b>Weiches Bandmaterial:<\/b> Bequemes Polyesterband mit Satin-Finish, geeignet f\u00fcr kurzfristiges Tragen.<\/li>\n<li><b>Ideal zur Sensibilisierung:<\/b> Die klassische Wahl f\u00fcr Kampagnen zur Sensibilisierung von Wohlt\u00e4tigkeitsorganisationen, gemeinn\u00fctzigen Organisationen und Unternehmen.<\/li>\n<li><b>Anpassbare Oberfl\u00e4che:<\/b> Ideal zum Aufbringen eines im Siebdruckverfahren aufgebrachten Logos oder einer Werbebotschaft.<\/li>\n<li><b>Kosteneffizientes Branding:<\/b> Eine hervorragende L\u00f6sung f\u00fcr Gro\u00dfbestellungen und gro\u00df angelegte Werbeaktionen.<\/li>\n<\/ul>","protected":false},"excerpt":{"rendered":"<article class=\"text-token-text-primary w-full\" dir=\"auto\" data-testid=\"conversation-turn-2\" data-scroll-anchor=\"true\">\n<div class=\"text-base my-auto mx-auto py-5 [--thread-content-margin:--spacing(4)] @[37rem]:[--thread-content-margin:--spacing(6)] @[72rem]:[--thread-content-margin:--spacing(16)] px-(--thread-content-margin)\">\n<div class=\"[--thread-content-max-width:32rem] @[34rem]:[--thread-content-max-width:40rem] @[64rem]:[--thread-content-max-width:48rem] mx-auto flex max-w-(--thread-content-max-width) flex-1 text-base gap-4 md:gap-5 lg:gap-6 group\/turn-messages focus-visible:outline-hidden\" tabindex=\"-1\">\n<div class=\"group\/conversation-turn relative flex w-full min-w-0 flex-col agent-turn\">\n<div class=\"relative flex-col gap-1 md:gap-3\">\n<div class=\"flex max-w-full flex-col grow\">\n<div class=\"min-h-8 text-message relative flex w-full flex-col items-end gap-2 text-start break-words whitespace-normal [.text-message+&amp;]:mt-5\" dir=\"auto\" data-message-author-role=\"assistant\" data-message-id=\"d5fd0877-4229-4aba-9632-b344fd91f147\" data-message-model-slug=\"gpt-4o\">\n<div class=\"flex w-full flex-col gap-1 empty:hidden first:pt-[3px]\">\n<div class=\"markdown prose dark:prose-invert w-full break-words light\">\n<ul>\n<li>Simple, self-tying closure for easy mass distribution.<\/li>\n<li>Soft, satin-finish polyester ribbon material.<\/li>\n<li>Excellent for awareness campaigns, non-profits, and event giveaways.<\/li>\n<li>Customise with your organisation&#8217;s logo or message.<\/li>\n<\/ul>\n<\/div>\n<\/div>\n<\/div>\n<\/div>\n<\/div>\n<\/div>\n<\/div>\n<\/div>\n<\/article>\n","protected":false},"featured_media":6255,"comment_status":"closed","ping_status":"closed","template":"","meta":[],"product_brand":[],"product_cat":[66,96],"product_tag":[],"class_list":{"0":"post-3867","1":"product","2":"type-product","3":"status-publish","4":"has-post-thumbnail","6":"product_cat-wristbands","7":"product_cat-ribbons","9":"first","10":"instock","11":"shipping-taxable","12":"purchasable","13":"product-type-simple"},"_links":{"self":[{"href":"https:\/\/wristbandfactory.eu\/de\/wp-json\/wp\/v2\/product\/3867","targetHints":{"allow":["GET"]}}],"collection":[{"href":"https:\/\/wristbandfactory.eu\/de\/wp-json\/wp\/v2\/product"}],"about":[{"href":"https:\/\/wristbandfactory.eu\/de\/wp-json\/wp\/v2\/types\/product"}],"replies":[{"embeddable":true,"href":"https:\/\/wristbandfactory.eu\/de\/wp-json\/wp\/v2\/comments?post=3867"}],"wp:featuredmedia":[{"embeddable":true,"href":"https:\/\/wristbandfactory.eu\/de\/wp-json\/wp\/v2\/media\/6255"}],"wp:attachment":[{"href":"https:\/\/wristbandfactory.eu\/de\/wp-json\/wp\/v2\/media?parent=3867"}],"wp:term":[{"taxonomy":"product_brand","embeddable":true,"href":"https:\/\/wristbandfactory.eu\/de\/wp-json\/wp\/v2\/product_brand?post=3867"},{"taxonomy":"product_cat","embeddable":true,"href":"https:\/\/wristbandfactory.eu\/de\/wp-json\/wp\/v2\/product_cat?post=3867"},{"taxonomy":"product_tag","embeddable":true,"href":"https:\/\/wristbandfactory.eu\/de\/wp-json\/wp\/v2\/product_tag?post=3867"}],"curies":[{"name":"wp","href":"https:\/\/api.w.org\/{rel}","templated":true}]}}