{"id":3823,"date":"2025-05-06T18:09:47","date_gmt":"2025-05-06T15:09:47","guid":{"rendered":"https:\/\/wristbandfactory.eu\/?post_type=product&#038;p=3823"},"modified":"2025-12-18T13:10:33","modified_gmt":"2025-12-18T10:10:33","slug":"tyvek-safety-wristbands-for-children","status":"publish","type":"product","link":"https:\/\/wristbandfactory.eu\/de\/p\/tyvek-safety-wristbands-for-children\/","title":{"rendered":"Tyvek-Sicherheitsarmb\u00e4nder f\u00fcr Kinder"},"content":{"rendered":"<p>Die Organisation von Veranstaltungen mit Kindern erfordert zus\u00e4tzliche Sicherheit. Unsere Tyvek-Sicherheitsarmb\u00e4nder f\u00fcr Kinder bieten eine unbedruckte, effektive und gut sichtbare L\u00f6sung, um die Sicherheit, Identifizierung und Identifizierung junger Teilnehmer zu gew\u00e4hrleisten und Mitarbeitern und Eltern ein beruhigendes Gef\u00fchl zu geben.<\/p>\n<p>Diese Armb\u00e4nder wurden speziell f\u00fcr schmalere Handgelenke entwickelt und bieten einen bequemen und sicheren Sitz. Hergestellt aus original DuPont\u2122 Tyvek\u00ae, sind sie federleicht und dennoch robust genug f\u00fcr sportliche Aktivit\u00e4ten, ohne zu rei\u00dfen. Dank des wasserdichten Materials eignen sie sich perfekt f\u00fcr jede Veranstaltung, von Schulausfl\u00fcgen \u00fcber Sommercamps bis hin zu Wasserparks.<\/p>\n<p>Jedes Armband verf\u00fcgt \u00fcber einen sicheren Einweg-Klebeverschluss, der eine Weitergabe verhindert. Dies ist unerl\u00e4sslich f\u00fcr die genaue Erfassung der Teilnehmerzahl und eine zuverl\u00e4ssige Zutrittskontrolle. Die speziell daf\u00fcr vorgesehene 60 x 20 mm gro\u00dfe Druckfl\u00e4che erm\u00f6glicht das Hinzuf\u00fcgen wichtiger Informationen wie Gruppenname, Notfallkontaktnummer oder Allergiehinweise. So wird aus einem unbedruckten Identifikationsinstrument ein wichtiges Sicherheitsmerkmal.<\/p>\n<p><b>Hauptmerkmale:<\/b><\/p>\n<ul>\n<li><b>Original Tyvek\u00ae-Material:<\/b> Strapazierf\u00e4hig, leicht, wasserdicht und rei\u00dffest \u2013 geeignet f\u00fcr den ganzt\u00e4gigen, aktiven Einsatz.<\/li>\n<li><b>Kinderspezifische Gr\u00f6\u00dfenangaben:<\/b> Entwickelt f\u00fcr einen sicheren und bequemen Sitz an schmaleren Handgelenken.<\/li>\n<li><b>Sicherer Verschluss:<\/b> Eine manipulationssichere Klebebefestigung mit Sicherheitsverschluss verhindert die Weitergabe zwischen Kindern.<\/li>\n<li><b>Kundenspezifischer Sicherheitsdruck:<\/b> Ein 60 x 20 mm gro\u00dfer Bereich zur Hinzuf\u00fcgung wichtiger Informationen wie Kontaktnummern oder Allergiehinweise.<\/li>\n<li><b>Gut sichtbare Farben:<\/b> Erh\u00e4ltlich in leuchtendem Blau, Rot und Gelb zur unbedruckten visuellen Gruppenidentifizierung.<\/li>\n<li><b>Unbedruckte Verteilung:<\/b> Lieferung in B\u00f6gen zu 10 St\u00fcck f\u00fcr effiziente Handhabung und Druck.<\/li>\n<\/ul>","protected":false},"excerpt":{"rendered":"<ul>\n<li>Speziell entwickelt f\u00fcr einen sicheren und bequemen Sitz am Handgelenk von Kindern.<\/li>\n<li>Strapazierf\u00e4higes, wasserdichtes und rei\u00dffestes Tyvek\u00ae-Material f\u00fcr ganzt\u00e4gigen Spielspa\u00df.<\/li>\n<li>Sicherer, manipulationssicherer Klebeverschluss mit Sicherheitsverriegelung.<\/li>\n<li>Personalisierbar mit Notfallkontaktnummern oder Allergieinformationen (Druckbereich 60x20mm).<\/li>\n<\/ul>","protected":false},"featured_media":6124,"comment_status":"closed","ping_status":"closed","template":"","meta":[],"product_brand":[],"product_cat":[66,41,68],"product_tag":[],"class_list":{"0":"post-3823","1":"product","2":"type-product","3":"status-publish","4":"has-post-thumbnail","6":"product_cat-wristbands","7":"product_cat-tyvek","8":"product_cat-event-supplies","10":"first","11":"instock","12":"shipping-taxable","13":"purchasable","14":"product-type-simple"},"_links":{"self":[{"href":"https:\/\/wristbandfactory.eu\/de\/wp-json\/wp\/v2\/product\/3823","targetHints":{"allow":["GET"]}}],"collection":[{"href":"https:\/\/wristbandfactory.eu\/de\/wp-json\/wp\/v2\/product"}],"about":[{"href":"https:\/\/wristbandfactory.eu\/de\/wp-json\/wp\/v2\/types\/product"}],"replies":[{"embeddable":true,"href":"https:\/\/wristbandfactory.eu\/de\/wp-json\/wp\/v2\/comments?post=3823"}],"wp:featuredmedia":[{"embeddable":true,"href":"https:\/\/wristbandfactory.eu\/de\/wp-json\/wp\/v2\/media\/6124"}],"wp:attachment":[{"href":"https:\/\/wristbandfactory.eu\/de\/wp-json\/wp\/v2\/media?parent=3823"}],"wp:term":[{"taxonomy":"product_brand","embeddable":true,"href":"https:\/\/wristbandfactory.eu\/de\/wp-json\/wp\/v2\/product_brand?post=3823"},{"taxonomy":"product_cat","embeddable":true,"href":"https:\/\/wristbandfactory.eu\/de\/wp-json\/wp\/v2\/product_cat?post=3823"},{"taxonomy":"product_tag","embeddable":true,"href":"https:\/\/wristbandfactory.eu\/de\/wp-json\/wp\/v2\/product_tag?post=3823"}],"curies":[{"name":"wp","href":"https:\/\/api.w.org\/{rel}","templated":true}]}}