{"id":3583,"date":"2025-03-24T15:51:08","date_gmt":"2025-03-24T12:51:08","guid":{"rendered":"https:\/\/wristbandfactory.eu\/?post_type=product&#038;p=3583"},"modified":"2026-01-09T16:47:50","modified_gmt":"2026-01-09T13:47:50","slug":"rpet-lanyards-with-wheat-straw-breakaway","status":"publish","type":"product","link":"https:\/\/wristbandfactory.eu\/de\/p\/rpet-lanyards-with-wheat-straw-breakaway\/","title":{"rendered":"rPET Schl\u00fcsselb\u00e4nder mit Weizenstroh-Verschluss"},"content":{"rendered":"<p data-path-to-node=\"11\">Machen Sie das Engagement Ihres Unternehmens f\u00fcr Nachhaltigkeit bis ins kleinste Detail sichtbar mit unserem <b>rPET-Lanyards mit Weizenstroh-Sicherheitsverschluss<\/b>. Dies ist nicht nur ein Lanyard; es ist ein komplettes, umweltfreundliches Identifikationsset, das f\u00fcr Unternehmen entwickelt wurde, die Neuplastik vollst\u00e4ndig von ihren Veranstaltungen verbannen wollen.<\/p>\n<p data-path-to-node=\"12\">Das Lanyard ist gefertigt aus <b>100% recyceltes PET (rPET)<\/b>, So erhalten gebrauchte Plastikflaschen ein zweites Leben. Anders als herk\u00f6mmliche Modelle l\u00f6st dieses Modell das Problem des \u201cversteckten Plastiks\u201d: Der optionale Sicherheitsverschluss besteht aus \u2026 <b>haltbares Weizenstroh<\/b>, ein biologisch abbaubares, pflanzliches Nebenprodukt. Dieser nat\u00fcrliche Verbundwerkstoff ist genauso fest wie Kunststoff, reduziert aber die Umweltbelastung erheblich.<\/p>\n<p data-path-to-node=\"13\">Um das Set zu vervollst\u00e4ndigen, f\u00fcgen wir ein leichtes Ger\u00e4t hinzu. <b>Ausweishalter aus recycelbarem Papier<\/b>, So wird sichergestellt, dass selbst das Geh\u00e4use des Namensschildes Ihren Umweltwerten entspricht. Das glatte rPET-Gewebe ist perfekt geeignet f\u00fcr <b>Vollfarb-Sublimation<\/b>, So k\u00f6nnen Sie Ihre visuelle Identit\u00e4t in gestochen scharfen, fotorealistischen Details auf beiden Seiten des Armbands pr\u00e4sentieren. Dies ist die ideale Wahl f\u00fcr hochkar\u00e4tige \u201cGreen Conferences\u201d, bei denen jedes Detail z\u00e4hlt.<\/p>\n<p data-path-to-node=\"14\"><b>Hauptmerkmale:<\/b><\/p>\n<ul data-path-to-node=\"15\">\n<li>\n<p data-path-to-node=\"15,0,0\"><b>Material des Schl\u00fcsselbands:<\/b> 100% rPET (recycelt aus gebrauchten PET-Flaschen).<\/p>\n<\/li>\n<li>\n<p data-path-to-node=\"15,1,0\"><b>Innovation:<\/b> Sicherheitsausl\u00f6ser aus biologisch abbaubarem Material <b>Weizenstroh<\/b>.<\/p>\n<\/li>\n<li>\n<p data-path-to-node=\"15,2,0\"><b>Drucken:<\/b> Vollfarbiger, beidseitiger Farbsublimationsdruck f\u00fcr komplexe Grafiken.<\/p>\n<\/li>\n<li>\n<p data-path-to-node=\"15,3,0\"><b>Komplettes Set:<\/b> Beinhaltet standardm\u00e4\u00dfig einen Ausweishalter aus recycelbarem Papier.<\/p>\n<\/li>\n<li>\n<p data-path-to-node=\"15,4,0\"><b>Umweltbewusst:<\/b> Kombiniert recycelte Abf\u00e4lle und nachwachsende pflanzliche Rohstoffe.<\/p>\n<\/li>\n<li>\n<p data-path-to-node=\"15,5,0\"><b>Sicherheit:<\/b> Die Weizenstrohklammer l\u00f6st sich unter Spannung, um Verletzungen zu vermeiden.<\/p>\n<\/li>\n<\/ul>","protected":false},"excerpt":{"rendered":"<ul data-path-to-node=\"9\">\n<li>\n<p data-path-to-node=\"9,0,0\"><b>Beschl\u00e4ge mit reduziertem Kunststoffanteil:<\/b> Verf\u00fcgt \u00fcber einen einzigartigen Sicherheitsverschluss aus biologisch abbaubarem Material <b>Weizenstroh<\/b> statt herk\u00f6mmlichem Kunststoff.<\/p>\n<\/li>\n<li>\n<p data-path-to-node=\"9,1,0\"><b>Komplettes \u00d6ko-Set:<\/b> Beinhaltet ein Lanyard aus recyceltem PET (100%) und einen recycelbaren <b>Papierausweishalter<\/b> f\u00fcr eine vollst\u00e4ndig nachhaltige L\u00f6sung.<\/p>\n<\/li>\n<li>\n<p data-path-to-node=\"9,2,0\"><b>Vollfarbiges Branding:<\/b> Hochaufl\u00f6sender Farbsublimationsdruck erm\u00f6glicht brillante, randlose Designs auf beiden Seiten.<\/p>\n<\/li>\n<li>\n<p data-path-to-node=\"9,3,0\"><b>Kreislaufwirtschaft:<\/b> Verleiht Plastikm\u00fcll ein neues Leben (1 Lanyard \u2248 1 Plastikflasche) und nutzt dabei nachwachsende pflanzliche Rohstoffe.<\/p>\n<\/li>\n<\/ul>","protected":false},"featured_media":6632,"comment_status":"closed","ping_status":"closed","template":"","meta":[],"product_brand":[],"product_cat":[104,106,107,68],"product_tag":[],"class_list":{"0":"post-3583","1":"product","2":"type-product","3":"status-publish","4":"has-post-thumbnail","6":"product_cat-custom-printed-lanyards","7":"product_cat-breakaway-lanyards","8":"product_cat-eco-friendly-lanyards","9":"product_cat-event-supplies","11":"first","12":"instock","13":"shipping-taxable","14":"purchasable","15":"product-type-simple"},"_links":{"self":[{"href":"https:\/\/wristbandfactory.eu\/de\/wp-json\/wp\/v2\/product\/3583","targetHints":{"allow":["GET"]}}],"collection":[{"href":"https:\/\/wristbandfactory.eu\/de\/wp-json\/wp\/v2\/product"}],"about":[{"href":"https:\/\/wristbandfactory.eu\/de\/wp-json\/wp\/v2\/types\/product"}],"replies":[{"embeddable":true,"href":"https:\/\/wristbandfactory.eu\/de\/wp-json\/wp\/v2\/comments?post=3583"}],"wp:featuredmedia":[{"embeddable":true,"href":"https:\/\/wristbandfactory.eu\/de\/wp-json\/wp\/v2\/media\/6632"}],"wp:attachment":[{"href":"https:\/\/wristbandfactory.eu\/de\/wp-json\/wp\/v2\/media?parent=3583"}],"wp:term":[{"taxonomy":"product_brand","embeddable":true,"href":"https:\/\/wristbandfactory.eu\/de\/wp-json\/wp\/v2\/product_brand?post=3583"},{"taxonomy":"product_cat","embeddable":true,"href":"https:\/\/wristbandfactory.eu\/de\/wp-json\/wp\/v2\/product_cat?post=3583"},{"taxonomy":"product_tag","embeddable":true,"href":"https:\/\/wristbandfactory.eu\/de\/wp-json\/wp\/v2\/product_tag?post=3583"}],"curies":[{"name":"wp","href":"https:\/\/api.w.org\/{rel}","templated":true}]}}