{"id":3045,"date":"2025-02-05T15:13:29","date_gmt":"2025-02-05T12:13:29","guid":{"rendered":"https:\/\/wristbandfactory.eu\/toode\/silicone-printed-keychain\/"},"modified":"2026-01-09T18:08:19","modified_gmt":"2026-01-09T15:08:19","slug":"silicone-print-nylon-keychains","status":"publish","type":"product","link":"https:\/\/wristbandfactory.eu\/de\/p\/silicone-print-nylon-keychains\/","title":{"rendered":"Nylon Schl\u00fcsselanh\u00e4nger mit Silikondruck"},"content":{"rendered":"<p data-path-to-node=\"12\">Werten Sie Ihre Werbeartikel mit unserem auf <b data-path-to-node=\"12\" data-index-in-node=\"71\">Individuell bedruckte Nylon-Schl\u00fcsselanh\u00e4nger aus Silikon<\/b>. Hierbei handelt es sich nicht um gew\u00f6hnliche Lanyards, sondern um besonders strapazierf\u00e4hige Accessoires, die f\u00fcr den Langzeitgebrauch konzipiert sind. Das herausragende Merkmal ist die <b data-path-to-node=\"12\" data-index-in-node=\"240\">erhabene Silikon-Drucktechnologie<\/b>, Dabei wird eine dicke, flexible Silikonschicht auf das Nylonarmband aufgebracht. So entsteht ein lebendiger, haptischer 3D-Effekt, der un\u00fcbersehbar ist und \u00e4u\u00dferst widerstandsf\u00e4hig gegen Ausbleichen, Risse und Abbl\u00e4ttern.<\/p>\n<h2 data-path-to-node=\"13\">Hauptmerkmale<\/h2>\n<ul data-path-to-node=\"14\">\n<li>\n<p data-path-to-node=\"14,0,0\"><b data-path-to-node=\"14,0,0\" data-index-in-node=\"0\">Hochwertiger Silikondruck:<\/b> Im Gegensatz zu flacher Tinte verleiht unser Silikondruck Ihrem Logo Textur und Dimension und sorgt so f\u00fcr ein hochwertiges Erscheinungsbild.<\/p>\n<\/li>\n<li>\n<p data-path-to-node=\"14,1,1\"><span data-path-to-node=\"14,1,1,0\"><b data-path-to-node=\"14,1,1,0\" data-index-in-node=\"0\"><span class=\"citation-9\">Robuste Nylonkonstruktion:<\/span><\/b><span class=\"citation-9\"> Hergestellt aus hochfestem Nylongewebe<\/span><\/span><span data-path-to-node=\"14,1,1,2\">, Dieses Armband ist f\u00fcr den t\u00e4glichen Gebrauch konzipiert und eignet sich daher ideal f\u00fcr Outdoor-Marken, Automobilhersteller und aktive Teams.<\/span><\/p>\n<\/li>\n<li>\n<p data-path-to-node=\"14,2,0\"><b data-path-to-node=\"14,2,0\" data-index-in-node=\"0\">Doppeltes Befestigungssystem:<\/b> Maximale Vielseitigkeit wird durch eine robuste Konstruktion gew\u00e4hrleistet. <b data-path-to-node=\"14,2,0\" data-index-in-node=\"69\">Karabiner<\/b> f\u00fcr G\u00fcrtelschlaufen oder Taschen, plus ein Klassiker <b data-path-to-node=\"14,2,0\" data-index-in-node=\"118\">Sprengring<\/b> f\u00fcr Schl\u00fcssel.<\/p>\n<\/li>\n<li>\n<p data-path-to-node=\"14,3,0\"><b data-path-to-node=\"14,3,0\" data-index-in-node=\"0\">Pantone Precision:<\/b> Wir bieten eine vollst\u00e4ndige Farbabstimmung f\u00fcr das Nylonarmband an, um sicherzustellen, dass es perfekt zu Ihrer Corporate Identity passt.<\/p>\n<\/li>\n<\/ul>\n<h2 data-path-to-node=\"15\">Technische Daten<\/h2>\n<ul data-path-to-node=\"16\">\n<li>\n<p data-path-to-node=\"16,0,0\"><b data-path-to-node=\"16,0,0\" data-index-in-node=\"0\">Material:<\/b> Hochleistungsf\u00e4higes Nylongewebe.<\/p>\n<\/li>\n<li>\n<p data-path-to-node=\"16,1,0\"><b data-path-to-node=\"16,1,0\" data-index-in-node=\"0\">Drucktechnik:<\/b> Erhabener Silikondruck (3D-Effekt).<\/p>\n<\/li>\n<li>\n<p data-path-to-node=\"16,2,0\"><b data-path-to-node=\"16,2,0\" data-index-in-node=\"0\">Abmessungen:<\/b> Standardgr\u00f6\u00dfe 25 x 150 mm (Sondergr\u00f6\u00dfen auf Anfrage).<\/p>\n<\/li>\n<li>\n<p data-path-to-node=\"16,3,0\"><b data-path-to-node=\"16,3,0\" data-index-in-node=\"0\">Armaturen:<\/b> Metallkarabinerhaken + Schl\u00fcsselring.<\/p>\n<\/li>\n<li>\n<p data-path-to-node=\"16,4,0\"><b data-path-to-node=\"16,4,0\" data-index-in-node=\"0\">Mindestbestellmenge:<\/b> 100 Einheiten.<\/p>\n<\/li>\n<li>\n<p data-path-to-node=\"16,5,0\"><b data-path-to-node=\"16,5,0\" data-index-in-node=\"0\">Produktionszeit:<\/b> Ca. 18-20 Tage.<\/p>\n<\/li>\n<\/ul>\n<h2 data-path-to-node=\"17\">Anwendungsf\u00e4lle<\/h2>\n<ul data-path-to-node=\"18\">\n<li>\n<p data-path-to-node=\"18,0,0\"><b data-path-to-node=\"18,0,0\" data-index-in-node=\"0\">Autoh\u00e4user:<\/b> Ein hochwertiges Werbegeschenk f\u00fcr neue Autoschl\u00fcssel, das Kunden t\u00e4glich benutzen werden.<\/p>\n<\/li>\n<li>\n<p data-path-to-node=\"18,1,0\"><b data-path-to-node=\"18,1,0\" data-index-in-node=\"0\">Outdoor- und Abenteuermarken:<\/b> Das robuste Nylonmaterial und der Karabinerhaken passen perfekt zum Image eines aktiven Lebensstils.<\/p>\n<\/li>\n<li>\n<p data-path-to-node=\"18,2,0\"><b data-path-to-node=\"18,2,0\" data-index-in-node=\"0\">Firmengeschenke:<\/b> Eine haptisch ansprechende, hochwertige Alternative zu herk\u00f6mmlichen Polyester-Schl\u00fcsselanh\u00e4ngern f\u00fcr Willkommenspakete f\u00fcr Mitarbeiter.<\/p>\n<\/li>\n<li>\n<p data-path-to-node=\"18,3,0\"><b data-path-to-node=\"18,3,0\" data-index-in-node=\"0\">Immobilienmakler:<\/b> Ein langlebiger und einpr\u00e4gsamer Schl\u00fcsselanh\u00e4nger f\u00fcr die \u00dcbergabe neuer Wohnungen.<\/p>\n<\/li>\n<\/ul>","protected":false},"excerpt":{"rendered":"<ul>\n<li>\n<p data-path-to-node=\"11,0,0\"><b data-path-to-node=\"11,0,0\" data-index-in-node=\"0\">3D-Haptikbranding:<\/b> Der erhabene Silikondruck erzeugt einen hochwertigen und langlebigen Logoeffekt.<\/p>\n<\/li>\n<li>\n<p data-path-to-node=\"11,1,0\"><b data-path-to-node=\"11,1,0\" data-index-in-node=\"0\">Hochleistungsmaterial:<\/b> Hergestellt aus robustem, verschlei\u00dffestem Nylongewebe.<\/p>\n<\/li>\n<li>\n<p data-path-to-node=\"11,2,0\"><b data-path-to-node=\"11,2,0\" data-index-in-node=\"0\">Vielseitiger Aufsatz:<\/b> Wird mit einem Karabiner und einem Standard-Sprengring geliefert.<\/p>\n<\/li>\n<li>\n<p data-path-to-node=\"11,3,0\"><b data-path-to-node=\"11,3,0\" data-index-in-node=\"0\">Vollst\u00e4ndig individualisierbar:<\/b> Pantone-Farbanpassung f\u00fcr Armband und Aufdruck m\u00f6glich.<\/p>\n<\/li>\n<\/ul>","protected":false},"featured_media":6655,"comment_status":"closed","ping_status":"closed","template":"","meta":[],"product_brand":[],"product_cat":[94],"product_tag":[],"class_list":{"0":"post-3045","1":"product","2":"type-product","3":"status-publish","4":"has-post-thumbnail","6":"product_cat-keychains","8":"first","9":"instock","10":"shipping-taxable","11":"purchasable","12":"product-type-simple"},"_links":{"self":[{"href":"https:\/\/wristbandfactory.eu\/de\/wp-json\/wp\/v2\/product\/3045","targetHints":{"allow":["GET"]}}],"collection":[{"href":"https:\/\/wristbandfactory.eu\/de\/wp-json\/wp\/v2\/product"}],"about":[{"href":"https:\/\/wristbandfactory.eu\/de\/wp-json\/wp\/v2\/types\/product"}],"replies":[{"embeddable":true,"href":"https:\/\/wristbandfactory.eu\/de\/wp-json\/wp\/v2\/comments?post=3045"}],"wp:featuredmedia":[{"embeddable":true,"href":"https:\/\/wristbandfactory.eu\/de\/wp-json\/wp\/v2\/media\/6655"}],"wp:attachment":[{"href":"https:\/\/wristbandfactory.eu\/de\/wp-json\/wp\/v2\/media?parent=3045"}],"wp:term":[{"taxonomy":"product_brand","embeddable":true,"href":"https:\/\/wristbandfactory.eu\/de\/wp-json\/wp\/v2\/product_brand?post=3045"},{"taxonomy":"product_cat","embeddable":true,"href":"https:\/\/wristbandfactory.eu\/de\/wp-json\/wp\/v2\/product_cat?post=3045"},{"taxonomy":"product_tag","embeddable":true,"href":"https:\/\/wristbandfactory.eu\/de\/wp-json\/wp\/v2\/product_tag?post=3045"}],"curies":[{"name":"wp","href":"https:\/\/api.w.org\/{rel}","templated":true}]}}