{"id":1307,"date":"2024-10-27T11:53:50","date_gmt":"2024-10-27T08:53:50","guid":{"rendered":"https:\/\/wristbandfactory.eu\/toode\/glow-in-the-dark-silicone-wristbands\/"},"modified":"2025-12-19T00:55:18","modified_gmt":"2025-12-18T21:55:18","slug":"glow-in-the-dark-silicone-wristbands","status":"publish","type":"product","link":"https:\/\/wristbandfactory.eu\/de\/p\/glow-in-the-dark-silicone-wristbands\/","title":{"rendered":"Im Dunkeln leuchtende Silikonarmb\u00e4nder"},"content":{"rendered":"<div class=\"mx-12 md:mx-24 lg:mx-48\">\n<div class=\"container my-8 svelte-zlsknf\">\n<div class=\"my-24 rounded-lg border-0 border-gray-700 bg-gray-100 px-16 py-24\">\n<div class=\"mt-11 !text-gray-500\">\n<p>Mit unseren im Dunkeln leuchtenden Silikonarmb\u00e4ndern sticht Ihre Marke auch nach Sonnenuntergang noch hervor. Diese Armb\u00e4nder sind die erste Wahl f\u00fcr Veranstalter, Festivalorganisatoren und Eventmanager, die in Umgebungen mit wenig Licht hohe Sichtbarkeit ben\u00f6tigen. Sie eignen sich hervorragend als Branding-Instrument und Zugangsberechtigung f\u00fcr Clubs, Konzerte und Abendveranstaltungen.<\/p>\n<p>Der Leuchteffekt wird dem Silikon beigemischt und l\u00e4dt sich durch Lichteinwirkung auf. Um optimale Ergebnisse zu erzielen, empfehlen wir dringend die Wahl heller Grundfarben (z. B. Wei\u00df, Gr\u00fcn, Rosa), da der Leuchteffekt auf dunklerem Silikon weniger stark zur Geltung kommt.<\/p>\n<p>Dieser Effekt l\u00e4sst sich mit anderen Personalisierungsmethoden wie Druck, Pr\u00e4gung und Reliefdruck kombinieren, sodass Sie ein einzigartiges und funktionales Armband f\u00fcr Ihre Veranstaltung gestalten k\u00f6nnen. Dank schneller Produktion und Lieferung halten wir auch Ihre engen Termine ein.<\/p>\n<p><b>Hauptmerkmale:<\/b><\/p>\n<ul>\n<li><b>Gut sichtbares Leuchten:<\/b> L\u00e4dt sich durch Licht auf und erzeugt ein helles Leuchten, perfekt f\u00fcr Nachtclubs und Abendveranstaltungen.<\/li>\n<li><b>Strapazierf\u00e4higes 100% Silikon:<\/b> Wasserdicht, robust und komfortabel auch bei mehrst\u00fcndigem Gebrauch.<\/li>\n<li><b>Umfangreiche Anpassungsm\u00f6glichkeiten:<\/b> Kann mit gedruckten, gepr\u00e4gten oder erhabenen Branding-Methoden kombiniert werden.<\/li>\n<li><b>Schnelle Bearbeitung:<\/b> Schnelle Produktion und Lieferung, um enge Veranstaltungstermine einzuhalten.<\/li>\n<li><b>Profi-Tipp:<\/b> F\u00fcr die st\u00e4rkste Wirkung ist die Anwendung auf hellfarbigen Silikonuntergr\u00fcnden empfehlenswert.<\/li>\n<\/ul>\n<\/div>\n<\/div>\n<\/div>\n<\/div>","protected":false},"excerpt":{"rendered":"<ul>\n<li>Der gut sichtbare Leuchteffekt sorgt daf\u00fcr, dass Ihre Marke auch nachts wahrgenommen wird.<\/li>\n<li>Ideal f\u00fcr Festivals, Nachtclubs und abendliche Firmenveranstaltungen.<\/li>\n<li>Schnelle Produktion und Lieferung f\u00fcr eine z\u00fcgige Veranstaltungsplanung.<\/li>\n<li>Die besten Ergebnisse werden auf hellfarbigen Silikonuntergr\u00fcnden erzielt.<\/li>\n<\/ul>","protected":false},"featured_media":6131,"comment_status":"closed","ping_status":"closed","template":"","meta":[],"product_brand":[],"product_cat":[66,49],"product_tag":[],"class_list":{"0":"post-1307","1":"product","2":"type-product","3":"status-publish","4":"has-post-thumbnail","6":"product_cat-wristbands","7":"product_cat-silicone","9":"first","10":"instock","11":"shipping-taxable","12":"purchasable","13":"product-type-simple"},"_links":{"self":[{"href":"https:\/\/wristbandfactory.eu\/de\/wp-json\/wp\/v2\/product\/1307","targetHints":{"allow":["GET"]}}],"collection":[{"href":"https:\/\/wristbandfactory.eu\/de\/wp-json\/wp\/v2\/product"}],"about":[{"href":"https:\/\/wristbandfactory.eu\/de\/wp-json\/wp\/v2\/types\/product"}],"replies":[{"embeddable":true,"href":"https:\/\/wristbandfactory.eu\/de\/wp-json\/wp\/v2\/comments?post=1307"}],"wp:featuredmedia":[{"embeddable":true,"href":"https:\/\/wristbandfactory.eu\/de\/wp-json\/wp\/v2\/media\/6131"}],"wp:attachment":[{"href":"https:\/\/wristbandfactory.eu\/de\/wp-json\/wp\/v2\/media?parent=1307"}],"wp:term":[{"taxonomy":"product_brand","embeddable":true,"href":"https:\/\/wristbandfactory.eu\/de\/wp-json\/wp\/v2\/product_brand?post=1307"},{"taxonomy":"product_cat","embeddable":true,"href":"https:\/\/wristbandfactory.eu\/de\/wp-json\/wp\/v2\/product_cat?post=1307"},{"taxonomy":"product_tag","embeddable":true,"href":"https:\/\/wristbandfactory.eu\/de\/wp-json\/wp\/v2\/product_tag?post=1307"}],"curies":[{"name":"wp","href":"https:\/\/api.w.org\/{rel}","templated":true}]}}