{"id":1304,"date":"2024-10-27T11:53:50","date_gmt":"2024-10-27T08:53:50","guid":{"rendered":"https:\/\/wristbandfactory.eu\/toode\/silicone-wristbands\/"},"modified":"2025-12-16T15:53:34","modified_gmt":"2025-12-16T12:53:34","slug":"wide-printed-silicone-wristbands-25mm","status":"publish","type":"product","link":"https:\/\/wristbandfactory.eu\/de\/p\/wide-printed-silicone-wristbands-25mm\/","title":{"rendered":"Breite bedruckte Silikonarmb\u00e4nder (25 mm)"},"content":{"rendered":"<p>Diese 25 mm breiten Armb\u00e4nder sorgen f\u00fcr maximale Sichtbarkeit und sind die erste Wahl f\u00fcr Event- und Festivalorganisatoren, deren Branding aus der Masse hervorstechen soll. Die gro\u00dfz\u00fcgige Oberfl\u00e4che eignet sich perfekt f\u00fcr komplexe Logos, detaillierte Texte und auff\u00e4llige Designs. Die Armb\u00e4nder aus strapazierf\u00e4higem 100%-Silikon sind bequem f\u00fcr mehrere Tage, wasserdicht und langlebig \u2013 eine greifbare Erinnerung an Ihre Veranstaltung oder Kampagne.<\/p>\n<p>Wir bieten Ihnen eine vollst\u00e4ndige Anpassung an Ihre Markenidentit\u00e4t. Unser Silikon ist Pantone-kompatibel und garantiert eine pr\u00e4zise Farbwiedergabe Ihrer Markenrichtlinien. W\u00e4hlen Sie aus einer Vielzahl von Anpassungsstilen, um Ihren gew\u00fcnschten Look zu erzielen \u2013 vom klassischen Siebdruck bis hin zu raffinierten Pr\u00e4ge- oder Pr\u00e4geeffekten. Mit Farbf\u00fcllungen k\u00f6nnen Sie Ihr Design optimal in Szene setzen.<\/p>\n<p><b>Hauptmerkmale:<\/b><\/p>\n<ul>\n<li><b>Extra breite Oberfl\u00e4che:<\/b> 25 mm Breite f\u00fcr maximale Sichtbarkeit von Design und Logo.<\/li>\n<li><b>Material:<\/b> 100% hochwertiges, langlebiges Silikon.<\/li>\n<li><b>Anpassungsoptionen:<\/b> Erh\u00e4ltlich in den Ausf\u00fchrungen \u201eBedruckt\u201c, \u201eGepr\u00e4gt\u201c, \u201eGepr\u00e4gt mit Farbf\u00fcllung\u201c, \u201eErhaben\u201c und \u201eGepr\u00e4gt bedruckt\u201c.<\/li>\n<li><b>Pantone\u00ae-Abstimmung:<\/b> Pr\u00e4zise Farbabstimmung auf Ihre genauen Markenspezifikationen.<\/li>\n<li><b>Mindestbestellwert:<\/b> Ab nur 100 St\u00fcck.<\/li>\n<li><b>Verpackung:<\/b> Jedes Armband ist einzeln in einem sch\u00fctzenden Polybeutel verpackt.<\/li>\n<li><b>Mehrwert:<\/b> Kostenlose Designunterst\u00fctzung zur Perfektionierung Ihres Kunstwerks.<\/li>\n<\/ul>","protected":false},"excerpt":{"rendered":"<p>Wenn Standard-Werbeartikel nicht ausreichen, erzielen Sie mit unseren breiten, individuell anpassbaren Silikonarmb\u00e4ndern einen gr\u00f6\u00dferen Eindruck. Diese 25 mm breiten Armb\u00e4nder bieten die doppelte Oberfl\u00e4che herk\u00f6mmlicher Armb\u00e4nder und sind eine attraktive Leinwand f\u00fcr die Pr\u00e4sentation Ihrer Marke. So wird sichergestellt, dass Ihr Logo oder Ihre Botschaft nicht zu \u00fcbersehen ist und lange nach Ihrer Veranstaltung in Erinnerung bleibt.<\/p>","protected":false},"featured_media":5976,"comment_status":"closed","ping_status":"closed","template":"","meta":[],"product_brand":[],"product_cat":[66,49],"product_tag":[],"class_list":{"0":"post-1304","1":"product","2":"type-product","3":"status-publish","4":"has-post-thumbnail","6":"product_cat-wristbands","7":"product_cat-silicone","9":"first","10":"instock","11":"shipping-taxable","12":"purchasable","13":"product-type-simple"},"_links":{"self":[{"href":"https:\/\/wristbandfactory.eu\/de\/wp-json\/wp\/v2\/product\/1304","targetHints":{"allow":["GET"]}}],"collection":[{"href":"https:\/\/wristbandfactory.eu\/de\/wp-json\/wp\/v2\/product"}],"about":[{"href":"https:\/\/wristbandfactory.eu\/de\/wp-json\/wp\/v2\/types\/product"}],"replies":[{"embeddable":true,"href":"https:\/\/wristbandfactory.eu\/de\/wp-json\/wp\/v2\/comments?post=1304"}],"wp:featuredmedia":[{"embeddable":true,"href":"https:\/\/wristbandfactory.eu\/de\/wp-json\/wp\/v2\/media\/5976"}],"wp:attachment":[{"href":"https:\/\/wristbandfactory.eu\/de\/wp-json\/wp\/v2\/media?parent=1304"}],"wp:term":[{"taxonomy":"product_brand","embeddable":true,"href":"https:\/\/wristbandfactory.eu\/de\/wp-json\/wp\/v2\/product_brand?post=1304"},{"taxonomy":"product_cat","embeddable":true,"href":"https:\/\/wristbandfactory.eu\/de\/wp-json\/wp\/v2\/product_cat?post=1304"},{"taxonomy":"product_tag","embeddable":true,"href":"https:\/\/wristbandfactory.eu\/de\/wp-json\/wp\/v2\/product_tag?post=1304"}],"curies":[{"name":"wp","href":"https:\/\/api.w.org\/{rel}","templated":true}]}}