{"id":1303,"date":"2024-07-15T21:28:59","date_gmt":"2024-07-15T18:28:59","guid":{"rendered":"https:\/\/wristbandfactory.eu\/toode\/vivid-wrist-silicone-keyholders-2\/"},"modified":"2026-01-09T18:30:08","modified_gmt":"2026-01-09T15:30:08","slug":"silicone-bangle-keyholders","status":"publish","type":"product","link":"https:\/\/wristbandfactory.eu\/de\/p\/silicone-bangle-keyholders\/","title":{"rendered":"Silikon-Armreif-Schl\u00fcsselanh\u00e4nger"},"content":{"rendered":"<p>Unsere Silikon-Armreif-Schl\u00fcsselanh\u00e4nger vereinen Funktionalit\u00e4t mit hoher Markenpr\u00e4senz. Dieses Produkt eignet sich hervorragend als Werbemittel f\u00fcr Firmenveranstaltungen, Immobilienagenturen oder als praktisches Giveaway f\u00fcr Mitarbeiter und Kunden.<\/p>\n<p>Das Armband mit einem Durchmesser von 8,6 cm ist so konzipiert, dass es angenehm am Handgelenk getragen werden kann und Schl\u00fcssel sicher aufbewahrt, ohne dass die H\u00e4nde frei bleiben. Dieses Design ist besonders praktisch f\u00fcr vielbesch\u00e4ftigte Berufst\u00e4tige, Veranstaltungsteilnehmer oder Mitarbeiter, die h\u00e4ufig auf Schl\u00fcssel oder Schl\u00fcsselanh\u00e4nger zugreifen m\u00fcssen.<\/p>\n<p>Dieser aus hochwertigem, strapazierf\u00e4higem Silikon gefertigte Schl\u00fcsselanh\u00e4nger ist f\u00fcr den t\u00e4glichen Gebrauch konzipiert. Jeder Schl\u00fcsselanh\u00e4nger verf\u00fcgt \u00fcber einen stabilen Metallring zur sicheren Aufbewahrung mehrerer Schl\u00fcssel oder Zugangskarten. Dank der gro\u00dfen Farbauswahl lassen sich die Schl\u00fcsselanh\u00e4nger optimal an Ihr Corporate Design anpassen und sorgen daf\u00fcr, dass Ihre Marke auch lange nach der Veranstaltung sichtbar und pr\u00e4sent bleibt.<\/p>\n<p><b>Hauptmerkmale:<\/b><\/p>\n<ul>\n<li><b>Strapazierf\u00e4higes Silikonarmband:<\/b> Der gro\u00dfe Ring mit 8,6 cm Durchmesser passt problemlos ans Handgelenk und erm\u00f6glicht so freih\u00e4ndiges Tragen.<\/li>\n<li><b>Hochwertiges Material:<\/b> Hergestellt aus hochwertigem, strapazierf\u00e4higem Silikon, das f\u00fcr den t\u00e4glichen professionellen Einsatz konzipiert ist.<\/li>\n<li><b>Sicherer Metallschl\u00fcsselring:<\/b> Verf\u00fcgt \u00fcber einen robusten Metallring zur sicheren Aufbewahrung von Schl\u00fcsseln und Zugangskarten.<\/li>\n<li><b>Gut sichtbares Branding:<\/b> Ein praktischer Werbeartikel, der Ihre Marke stets in der Hand oder am Handgelenk tr\u00e4gt.<\/li>\n<li><b>Mehrere Farboptionen:<\/b> Erh\u00e4ltlich in einer breiten Farbpalette, passend zu Ihrer Firmenmarke.<\/li>\n<\/ul>","protected":false},"excerpt":{"rendered":"<ul>\n<li>H\u00e4lt die Schl\u00fcssel f\u00fcr eine freih\u00e4ndige Nutzung bequem am Handgelenk griffbereit.<\/li>\n<li>Robuste, hochwertige Silikonkonstruktion f\u00fcr den t\u00e4glichen Gebrauch.<\/li>\n<li>Erh\u00e4ltlich in einer breiten Farbpalette, passend zu Ihrem Corporate Design.<\/li>\n<li>Ein praktischer und gut sichtbarer Werbeartikel f\u00fcr Messen.<\/li>\n<\/ul>","protected":false},"featured_media":6668,"comment_status":"closed","ping_status":"closed","template":"","meta":[],"product_brand":[],"product_cat":[94],"product_tag":[],"class_list":{"0":"post-1303","1":"product","2":"type-product","3":"status-publish","4":"has-post-thumbnail","6":"product_cat-keychains","8":"first","9":"instock","10":"shipping-taxable","11":"purchasable","12":"product-type-simple"},"_links":{"self":[{"href":"https:\/\/wristbandfactory.eu\/de\/wp-json\/wp\/v2\/product\/1303","targetHints":{"allow":["GET"]}}],"collection":[{"href":"https:\/\/wristbandfactory.eu\/de\/wp-json\/wp\/v2\/product"}],"about":[{"href":"https:\/\/wristbandfactory.eu\/de\/wp-json\/wp\/v2\/types\/product"}],"replies":[{"embeddable":true,"href":"https:\/\/wristbandfactory.eu\/de\/wp-json\/wp\/v2\/comments?post=1303"}],"wp:featuredmedia":[{"embeddable":true,"href":"https:\/\/wristbandfactory.eu\/de\/wp-json\/wp\/v2\/media\/6668"}],"wp:attachment":[{"href":"https:\/\/wristbandfactory.eu\/de\/wp-json\/wp\/v2\/media?parent=1303"}],"wp:term":[{"taxonomy":"product_brand","embeddable":true,"href":"https:\/\/wristbandfactory.eu\/de\/wp-json\/wp\/v2\/product_brand?post=1303"},{"taxonomy":"product_cat","embeddable":true,"href":"https:\/\/wristbandfactory.eu\/de\/wp-json\/wp\/v2\/product_cat?post=1303"},{"taxonomy":"product_tag","embeddable":true,"href":"https:\/\/wristbandfactory.eu\/de\/wp-json\/wp\/v2\/product_tag?post=1303"}],"curies":[{"name":"wp","href":"https:\/\/api.w.org\/{rel}","templated":true}]}}