{"id":1299,"date":"2024-10-27T11:53:51","date_gmt":"2024-10-27T08:53:51","guid":{"rendered":"https:\/\/wristbandfactory.eu\/toode\/slim-silicone-wristbands\/"},"modified":"2025-12-16T15:16:37","modified_gmt":"2025-12-16T12:16:37","slug":"slim-silicone-wristbands","status":"publish","type":"product","link":"https:\/\/wristbandfactory.eu\/de\/p\/slim-silicone-wristbands\/","title":{"rendered":"Schlanke Silikonarmb\u00e4nder"},"content":{"rendered":"<p>Werten Sie Ihre Markenbotschaft oder Ihre Kampagne zur Markenbekanntheit mit unseren schlanken Silikonarmb\u00e4ndern auf. Ihr elegantes 5-mm-Profil bietet eine dezente und moderne Alternative zu Standardarmb\u00e4ndern und macht sie zur beliebten Wahl f\u00fcr Firmenveranstaltungen, Spendenaktionen und Werbegeschenke, bei denen ein edleres Erscheinungsbild gew\u00fcnscht ist.<\/p>\n<p>Wir bieten Ihnen umfassende Individualisierungsm\u00f6glichkeiten, die perfekt zu Ihrer Markenidentit\u00e4t passen. Das Silikon selbst ist Pantone-farbgenau abgestimmt, um h\u00f6chste Farbtreue zu gew\u00e4hrleisten. Dar\u00fcber hinaus k\u00f6nnen Sie Ihre Botschaft mit verschiedenen hochwertigen Optionen weiter individualisieren: ein sauberer einfarbiger Siebdruck, ein langlebiges, vertieftes Logo, ein hochwertiges, erhabenes Logo oder ein vertieftes Design mit einfarbiger F\u00fcllung f\u00fcr maximalen Kontrast und optimale Sichtbarkeit.<\/p>\n<p>Diese Armb\u00e4nder sind aus hochwertigem, strapazierf\u00e4higem Silikon gefertigt, angenehm zu tragen und entsprechen allen relevanten Sicherheitsbestimmungen. Sie bieten Ihrer Organisation und Ihren Teilnehmern somit ein beruhigendes Gef\u00fchl.<\/p>\n<p><b>Hauptmerkmale:<\/b><\/p>\n<ul>\n<li><b>Schlankes 5-mm-Profil:<\/b> Ein schmales, modernes Design (erh\u00e4ltlich in 200x5x2mm oder 180x5x2mm) f\u00fcr eine dezente Markenbotschaft.<\/li>\n<li><b>Vollst\u00e4ndige Anpassungsm\u00f6glichkeiten:<\/b> W\u00e4hlen Sie zwischen einfarbigem Druck, vertieften (erhabenen), gepr\u00e4gten (erhabenen) oder mit Tinte gef\u00fcllten vertieften Designs.<\/li>\n<li><b>Pr\u00e4zise Pantone-Farbabstimmung:<\/b> Garantiert, dass die Silikonfarbe perfekt zu Ihrer Corporate Identity passt.<\/li>\n<li><b>Sicherheitskonform:<\/b> Hergestellt aus hochwertigem Silikon, das alle relevanten Sicherheitsstandards erf\u00fcllt.<\/li>\n<li><b>Gro\u00dfverpackung:<\/b> Mindestbestellmenge 100 St\u00fcck, standardm\u00e4\u00dfig lose verpackt. Einzelverpackung in Polybeuteln ist auf Anfrage erh\u00e4ltlich.<\/li>\n<\/ul>","protected":false},"excerpt":{"rendered":"<ul>\n<li>Verf\u00fcgt \u00fcber ein schlankes, schmales 5-mm-Profil f\u00fcr einen dezenten, modernen Look.<\/li>\n<li>Vollst\u00e4ndig individualisierbar: W\u00e4hlen Sie zwischen gedruckten, gepr\u00e4gten oder erhabenen Logos.<\/li>\n<li>Pantone-farblich abgestimmtes Silikon gew\u00e4hrleistet eine perfekte Farbkonsistenz der Marke.<\/li>\n<li>Mindestbestellmenge: 100 St\u00fcck pro Design.<\/li>\n<\/ul>","protected":false},"featured_media":5953,"comment_status":"closed","ping_status":"closed","template":"","meta":[],"product_brand":[],"product_cat":[66,49],"product_tag":[],"class_list":{"0":"post-1299","1":"product","2":"type-product","3":"status-publish","4":"has-post-thumbnail","6":"product_cat-wristbands","7":"product_cat-silicone","9":"first","10":"instock","11":"shipping-taxable","12":"purchasable","13":"product-type-simple"},"_links":{"self":[{"href":"https:\/\/wristbandfactory.eu\/de\/wp-json\/wp\/v2\/product\/1299","targetHints":{"allow":["GET"]}}],"collection":[{"href":"https:\/\/wristbandfactory.eu\/de\/wp-json\/wp\/v2\/product"}],"about":[{"href":"https:\/\/wristbandfactory.eu\/de\/wp-json\/wp\/v2\/types\/product"}],"replies":[{"embeddable":true,"href":"https:\/\/wristbandfactory.eu\/de\/wp-json\/wp\/v2\/comments?post=1299"}],"wp:featuredmedia":[{"embeddable":true,"href":"https:\/\/wristbandfactory.eu\/de\/wp-json\/wp\/v2\/media\/5953"}],"wp:attachment":[{"href":"https:\/\/wristbandfactory.eu\/de\/wp-json\/wp\/v2\/media?parent=1299"}],"wp:term":[{"taxonomy":"product_brand","embeddable":true,"href":"https:\/\/wristbandfactory.eu\/de\/wp-json\/wp\/v2\/product_brand?post=1299"},{"taxonomy":"product_cat","embeddable":true,"href":"https:\/\/wristbandfactory.eu\/de\/wp-json\/wp\/v2\/product_cat?post=1299"},{"taxonomy":"product_tag","embeddable":true,"href":"https:\/\/wristbandfactory.eu\/de\/wp-json\/wp\/v2\/product_tag?post=1299"}],"curies":[{"name":"wp","href":"https:\/\/api.w.org\/{rel}","templated":true}]}}