{"id":1284,"date":"2024-10-27T11:53:51","date_gmt":"2024-10-27T08:53:51","guid":{"rendered":"https:\/\/wristbandfactory.eu\/toode\/3-tone-lanyards-with-pvc-badge\/"},"modified":"2026-01-12T00:17:35","modified_gmt":"2026-01-11T21:17:35","slug":"3-tone-cord-lanyards-with-pvc-badge","status":"publish","type":"product","link":"https:\/\/wristbandfactory.eu\/de\/p\/3-tone-cord-lanyards-with-pvc-badge\/","title":{"rendered":"3-farbige Schl\u00fcsselb\u00e4nder mit PVC-Kartenhalter"},"content":{"rendered":"<div class=\"mx-12 md:mx-24 lg:mx-48\">\n<div class=\"container my-8 svelte-zlsknf\">\n<div class=\"my-24 rounded-lg border-0 border-gray-700 bg-gray-100 px-16 py-24\">\n<div class=\"mt-11 !text-gray-500\">\n<p>Schaffen Sie mit unseren dreifarbigen Lanyards eine unverwechselbare und gut sichtbare Identifikationsl\u00f6sung f\u00fcr Ihr Team oder Ihre Veranstaltungsteilnehmer. Dieses Lanyard vereint wirkungsvolles Branding mit einem robusten und praktischen Design.<\/p>\n<p>Die 90 cm lange Kordel besteht aus strapazierf\u00e4higem Polyester und kann mit drei verschiedenen Farben Ihrer Wahl individuell gestaltet werden, sodass Sie sie perfekt an Ihre Corporate Identity oder Ihr Veranstaltungsthema anpassen k\u00f6nnen.<\/p>\n<p>Das Hauptmerkmal ist der individuell gestaltbare PVC-Ausweis, der mit Ihrem Logo oder Design in bis zu drei Farben bedruckt werden kann. Er bietet eine langlebige, griffige und hochwertige Alternative zu einem herk\u00f6mmlichen Ausweis. Jedes Lanyard ist mit einem stabilen Metallring ausgestattet; weitere Clip-Optionen sind erh\u00e4ltlich, um den Anforderungen Ihrer Ausweish\u00fclle oder Zugangskarte gerecht zu werden. Daher eignen sie sich hervorragend f\u00fcr Mitarbeiter von Unternehmen, zur Kennzeichnung auf Messen oder f\u00fcr mehrt\u00e4gige Veranstaltungen.<\/p>\n<p><b>Hauptmerkmale:<\/b><\/p>\n<ul>\n<li><b>Dreifarbige Individualisierung:<\/b> W\u00e4hlen Sie drei beliebige Farben f\u00fcr die 90 cm lange Polyesterkordel passend zu Ihrer Marke.<\/li>\n<li><b>Individuell gestaltete PVC-Anstecknadel:<\/b> Mit einem individuell geformten PVC-Emblem f\u00fcr Ihr Logo (bis zu 3 Farben).<\/li>\n<li><b>Strapazierf\u00e4higes Polyesterseil:<\/b> Konzipiert f\u00fcr den t\u00e4glichen Gebrauch durch Mitarbeiter oder f\u00fcr mehrt\u00e4gige Veranstaltungen.<\/li>\n<li><b>Vielseitige Anbauteile:<\/b> Wird standardm\u00e4\u00dfig mit einem Metallring geliefert, alternativ k\u00f6nnen Sie aus anderen Clip-Optionen w\u00e4hlen.<\/li>\n<li><b>Hochleistungs-ID:<\/b> Ideal zur visuellen Segmentierung von Mitarbeitern, VIPs oder Veranstaltungsteams.<\/li>\n<\/ul>\n<\/div>\n<\/div>\n<\/div>\n<\/div>","protected":false},"excerpt":{"rendered":"<ul>\n<li>Verf\u00fcgt \u00fcber eine strapazierf\u00e4hige 3-farbige Polyesterkordel (3 Farben w\u00e4hlbar).<\/li>\n<li>Beinhaltet ein individuell gestaltetes PVC-Kartenhalter (bis zu 3 Farben) f\u00fcr Ihr Logo.<\/li>\n<li>Standardm\u00e4\u00dfig mit einem Metallring ausgestattet, weitere Clip-Optionen sind erh\u00e4ltlich.<\/li>\n<li>Ideal zur eindeutigen Mitarbeiterkennzeichnung oder f\u00fcr Eintrittskarten f\u00fcr Firmenveranstaltungen.<\/li>\n<\/ul>","protected":false},"featured_media":6820,"comment_status":"closed","ping_status":"closed","template":"","meta":[],"product_brand":[],"product_cat":[43],"product_tag":[],"class_list":{"0":"post-1284","1":"product","2":"type-product","3":"status-publish","4":"has-post-thumbnail","6":"product_cat-lanyards","8":"first","9":"instock","10":"shipping-taxable","11":"purchasable","12":"product-type-simple"},"_links":{"self":[{"href":"https:\/\/wristbandfactory.eu\/de\/wp-json\/wp\/v2\/product\/1284","targetHints":{"allow":["GET"]}}],"collection":[{"href":"https:\/\/wristbandfactory.eu\/de\/wp-json\/wp\/v2\/product"}],"about":[{"href":"https:\/\/wristbandfactory.eu\/de\/wp-json\/wp\/v2\/types\/product"}],"replies":[{"embeddable":true,"href":"https:\/\/wristbandfactory.eu\/de\/wp-json\/wp\/v2\/comments?post=1284"}],"wp:featuredmedia":[{"embeddable":true,"href":"https:\/\/wristbandfactory.eu\/de\/wp-json\/wp\/v2\/media\/6820"}],"wp:attachment":[{"href":"https:\/\/wristbandfactory.eu\/de\/wp-json\/wp\/v2\/media?parent=1284"}],"wp:term":[{"taxonomy":"product_brand","embeddable":true,"href":"https:\/\/wristbandfactory.eu\/de\/wp-json\/wp\/v2\/product_brand?post=1284"},{"taxonomy":"product_cat","embeddable":true,"href":"https:\/\/wristbandfactory.eu\/de\/wp-json\/wp\/v2\/product_cat?post=1284"},{"taxonomy":"product_tag","embeddable":true,"href":"https:\/\/wristbandfactory.eu\/de\/wp-json\/wp\/v2\/product_tag?post=1284"}],"curies":[{"name":"wp","href":"https:\/\/api.w.org\/{rel}","templated":true}]}}