{"id":1280,"date":"2024-10-27T11:53:51","date_gmt":"2024-10-27T08:53:51","guid":{"rendered":"https:\/\/wristbandfactory.eu\/toode\/3-tone-lanyards-with-woven-label\/"},"modified":"2026-01-12T00:18:21","modified_gmt":"2026-01-11T21:18:21","slug":"3-tone-cord-lanyards-with-woven-label","status":"publish","type":"product","link":"https:\/\/wristbandfactory.eu\/de\/p\/3-tone-cord-lanyards-with-woven-label\/","title":{"rendered":"3-farbige Kordel-Lanyards mit gewebtem Etikett"},"content":{"rendered":"<div class=\"mx-12 md:mx-24 lg:mx-48\">\n<div class=\"container my-8 svelte-zlsknf\">\n<div class=\"my-24 rounded-lg border-0 border-gray-700 bg-gray-100 px-16 py-24\">\n<div class=\"mt-11 !text-gray-500\">\n<p>Werten Sie Ihre Unternehmensidentit\u00e4t mit unseren dreifarbigen Lanyards auf, die mit einem hochwertigen, gewebten Etikett versehen sind. Dieses Lanyard bietet eine elegante und \u00e4u\u00dferst strapazierf\u00e4hige Alternative zu herk\u00f6mmlichen bedruckten Varianten und eignet sich ideal f\u00fcr Mitarbeiterausweise oder mehrt\u00e4gige Konferenzen.<\/p>\n<p>Das Lanyard besteht aus einer robusten, 90 cm langen, dreifarbigen Polyesterschnur, die Sie ganz nach Ihren W\u00fcnschen mit drei verschiedenen Farben an Ihre Markenidentit\u00e4t anpassen k\u00f6nnen.<\/p>\n<p>Anstelle eines bedruckten Namensschilds verf\u00fcgt dieses Modell \u00fcber ein hochaufl\u00f6sendes, gewebtes Etikett, das mit einem robusten Gummiband sicher am Band befestigt ist (erh\u00e4ltlich in Wei\u00df oder Schwarz). Dieses Etikett kann Ihr Logo oder Design in bis zu vier Farben pr\u00e4sentieren und bietet ein langlebiges, professionelles Finish, das weder verblasst noch verkratzt. Jedes Lanyard wird standardm\u00e4\u00dfig mit einem Metallring geliefert; weitere Befestigungsm\u00f6glichkeiten sind erh\u00e4ltlich.<\/p>\n<p><b>Hauptmerkmale:<\/b><\/p>\n<ul>\n<li><b>Ma\u00dfgefertigtes 3-Farben-Kabel:<\/b> W\u00e4hlen Sie 3 beliebige Farben f\u00fcr die 90 cm lange Polyesterschnur, passend zu Ihrem Firmenlogo.<\/li>\n<li><b>Premium-Webetikett:<\/b> Verf\u00fcgt \u00fcber ein hochaufl\u00f6sendes Webetikett f\u00fcr Ihr Logo (bis zu 4 Farben) und bietet so eine hochwertige und langlebige Oberfl\u00e4che.<\/li>\n<li><b>Dauerhafte Befestigung:<\/b> Das Etikett ist mit einem wei\u00dfen oder schwarzen Gummiband sicher befestigt.<\/li>\n<li><b>Vielseitige Hardware:<\/b> Standardm\u00e4\u00dfig ist ein Metallring enthalten; weitere Clip-Optionen sind erh\u00e4ltlich, um die passende Halterung f\u00fcr jeden Ausweishalter zu gew\u00e4hrleisten.<\/li>\n<li><b>Langfristige Markenbildung:<\/b> Eine hervorragende Wahl f\u00fcr den t\u00e4glichen Einsatz durch das Personal oder zur Kennzeichnung mehrt\u00e4giger Veranstaltungen.<\/li>\n<\/ul>\n<\/div>\n<\/div>\n<\/div>\n<\/div>","protected":false},"excerpt":{"rendered":"<ul>\n<li>Verf\u00fcgt \u00fcber eine strapazierf\u00e4hige 90 cm Polyesterkordel (3 individuelle Farben w\u00e4hlbar).<\/li>\n<li>Beinhaltet ein hochwertiges, gewebtes Premium-Etikett f\u00fcr Ihr Logo (bis zu 4 Farben).<\/li>\n<li>Wird mit einem Metallring oder anderen Clip-Optionen f\u00fcr vielseitige Verwendung geliefert.<\/li>\n<li>Ideal als robuste und langlebige L\u00f6sung f\u00fcr Firmenausweise oder Veranstaltungsp\u00e4sse.<\/li>\n<\/ul>","protected":false},"featured_media":6823,"comment_status":"closed","ping_status":"closed","template":"","meta":[],"product_brand":[],"product_cat":[43],"product_tag":[],"class_list":{"0":"post-1280","1":"product","2":"type-product","3":"status-publish","4":"has-post-thumbnail","6":"product_cat-lanyards","8":"first","9":"instock","10":"shipping-taxable","11":"purchasable","12":"product-type-simple"},"_links":{"self":[{"href":"https:\/\/wristbandfactory.eu\/de\/wp-json\/wp\/v2\/product\/1280","targetHints":{"allow":["GET"]}}],"collection":[{"href":"https:\/\/wristbandfactory.eu\/de\/wp-json\/wp\/v2\/product"}],"about":[{"href":"https:\/\/wristbandfactory.eu\/de\/wp-json\/wp\/v2\/types\/product"}],"replies":[{"embeddable":true,"href":"https:\/\/wristbandfactory.eu\/de\/wp-json\/wp\/v2\/comments?post=1280"}],"wp:featuredmedia":[{"embeddable":true,"href":"https:\/\/wristbandfactory.eu\/de\/wp-json\/wp\/v2\/media\/6823"}],"wp:attachment":[{"href":"https:\/\/wristbandfactory.eu\/de\/wp-json\/wp\/v2\/media?parent=1280"}],"wp:term":[{"taxonomy":"product_brand","embeddable":true,"href":"https:\/\/wristbandfactory.eu\/de\/wp-json\/wp\/v2\/product_brand?post=1280"},{"taxonomy":"product_cat","embeddable":true,"href":"https:\/\/wristbandfactory.eu\/de\/wp-json\/wp\/v2\/product_cat?post=1280"},{"taxonomy":"product_tag","embeddable":true,"href":"https:\/\/wristbandfactory.eu\/de\/wp-json\/wp\/v2\/product_tag?post=1280"}],"curies":[{"name":"wp","href":"https:\/\/api.w.org\/{rel}","templated":true}]}}