{"id":1275,"date":"2024-10-27T11:53:51","date_gmt":"2024-10-27T08:53:51","guid":{"rendered":"https:\/\/wristbandfactory.eu\/toode\/reflective-lanyards\/"},"modified":"2026-01-11T22:45:49","modified_gmt":"2026-01-11T19:45:49","slug":"printed-reflective-lanyards","status":"publish","type":"product","link":"https:\/\/wristbandfactory.eu\/de\/p\/printed-reflective-lanyards\/","title":{"rendered":"Bedruckte reflektierende Schl\u00fcsselb\u00e4nder"},"content":{"rendered":"<div class=\"mx-12 md:mx-24 lg:mx-48\">\n<div class=\"container my-8 svelte-zlsknf\">\n<div class=\"my-24 rounded-lg border-0 border-gray-700 bg-gray-100 px-16 py-24\">\n<div class=\"mt-11 !text-gray-500\">\n<p>Maximieren Sie die Sicherheit und Sichtbarkeit Ihres Teams mit unserem <b>Bedruckte reflektierende Schl\u00fcsselb\u00e4nder<\/b>. Dieses Produkt ist ein unverzichtbares Werkzeug f\u00fcr jede Organisation, die eine hohe Sichtbarkeit ihrer Mitarbeiter ben\u00f6tigt, beispielsweise bei Abendveranstaltungen, auf Baustellen oder in der Logistik.<\/p>\n<p>Dieses 90 cm lange Lanyard besteht aus einem strapazierf\u00e4higen Polyesterband, das anschlie\u00dfend mit einem ... \u00fcberzogen ist. <b>graue reflektierende \u00dcberlagerung<\/b>. Diese vollfl\u00e4chige \u00dcberlagerung bietet eine maximale Oberfl\u00e4che, um Licht bei Dunkelheit einzufangen, wodurch der Tr\u00e4ger gut sichtbar ist.<\/p>\n<p>Das Logo Ihrer Organisation wird anschlie\u00dfend in Ihren spezifischen Pantone-Farben direkt auf diese reflektierende Oberfl\u00e4che gedruckt. So wird Ihre Markenpr\u00e4senz klar und professionell dargestellt, w\u00e4hrend die prim\u00e4re Sicherheitsfunktion des Lanyards erhalten bleibt. Jedes Lanyard ist standardm\u00e4\u00dfig mit einem Karabinerhaken aus Metall zur sicheren Befestigung von Ausweisen oder Zugangskarten ausgestattet.<\/p>\n<p><b>Hauptmerkmale:<\/b><\/p>\n<ul>\n<li><b>Vollst\u00e4ndig reflektierende \u00dcberlagerung:<\/b> Verf\u00fcgt \u00fcber eine graue reflektierende Beschichtung f\u00fcr 360-Grad-Sichtbarkeit bei schlechten Lichtverh\u00e4ltnissen.<\/li>\n<li><b>Individueller einseitiger Druck:<\/b> Ihr Logo wird mit Pantone-Farbabstimmung direkt auf die reflektierende Oberfl\u00e4che gedruckt.<\/li>\n<li><b>Strapazierf\u00e4hige Polyesterbasis:<\/b> Ein 90 cm langes Polyesterband bildet eine stabile und komfortable Basis.<\/li>\n<li><b>Erh\u00f6hte Sicherheit:<\/b> Ideal f\u00fcr Mitarbeiter, Abendveranstaltungen oder jede Umgebung, die eine hohe Sichtbarkeit erfordert.<\/li>\n<li><b>Standard-Metallkarabiner:<\/b> Beinhaltet einen sicheren Metallkarabiner (andere Clip-Optionen erh\u00e4ltlich).<\/li>\n<\/ul>\n<p>&nbsp;<\/p>\n<\/div>\n<\/div>\n<\/div>\n<\/div>","protected":false},"excerpt":{"rendered":"<ul>\n<li>Verf\u00fcgt \u00fcber eine durchgehende, graue Reflektorschicht f\u00fcr maximale Sichtbarkeit.<\/li>\n<li>Individueller Aufdruck auf einer Seite mit Ihrem Pantone-konformen Logo.<\/li>\n<li>Ideal f\u00fcr Veranstaltungspersonal, Baustellen oder betriebliche Sicherheitsprogramme.<\/li>\n<li>Strapazierf\u00e4higer 90 cm Polyestergurt mit Metallkarabiner.<\/li>\n<\/ul>","protected":false},"featured_media":6750,"comment_status":"closed","ping_status":"closed","template":"","meta":[],"product_brand":[],"product_cat":[43,109],"product_tag":[],"class_list":{"0":"post-1275","1":"product","2":"type-product","3":"status-publish","4":"has-post-thumbnail","6":"product_cat-lanyards","7":"product_cat-reflective-lanyards","9":"first","10":"instock","11":"shipping-taxable","12":"purchasable","13":"product-type-simple"},"_links":{"self":[{"href":"https:\/\/wristbandfactory.eu\/de\/wp-json\/wp\/v2\/product\/1275","targetHints":{"allow":["GET"]}}],"collection":[{"href":"https:\/\/wristbandfactory.eu\/de\/wp-json\/wp\/v2\/product"}],"about":[{"href":"https:\/\/wristbandfactory.eu\/de\/wp-json\/wp\/v2\/types\/product"}],"replies":[{"embeddable":true,"href":"https:\/\/wristbandfactory.eu\/de\/wp-json\/wp\/v2\/comments?post=1275"}],"wp:featuredmedia":[{"embeddable":true,"href":"https:\/\/wristbandfactory.eu\/de\/wp-json\/wp\/v2\/media\/6750"}],"wp:attachment":[{"href":"https:\/\/wristbandfactory.eu\/de\/wp-json\/wp\/v2\/media?parent=1275"}],"wp:term":[{"taxonomy":"product_brand","embeddable":true,"href":"https:\/\/wristbandfactory.eu\/de\/wp-json\/wp\/v2\/product_brand?post=1275"},{"taxonomy":"product_cat","embeddable":true,"href":"https:\/\/wristbandfactory.eu\/de\/wp-json\/wp\/v2\/product_cat?post=1275"},{"taxonomy":"product_tag","embeddable":true,"href":"https:\/\/wristbandfactory.eu\/de\/wp-json\/wp\/v2\/product_tag?post=1275"}],"curies":[{"name":"wp","href":"https:\/\/api.w.org\/{rel}","templated":true}]}}