{"id":1272,"date":"2024-10-27T11:53:51","date_gmt":"2024-10-27T08:53:51","guid":{"rendered":"https:\/\/wristbandfactory.eu\/toode\/flat-polyester-lanyards-with-metal-bottle-opener\/"},"modified":"2026-01-11T22:05:52","modified_gmt":"2026-01-11T19:05:52","slug":"polyester-lanyards-with-bottle-opener","status":"publish","type":"product","link":"https:\/\/wristbandfactory.eu\/de\/p\/polyester-lanyards-with-bottle-opener\/","title":{"rendered":"Polyester-Lanyards mit Flaschen\u00f6ffner"},"content":{"rendered":"<div class=\"mx-12 md:mx-24 lg:mx-48\">\n<div class=\"container my-8 svelte-zlsknf\">\n<div class=\"my-24 rounded-lg border-0 border-gray-700 bg-gray-100 px-16 py-24\">\n<div class=\"mt-11 !text-gray-500\">\n<p>Verbinden Sie Markenpr\u00e4senz mit praktischem Nutzen: Unsere Polyester-Lanyards mit integriertem Flaschen\u00f6ffner machen dieses multifunktionale Lanyard zu einem idealen Werbemittel f\u00fcr Festivals, Gastronomieveranstaltungen, Messen und Firmenfeiern \u2013 so ist Ihre Marke immer griffbereit.<\/p>\n<p>Das aus strapazierf\u00e4higem 90 cm breitem Polyester gefertigte Band bietet eine gro\u00dfe, glatte Fl\u00e4che f\u00fcr Ihr Logo. Wir bedrucken es ein- oder beidseitig mit pr\u00e4ziser Pantone-Farbtreue.<\/p>\n<p>Dieses Lanyard ist auf maximale Funktionalit\u00e4t ausgelegt. Es verf\u00fcgt \u00fcber einen robusten Flaschen\u00f6ffner aus Metall und einen separaten Karabinerhaken, sodass Teilnehmer ihren Ausweis gut sichtbar pr\u00e4sentieren und gleichzeitig ein praktisches Werkzeug griffbereit haben. Dadurch wird es zu einem einpr\u00e4gsamen und wirkungsvollen Werbegeschenk, das Kunden und Teilnehmer gerne behalten und verwenden werden.<\/p>\n<p><b>Hauptmerkmale:<\/b><\/p>\n<ul>\n<li><b>Integrierter Flaschen\u00f6ffner:<\/b> Ausgestattet mit einem robusten, integrierten Flaschen\u00f6ffner aus Metall, ist es ein \u00e4u\u00dferst n\u00fctzlicher Werbeartikel.<\/li>\n<li><b>Doppelte Befestigungen:<\/b> Mit integriertem Flaschen\u00f6ffner und Karabinerhaken aus Metall, sodass es gleichzeitig als Ausweishalter verwendet werden kann.<\/li>\n<li><b>Ma\u00dfgefertigtes Polyesterarmband:<\/b> Strapazierf\u00e4higes 90 cm langes Armband, individuell bedruckt mit Ihrem Pantone-konformen Logo.<\/li>\n<li><b>1- oder 2-seitiger Druck:<\/b> W\u00e4hlen Sie zwischen einseitigem oder beidseitigem Druck f\u00fcr maximale Markenpr\u00e4senz.<\/li>\n<li><b>Ideales Event-Werbegeschenk:<\/b> Ein \u00e4u\u00dferst praktischer und einpr\u00e4gsamer Artikel f\u00fcr Festivals, Messen und Firmenveranstaltungen.<\/li>\n<\/ul>\n<\/div>\n<\/div>\n<\/div>\n<\/div>","protected":false},"excerpt":{"rendered":"<ul>\n<li>Verf\u00fcgt \u00fcber einen funktionalen, integrierten Flaschen\u00f6ffner aus Metall f\u00fcr hohe Benutzerfreundlichkeit.<\/li>\n<li>Strapazierf\u00e4higer 90 cm Polyesterriemen, individuell bedruckt mit Ihrem Logo.<\/li>\n<li>Logodruck in Pantone-Farben, ein- oder beidseitig m\u00f6glich.<\/li>\n<li>Beinhaltet einen separaten Metallkarabiner f\u00fcr Ausweise oder Schl\u00fcssel.<\/li>\n<\/ul>","protected":false},"featured_media":6724,"comment_status":"closed","ping_status":"closed","template":"","meta":[],"product_brand":[],"product_cat":[43,108],"product_tag":[],"class_list":{"0":"post-1272","1":"product","2":"type-product","3":"status-publish","4":"has-post-thumbnail","6":"product_cat-lanyards","7":"product_cat-multifunctional-lanyards","9":"first","10":"instock","11":"shipping-taxable","12":"purchasable","13":"product-type-simple"},"_links":{"self":[{"href":"https:\/\/wristbandfactory.eu\/de\/wp-json\/wp\/v2\/product\/1272","targetHints":{"allow":["GET"]}}],"collection":[{"href":"https:\/\/wristbandfactory.eu\/de\/wp-json\/wp\/v2\/product"}],"about":[{"href":"https:\/\/wristbandfactory.eu\/de\/wp-json\/wp\/v2\/types\/product"}],"replies":[{"embeddable":true,"href":"https:\/\/wristbandfactory.eu\/de\/wp-json\/wp\/v2\/comments?post=1272"}],"wp:featuredmedia":[{"embeddable":true,"href":"https:\/\/wristbandfactory.eu\/de\/wp-json\/wp\/v2\/media\/6724"}],"wp:attachment":[{"href":"https:\/\/wristbandfactory.eu\/de\/wp-json\/wp\/v2\/media?parent=1272"}],"wp:term":[{"taxonomy":"product_brand","embeddable":true,"href":"https:\/\/wristbandfactory.eu\/de\/wp-json\/wp\/v2\/product_brand?post=1272"},{"taxonomy":"product_cat","embeddable":true,"href":"https:\/\/wristbandfactory.eu\/de\/wp-json\/wp\/v2\/product_cat?post=1272"},{"taxonomy":"product_tag","embeddable":true,"href":"https:\/\/wristbandfactory.eu\/de\/wp-json\/wp\/v2\/product_tag?post=1272"}],"curies":[{"name":"wp","href":"https:\/\/api.w.org\/{rel}","templated":true}]}}