{"id":1268,"date":"2024-10-27T11:53:52","date_gmt":"2024-10-27T08:53:52","guid":{"rendered":"https:\/\/wristbandfactory.eu\/toode\/lanyards-with-reflective-threads\/"},"modified":"2026-01-11T01:10:00","modified_gmt":"2026-01-10T22:10:00","slug":"lanyards-with-reflective-threads","status":"publish","type":"product","link":"https:\/\/wristbandfactory.eu\/de\/p\/lanyards-with-reflective-threads\/","title":{"rendered":"Lanyards mit reflektierenden F\u00e4den"},"content":{"rendered":"<div class=\"mx-12 md:mx-24 lg:mx-48\">\n<div class=\"container my-8 svelte-zlsknf\">\n<div class=\"my-24 rounded-lg border-0 border-gray-700 bg-gray-100 px-16 py-24\">\n<div class=\"mt-11 !text-gray-500\">\n<p>Erh\u00f6hen Sie die Sicherheit und Sichtbarkeit Ihres Teams bei Abendveranstaltungen, Baustellen oder Firmenfeiern mit unserem <b>Schl\u00fcsselb\u00e4nder mit reflektierenden F\u00e4den<\/b>. Dieses Lanyard wurde fachm\u00e4nnisch entworfen, um wirkungsvolles Branding mit einem wichtigen Sicherheitsmerkmal zu kombinieren.<\/p>\n<p>Jedes 90 cm lange Lanyard ist aus strapazierf\u00e4higem Polyester gefertigt. Im Gegensatz zu vollst\u00e4ndig reflektierenden Lanyards zeichnet sich dieses Modell durch folgende Merkmale aus: <b>reflektierende F\u00e4den, die direkt in das Bandmaterial eingewebt sind<\/b>. Diese F\u00e4den fangen das Licht bei Dunkelheit oder schlechten Lichtverh\u00e4ltnissen ein und machen den Tr\u00e4ger dadurch deutlich besser sichtbar, ohne dass der Tragekomfort oder das professionelle Aussehen des Lanyards beeintr\u00e4chtigt wird.<\/p>\n<p>Das Polyesterband bietet eine hervorragende Fl\u00e4che f\u00fcr Ihr Branding. Wir bedrucken es individuell ein- oder beidseitig mit Ihrem Logo oder Ihrer Botschaft \u2013 pr\u00e4zise nach Pantone-Farben. Jedes Lanyard ist standardm\u00e4\u00dfig mit einem robusten Metallkarabiner ausgestattet und eignet sich somit ideal zum Befestigen von Ausweisen, Schl\u00fcsseln oder Zugangskarten.<\/p>\n<p><b>Hauptmerkmale:<\/b><\/p>\n<ul>\n<li><b>Eingewebte reflektierende F\u00e4den:<\/b> Mit direkt in das Polyestergewebe eingewebten F\u00e4den f\u00fcr hohe Sichtbarkeit bei schlechten Lichtverh\u00e4ltnissen.<\/li>\n<li><b>Pantone-Druck nach Kundenwunsch:<\/b> Ihr Logo wird ein- oder beidseitig mit pr\u00e4ziser Pantone-Farbabstimmung gedruckt.<\/li>\n<li><b>Strapazierf\u00e4higes Polyesterband:<\/b> Der 90 cm lange Riemen ist komfortabel und f\u00fcr den t\u00e4glichen Einsatz im B\u00fcro oder bei Veranstaltungen geeignet.<\/li>\n<li><b>Erh\u00f6hte Sicherheit:<\/b> Ideal f\u00fcr Mitarbeiter, Abendveranstaltungen oder jede Umgebung, in der hohe Sichtbarkeit Priorit\u00e4t hat.<\/li>\n<li><b>Standard-Metallkarabiner:<\/b> Beinhaltet einen sicheren Metallkarabiner; weitere Befestigungsm\u00f6glichkeiten sind erh\u00e4ltlich.<\/li>\n<\/ul>\n<\/div>\n<\/div>\n<\/div>\n<\/div>","protected":false},"excerpt":{"rendered":"<ul>\n<li>Verf\u00fcgt \u00fcber gut sichtbare reflektierende F\u00e4den, die direkt in das Polyesterband eingewebt sind.<\/li>\n<li>Ideal zur Erh\u00f6hung der Sicherheit von Personal und Teilnehmern bei Abendveranstaltungen.<\/li>\n<li>Bedrucken Sie ein oder zwei Seiten mit Ihrem Pantone-konformen Logo.<\/li>\n<li>Strapazierf\u00e4higer 90 cm langer Gurt mit einem Standard-Metallkarabiner.<\/li>\n<\/ul>","protected":false},"featured_media":6719,"comment_status":"closed","ping_status":"closed","template":"","meta":[],"product_brand":[],"product_cat":[43,109],"product_tag":[],"class_list":{"0":"post-1268","1":"product","2":"type-product","3":"status-publish","4":"has-post-thumbnail","6":"product_cat-lanyards","7":"product_cat-reflective-lanyards","9":"first","10":"instock","11":"shipping-taxable","12":"purchasable","13":"product-type-simple"},"_links":{"self":[{"href":"https:\/\/wristbandfactory.eu\/de\/wp-json\/wp\/v2\/product\/1268","targetHints":{"allow":["GET"]}}],"collection":[{"href":"https:\/\/wristbandfactory.eu\/de\/wp-json\/wp\/v2\/product"}],"about":[{"href":"https:\/\/wristbandfactory.eu\/de\/wp-json\/wp\/v2\/types\/product"}],"replies":[{"embeddable":true,"href":"https:\/\/wristbandfactory.eu\/de\/wp-json\/wp\/v2\/comments?post=1268"}],"wp:featuredmedia":[{"embeddable":true,"href":"https:\/\/wristbandfactory.eu\/de\/wp-json\/wp\/v2\/media\/6719"}],"wp:attachment":[{"href":"https:\/\/wristbandfactory.eu\/de\/wp-json\/wp\/v2\/media?parent=1268"}],"wp:term":[{"taxonomy":"product_brand","embeddable":true,"href":"https:\/\/wristbandfactory.eu\/de\/wp-json\/wp\/v2\/product_brand?post=1268"},{"taxonomy":"product_cat","embeddable":true,"href":"https:\/\/wristbandfactory.eu\/de\/wp-json\/wp\/v2\/product_cat?post=1268"},{"taxonomy":"product_tag","embeddable":true,"href":"https:\/\/wristbandfactory.eu\/de\/wp-json\/wp\/v2\/product_tag?post=1268"}],"curies":[{"name":"wp","href":"https:\/\/api.w.org\/{rel}","templated":true}]}}