{"id":1267,"date":"2024-10-27T11:53:52","date_gmt":"2024-10-27T08:53:52","guid":{"rendered":"https:\/\/wristbandfactory.eu\/toode\/bamboo-lanyards\/"},"modified":"2026-01-11T22:10:21","modified_gmt":"2026-01-11T19:10:21","slug":"printed-bamboo-lanyards","status":"publish","type":"product","link":"https:\/\/wristbandfactory.eu\/de\/p\/printed-bamboo-lanyards\/","title":{"rendered":"Bedruckte Bambus-Schl\u00fcsselb\u00e4nder (Nachhaltig)"},"content":{"rendered":"<div class=\"mx-12 md:mx-24 lg:mx-48\">\n<div class=\"container my-8 svelte-zlsknf\">\n<div class=\"my-24 rounded-lg border-0 border-gray-700 bg-gray-100 px-16 py-24\">\n<div class=\"mt-11 !text-gray-500\">\n<p data-path-to-node=\"11\">Treffen Sie mit unserem Produkt eine endg\u00fcltige, nachhaltige Entscheidung f\u00fcr Ihre n\u00e4chste Veranstaltung oder Firmenfeier. <b>Bedruckte Bambus-Schl\u00fcsselb\u00e4nder<\/b>. Da Unternehmen zunehmend auf plastikfreie L\u00f6sungen umsteigen, zeichnet sich Bambus nicht nur durch seine Umweltvertr\u00e4glichkeit aus, sondern auch durch seine \u00fcberlegene Qualit\u00e4t und Haptik.<\/p>\n<p data-path-to-node=\"12\">Diese aus nat\u00fcrlichen, biologisch abbaubaren Bambusfasern gefertigten Lanyards bieten ein einzigartiges haptisches Erlebnis. Im Gegensatz zu manchen Recyclingmaterialien, die sich rau anf\u00fchlen k\u00f6nnen, ist Bambus von Natur aus glatt, atmungsaktiv und antibakteriell. Dadurch ist er die komfortabelste Option f\u00fcr Mitarbeiter und Teilnehmer, die ihre Ausweise den ganzen Tag tragen. Er verleiht Ihrer Marke einen unverwechselbaren, hochwertigen und umweltfreundlichen Look und st\u00e4rkt so deren Image.<\/p>\n<p data-path-to-node=\"13\">Wir bieten an <b>individueller Siebdruck<\/b> auf der Bambusoberfl\u00e4che, was eine scharfe, klare Logo-Wiedergabe in Ihrem exakten Format erm\u00f6glicht <b>Pantone-Markenfarben<\/b>. Ob einseitiges Branding oder beidseitige Sichtbarkeit \u2013 das Ergebnis ist ein professionelles Finish auf nat\u00fcrlichem Untergrund. Mit einer L\u00e4nge von ca. 90 cm entsprechen sie dem Branchenstandard f\u00fcr den professionellen Einsatz.<\/p>\n<p data-path-to-node=\"14\">Passen Sie Ihre Bestellung an die Sicherheits- und Funktionsanforderungen an: w\u00e4hrend ein robustes <b>Metallkarabiner<\/b> ist Standard, wir k\u00f6nnen diese Lanyards ausstatten mit <b>Sicherheits-Abrei\u00dfclips<\/b> (unerl\u00e4sslich f\u00fcr Schulen und Krankenh\u00e4user) oder andere spezielle Anbauteile auf Anfrage.<\/p>\n<p data-path-to-node=\"15\"><b>Hauptmerkmale:<\/b><\/p>\n<ul data-path-to-node=\"16\">\n<li>\n<p data-path-to-node=\"16,0,0\"><b>Material:<\/b> 100% Nachhaltige Bambusfaser (biologisch abbaubar).<\/p>\n<\/li>\n<li>\n<p data-path-to-node=\"16,1,0\"><b>Tastsinn:<\/b> Au\u00dfergew\u00f6hnlich weich, glatt und hypoallergen.<\/p>\n<\/li>\n<li>\n<p data-path-to-node=\"16,2,0\"><b>Drucken:<\/b> Siebdruck mit Pantone-Farbabstimmung.<\/p>\n<\/li>\n<li>\n<p data-path-to-node=\"16,3,0\"><b>\u00d6ko-Zertifikat:<\/b> aus einer schnell nachwachsenden, pestizidfreien Quelle gewonnen.<\/p>\n<\/li>\n<li>\n<p data-path-to-node=\"16,4,0\"><b>Hardware:<\/b> Ein robuster Metallkarabiner ist im Lieferumfang enthalten; eine Sicherheitsabrei\u00dfvorrichtung ist optional erh\u00e4ltlich.<\/p>\n<\/li>\n<li>\n<p data-path-to-node=\"16,5,0\"><b>Haltbarkeit:<\/b> Robuste Naturfasern widerstehen Abnutzung und Verschlei\u00df bei mehrt\u00e4gigen Veranstaltungen.<\/p>\n<\/li>\n<\/ul>\n<\/div>\n<\/div>\n<\/div>\n<\/div>","protected":false},"excerpt":{"rendered":"<ul>\n<li>\n<p data-path-to-node=\"9,0,0\"><b>Schnell erneuerbar:<\/b> Hergestellt aus nachhaltigen Bambusfasern, einer der am schnellsten wachsenden Pflanzen der Erde, bietet es eine geringe CO2-Bilanz.<\/p>\n<\/li>\n<li>\n<p data-path-to-node=\"9,1,0\"><b>Premium-Weichheit:<\/b> Bambusgewebe ist von Natur aus hypoallergen und glatter als Baumwolle oder Polyester und garantiert so maximalen Tragekomfort.<\/p>\n<\/li>\n<li>\n<p data-path-to-node=\"9,2,0\"><b>Individuelles Branding:<\/b> Ihr Logo wird im Siebdruckverfahren mit pr\u00e4zise auf Pantone abgestimmten Farben auf einer oder beiden Seiten aufgebracht.<\/p>\n<\/li>\n<li>\n<p data-path-to-node=\"9,3,0\"><b>Vielseitige Hardware:<\/b> Standardm\u00e4\u00dfig mit einem Metallkarabiner ausgestattet; optionale Sicherheitsabrei\u00dfclips sind zur Einhaltung der Vorschriften erh\u00e4ltlich.<\/p>\n<\/li>\n<\/ul>","protected":false},"featured_media":6725,"comment_status":"closed","ping_status":"closed","template":"","meta":[],"product_brand":[],"product_cat":[104,106,107],"product_tag":[],"class_list":{"0":"post-1267","1":"product","2":"type-product","3":"status-publish","4":"has-post-thumbnail","6":"product_cat-custom-printed-lanyards","7":"product_cat-breakaway-lanyards","8":"product_cat-eco-friendly-lanyards","10":"first","11":"instock","12":"shipping-taxable","13":"purchasable","14":"product-type-simple"},"_links":{"self":[{"href":"https:\/\/wristbandfactory.eu\/de\/wp-json\/wp\/v2\/product\/1267","targetHints":{"allow":["GET"]}}],"collection":[{"href":"https:\/\/wristbandfactory.eu\/de\/wp-json\/wp\/v2\/product"}],"about":[{"href":"https:\/\/wristbandfactory.eu\/de\/wp-json\/wp\/v2\/types\/product"}],"replies":[{"embeddable":true,"href":"https:\/\/wristbandfactory.eu\/de\/wp-json\/wp\/v2\/comments?post=1267"}],"wp:featuredmedia":[{"embeddable":true,"href":"https:\/\/wristbandfactory.eu\/de\/wp-json\/wp\/v2\/media\/6725"}],"wp:attachment":[{"href":"https:\/\/wristbandfactory.eu\/de\/wp-json\/wp\/v2\/media?parent=1267"}],"wp:term":[{"taxonomy":"product_brand","embeddable":true,"href":"https:\/\/wristbandfactory.eu\/de\/wp-json\/wp\/v2\/product_brand?post=1267"},{"taxonomy":"product_cat","embeddable":true,"href":"https:\/\/wristbandfactory.eu\/de\/wp-json\/wp\/v2\/product_cat?post=1267"},{"taxonomy":"product_tag","embeddable":true,"href":"https:\/\/wristbandfactory.eu\/de\/wp-json\/wp\/v2\/product_tag?post=1267"}],"curies":[{"name":"wp","href":"https:\/\/api.w.org\/{rel}","templated":true}]}}