{"id":1264,"date":"2024-10-27T11:53:52","date_gmt":"2024-10-27T08:53:52","guid":{"rendered":"https:\/\/wristbandfactory.eu\/toode\/satin-lanyards-with-1-sided-sublimated-logo-design\/"},"modified":"2026-01-11T23:47:24","modified_gmt":"2026-01-11T20:47:24","slug":"sublimation-satin-lanyards","status":"publish","type":"product","link":"https:\/\/wristbandfactory.eu\/de\/p\/sublimation-satin-lanyards\/","title":{"rendered":"Satin-Schl\u00fcsselb\u00e4nder mit Sublimationsdruck"},"content":{"rendered":"<p data-path-to-node=\"11\">Pr\u00e4sentieren Sie Ihre Marke in unbegrenzten Farben und fotorealistischen Details mit unserem <b>Satin-Lanyards mit Sublimationsdruck<\/b>. Dieses Produkt schlie\u00dft die L\u00fccke zwischen Luxus und Technologie und bietet die perfekte Wahl f\u00fcr Organisationen mit komplexen Logos, lebendigen Farbverl\u00e4ufen oder detaillierten Bildern, die eine erstklassige Pr\u00e4sentation erfordern.<\/p>\n<p data-path-to-node=\"12\">Hergestellt aus feinem <b>wei\u00dfes Satinband<\/b> Diese ca. 90 cm langen Lanyards bieten eine glatte, gl\u00e4nzende Oberfl\u00e4che, die sich au\u00dfergew\u00f6hnlich angenehm anf\u00fchlt. Im Gegensatz zu herk\u00f6mmlichem geripptem Polyester reflektiert die satinierte Oberfl\u00e4che das Licht und verleiht Ihrem Branding einen edlen Glanz. <b>Farbsublimationsdruck<\/b>, Ihr Motiv wird direkt auf einer Seite des Stoffes eingef\u00e4rbt. Dieses Verfahren garantiert ein brillantes, farbechtes Finish, das nicht rei\u00dft oder abbl\u00e4ttert und sich somit ideal f\u00fcr mehrt\u00e4gige Firmenveranstaltungen, VIP-P\u00e4sse und Messen eignet.<\/p>\n<p data-path-to-node=\"13\"><i>Produktionshinweis:<\/i> Diese Lanyards werden einseitig im Sublimationsdruckverfahren bedruckt. Aufgrund des Verfahrens und des Materials ist das Design auf der R\u00fcckseite leicht sichtbar.<\/p>\n<p data-path-to-node=\"14\">Jedes Lanyard ist standardm\u00e4\u00dfig mit einem robusten <b>Metallkarabiner<\/b>, Dies tr\u00e4gt zum hochwertigen Eindruck bei. Weitere Clip-Optionen sind erh\u00e4ltlich, um Ihren spezifischen Anforderungen an Ausweise oder Zugangskarten gerecht zu werden.<\/p>\n<p data-path-to-node=\"15\"><b>Hauptmerkmale:<\/b><\/p>\n<ul data-path-to-node=\"16\">\n<li>\n<p data-path-to-node=\"16,0,0\"><b>Vollfarbsublimation:<\/b> Liefert fotorealistische Details f\u00fcr komplexe Logos, Farbverl\u00e4ufe und Bilder.<\/p>\n<\/li>\n<li>\n<p data-path-to-node=\"16,1,0\"><b>Hochwertiges Satinmaterial:<\/b> Eine glatte, hochgl\u00e4nzende Oberfl\u00e4che f\u00fcr ein luxuri\u00f6ses Erscheinungsbild und Gef\u00fchl.<\/p>\n<\/li>\n<li>\n<p data-path-to-node=\"16,2,0\"><b>Lichtbest\u00e4ndig:<\/b> Die Farbstoffinfusionstechnologie sorgt daf\u00fcr, dass der Druck farbintensiv bleibt und nicht rei\u00dft.<\/p>\n<\/li>\n<li>\n<p data-path-to-node=\"16,3,0\"><b>Komfort:<\/b> Die weiche Satintextur eignet sich ideal f\u00fcr ganzt\u00e4giges Tragen ohne Hautreizungen.<\/p>\n<\/li>\n<li>\n<p data-path-to-node=\"16,4,0\"><b>Hardware:<\/b> Inklusive eines robusten Metallkarabiners; individuelle Befestigungen sind auf Anfrage erh\u00e4ltlich.<\/p>\n<\/li>\n<li>\n<p data-path-to-node=\"16,5,0\"><b>Produktion:<\/b> Schnelle Produktion innerhalb der EU f\u00fcr Gro\u00dfbestellungen verf\u00fcgbar (Mindestbestellmenge 100)<\/p>\n<\/li>\n<\/ul>","protected":false},"excerpt":{"rendered":"<ul>\n<li>\n<p data-path-to-node=\"9,0,0\"><b>Premium-Textur:<\/b> Das glatte, hochgl\u00e4nzende Satinband bietet ein luxuri\u00f6ses Tragegef\u00fchl, das dem von herk\u00f6mmlichem Polyester \u00fcberlegen ist.<\/p>\n<\/li>\n<li>\n<p data-path-to-node=\"9,1,0\"><b>Fotorealistischer Druck:<\/b> Die moderne Farbstoffsublimation erm\u00f6glicht unbegrenzte Farben, Farbverl\u00e4ufe und die Wiedergabe komplexer Bilder.<\/p>\n<\/li>\n<li>\n<p data-path-to-node=\"9,2,0\"><b>Strapazierf\u00e4hige Oberfl\u00e4che:<\/b> Die Tinte wird direkt in die Stofffasern eingearbeitet, wodurch sichergestellt wird, dass das Design nicht rei\u00dft, abbl\u00e4ttert oder verblasst.<\/p>\n<\/li>\n<li>\n<p data-path-to-node=\"9,3,0\"><b>VIP-bereit:<\/b> Die perfekte Kombination aus Komfort und optischer Attraktivit\u00e4t f\u00fcr gehobene Firmenveranstaltungen und exklusive Zutrittskarten.<\/p>\n<\/li>\n<\/ul>","protected":false},"featured_media":6797,"comment_status":"closed","ping_status":"closed","template":"","meta":[],"product_brand":[],"product_cat":[104,106],"product_tag":[],"class_list":{"0":"post-1264","1":"product","2":"type-product","3":"status-publish","4":"has-post-thumbnail","6":"product_cat-custom-printed-lanyards","7":"product_cat-breakaway-lanyards","9":"first","10":"instock","11":"shipping-taxable","12":"purchasable","13":"product-type-simple"},"_links":{"self":[{"href":"https:\/\/wristbandfactory.eu\/de\/wp-json\/wp\/v2\/product\/1264","targetHints":{"allow":["GET"]}}],"collection":[{"href":"https:\/\/wristbandfactory.eu\/de\/wp-json\/wp\/v2\/product"}],"about":[{"href":"https:\/\/wristbandfactory.eu\/de\/wp-json\/wp\/v2\/types\/product"}],"replies":[{"embeddable":true,"href":"https:\/\/wristbandfactory.eu\/de\/wp-json\/wp\/v2\/comments?post=1264"}],"wp:featuredmedia":[{"embeddable":true,"href":"https:\/\/wristbandfactory.eu\/de\/wp-json\/wp\/v2\/media\/6797"}],"wp:attachment":[{"href":"https:\/\/wristbandfactory.eu\/de\/wp-json\/wp\/v2\/media?parent=1264"}],"wp:term":[{"taxonomy":"product_brand","embeddable":true,"href":"https:\/\/wristbandfactory.eu\/de\/wp-json\/wp\/v2\/product_brand?post=1264"},{"taxonomy":"product_cat","embeddable":true,"href":"https:\/\/wristbandfactory.eu\/de\/wp-json\/wp\/v2\/product_cat?post=1264"},{"taxonomy":"product_tag","embeddable":true,"href":"https:\/\/wristbandfactory.eu\/de\/wp-json\/wp\/v2\/product_tag?post=1264"}],"curies":[{"name":"wp","href":"https:\/\/api.w.org\/{rel}","templated":true}]}}