{"id":1263,"date":"2024-10-27T11:53:52","date_gmt":"2024-10-27T08:53:52","guid":{"rendered":"https:\/\/wristbandfactory.eu\/toode\/3d-printed-lanyards\/"},"modified":"2026-01-12T00:23:40","modified_gmt":"2026-01-11T21:23:40","slug":"3d-printed-lanyards-raised-silicone-logo","status":"publish","type":"product","link":"https:\/\/wristbandfactory.eu\/de\/p\/3d-printed-lanyards-raised-silicone-logo\/","title":{"rendered":"3D-bedruckte Schl\u00fcsselb\u00e4nder (Reliefdruck)"},"content":{"rendered":"<div class=\"mx-12 md:mx-24 lg:mx-48\">\n<div class=\"container my-8 svelte-zlsknf\">\n<div class=\"my-24 rounded-lg border-0 border-gray-700 bg-gray-100 px-16 py-24\">\n<div class=\"mt-11 !text-gray-500\">\n<p data-path-to-node=\"11\">Steigern Sie Ihre Markenpr\u00e4senz mit unseren <b>3D-gedruckte Schl\u00fcsselb\u00e4nder<\/b>, Eine hochwertige Identifikationsl\u00f6sung, die einen bleibenden Eindruck hinterl\u00e4sst. Dieses innovative Lanyard geht \u00fcber herk\u00f6mmliche Flachdruckverfahren hinaus und bringt Ihr Logo als... <b>erhabene, hochdichte Silikonschicht<\/b>. Dadurch entsteht eine unverwechselbare, haptische Oberfl\u00e4che, die Ihrer Marke Tiefe und ein Gef\u00fchl von Exklusivit\u00e4t verleiht und sie somit zur idealen Wahl f\u00fcr VIP-Veranstaltungen, Technologiekonferenzen und den gehobenen Unternehmenseinsatz macht.<\/p>\n<p data-path-to-node=\"12\">Das 90 cm lange Lanyard ist aus robustem, hochwertigem Polyester gefertigt und somit ideal f\u00fcr den t\u00e4glichen Gebrauch durch Ihre Mitarbeiter. Wir bedrucken eine Seite des Bandes mit Ihrem individuellen Design und garantieren so eine pr\u00e4zise Anbringung. <b>Pantone-Farbabstimmung<\/b> oder Vollfarbdruck, um Ihrem Logo einen modernen, architektonischen Effekt zu verleihen. Im Gegensatz zu herk\u00f6mmlichen Drucken, die mit der Zeit abnutzen k\u00f6nnen, ist die erhabene Silikonstruktur widerstandsf\u00e4hig und beh\u00e4lt ihr hochwertiges Aussehen dauerhaft.<\/p>\n<p data-path-to-node=\"13\">Jede Einheit wird mit einer robusten <b>Metallkarabiner<\/b> Standardm\u00e4\u00dfig ist dies so gestaltet, dass es den hochwertigen Eindruck des Produkts unterstreicht. Ob f\u00fcr Zugangskarten oder robuste Schl\u00fcsselbunde \u2013 dieses Lanyard vereint Funktionalit\u00e4t mit einer einzigartigen Optik und Haptik, die Ihre Marke ins Rampenlicht r\u00fcckt.<\/p>\n<p data-path-to-node=\"14\"><b>Hauptmerkmale:<\/b><\/p>\n<ul data-path-to-node=\"15\">\n<li>\n<p data-path-to-node=\"15,0,0\"><b>Relief-3D-Technologie:<\/b> Die Logos werden aus hochdichtem Silikon gedruckt, um einen haptischen, \u201cgepr\u00e4gten\u201d Effekt zu erzielen.<\/p>\n<\/li>\n<li>\n<p data-path-to-node=\"15,1,0\"><b>Hochwertige Grafiken:<\/b> Verleiht Tiefe und ein luxuri\u00f6ses Ambiente, perfekt zur Kennzeichnung von VIPs oder Mitarbeitern.<\/p>\n<\/li>\n<li>\n<p data-path-to-node=\"15,2,0\"><b>Anpassung:<\/b> Vollst\u00e4ndige Pantone-Farbanpassung f\u00fcr die Reliefdruckschicht verf\u00fcgbar.<\/p>\n<\/li>\n<li>\n<p data-path-to-node=\"15,3,0\"><b>Haltbarkeit:<\/b> Das Armband aus Polyester und der Silikondruck sind f\u00fcr den langfristigen t\u00e4glichen Gebrauch konzipiert.<\/p>\n<\/li>\n<li>\n<p data-path-to-node=\"15,4,0\"><b>Hardware:<\/b> Inklusive eines robusten Metallkarabiners; weitere Befestigungselemente auf Anfrage erh\u00e4ltlich.<\/p>\n<\/li>\n<\/ul>\n<\/div>\n<\/div>\n<\/div>\n<\/div>","protected":false},"excerpt":{"rendered":"<ul>\n<li>\n<p data-path-to-node=\"9,0,0\"><b>Taktiles Branding:<\/b> Durch innovatives High-Density-Druckverfahren entsteht ein erhabener 3D-Logo-Effekt, den man f\u00fchlen kann.<\/p>\n<\/li>\n<li>\n<p data-path-to-node=\"9,1,0\"><b>Premium-\u00c4sthetik:<\/b> Bietet ein anspruchsvolles, modernes Erscheinungsbild, das dem herk\u00f6mmlichen Flachsiebdruck \u00fcberlegen ist.<\/p>\n<\/li>\n<li>\n<p data-path-to-node=\"9,2,0\"><b>Strapazierf\u00e4hige Oberfl\u00e4che:<\/b> Der auf Silikon basierende 3D-Druck ist \u00e4u\u00dferst widerstandsf\u00e4hig gegen Abnutzung, Waschen und Ausbleichen.<\/p>\n<\/li>\n<li>\n<p data-path-to-node=\"9,3,0\"><b>Corporate Identity:<\/b> Erh\u00e4ltlich in Pantone-Farben auf einem strapazierf\u00e4higen 90 cm langen Polyesterarmband.<\/p>\n<\/li>\n<li><\/li>\n<\/ul>","protected":false},"featured_media":6826,"comment_status":"closed","ping_status":"closed","template":"","meta":[],"product_brand":[],"product_cat":[104],"product_tag":[],"class_list":{"0":"post-1263","1":"product","2":"type-product","3":"status-publish","4":"has-post-thumbnail","6":"product_cat-custom-printed-lanyards","8":"first","9":"instock","10":"shipping-taxable","11":"purchasable","12":"product-type-simple"},"_links":{"self":[{"href":"https:\/\/wristbandfactory.eu\/de\/wp-json\/wp\/v2\/product\/1263","targetHints":{"allow":["GET"]}}],"collection":[{"href":"https:\/\/wristbandfactory.eu\/de\/wp-json\/wp\/v2\/product"}],"about":[{"href":"https:\/\/wristbandfactory.eu\/de\/wp-json\/wp\/v2\/types\/product"}],"replies":[{"embeddable":true,"href":"https:\/\/wristbandfactory.eu\/de\/wp-json\/wp\/v2\/comments?post=1263"}],"wp:featuredmedia":[{"embeddable":true,"href":"https:\/\/wristbandfactory.eu\/de\/wp-json\/wp\/v2\/media\/6826"}],"wp:attachment":[{"href":"https:\/\/wristbandfactory.eu\/de\/wp-json\/wp\/v2\/media?parent=1263"}],"wp:term":[{"taxonomy":"product_brand","embeddable":true,"href":"https:\/\/wristbandfactory.eu\/de\/wp-json\/wp\/v2\/product_brand?post=1263"},{"taxonomy":"product_cat","embeddable":true,"href":"https:\/\/wristbandfactory.eu\/de\/wp-json\/wp\/v2\/product_cat?post=1263"},{"taxonomy":"product_tag","embeddable":true,"href":"https:\/\/wristbandfactory.eu\/de\/wp-json\/wp\/v2\/product_tag?post=1263"}],"curies":[{"name":"wp","href":"https:\/\/api.w.org\/{rel}","templated":true}]}}