{"id":1259,"date":"2024-10-27T11:54:13","date_gmt":"2024-10-27T08:54:13","guid":{"rendered":"https:\/\/wristbandfactory.eu\/toode\/recycled-pet-sublimation-lanyards\/"},"modified":"2026-01-12T00:33:58","modified_gmt":"2026-01-11T21:33:58","slug":"eco-friendly-rpet-lanyards-full-color-sublimation","status":"publish","type":"product","link":"https:\/\/wristbandfactory.eu\/de\/p\/eco-friendly-rpet-lanyards-full-color-sublimation\/","title":{"rendered":"Recycelte rPET Schl\u00fcsselb\u00e4nder (Vollfarbdruck)"},"content":{"rendered":"<div class=\"mx-12 md:mx-24 lg:mx-48\">\n<div class=\"container my-8 svelte-zlsknf\">\n<div class=\"my-24 rounded-lg border-0 border-gray-700 bg-gray-100 px-16 py-24\">\n<div class=\"mt-11 !text-gray-500\">\n<p data-path-to-node=\"11\">Zeigen Sie das Engagement Ihrer Marke f\u00fcr Nachhaltigkeit, ohne dabei auf eine wirkungsvolle visuelle Identit\u00e4t zu verzichten. Unser <b>Umweltfreundliche rPET-Sublimations-Lanyards<\/b> sind die erste Wahl f\u00fcr umweltbewusste Organisationen, gr\u00fcne Konferenzen und Festivals, die ihren CO2-Fu\u00dfabdruck reduzieren m\u00f6chten.<\/p>\n<p data-path-to-node=\"12\"><span data-path-to-node=\"12,1\"><span class=\"citation-171\">Diese Lanyards werden aus recyceltem PET (rPET) der Marke 100% hergestellt und verwandeln so gebrauchte Kunststoffabf\u00e4lle in ein hochwertiges, strapazierf\u00e4higes Textilband.<\/span><\/span><span data-path-to-node=\"12,3\">. Trotz des Recyclingmaterials zeichnet sich das Material durch eine bemerkenswert feine Webart aus, die eine glatte, hochwertige Oberfl\u00e4che bietet. Diese Oberfl\u00e4che wurde speziell f\u00fcr <b>Farbsublimationsdruck<\/b>, Dadurch lassen sich beeindruckende, fotorealistische Designs auf einer oder beiden Seiten realisieren. Im Gegensatz zum Siebdruck f\u00e4rbt die Sublimation die Stofffasern direkt. So wird sichergestellt, dass komplexe Logos, detailreiche Bilder und lebendige Farbverl\u00e4ufe mit der Zeit nicht rei\u00dfen, verblassen oder abbl\u00e4ttern.<\/span><\/p>\n<p data-path-to-node=\"13\"><span data-path-to-node=\"13,1\"><span class=\"citation-170\">Jedes Lanyard wird mit einem robusten Verschluss geliefert. <\/span><b><span class=\"citation-170\">Metallkarabiner<\/span><\/b><span class=\"citation-170\"> Standardm\u00e4\u00dfig bietet es eine sichere Befestigung f\u00fcr Ausweise und Zug\u00e4nge.<\/span><\/span><span data-path-to-node=\"13,3\">. <\/span><span data-path-to-node=\"13,5\"><span class=\"citation-169\">F\u00fcr Unternehmensumgebungen oder Gro\u00dfveranstaltungen, bei denen die Einhaltung von Gesundheits- und Sicherheitsvorschriften Priorit\u00e4t hat, empfehlen wir dringend die optionale Erg\u00e4nzung. <\/span><b><span class=\"citation-169\">Sicherheits-Abrei\u00dfclip<\/span><\/b><\/span><span data-path-to-node=\"13,7\">, wodurch sich das Schl\u00fcsselband l\u00f6st, wenn man kr\u00e4ftig daran zieht.<\/span><\/p>\n<p data-path-to-node=\"14\"><b>Hauptmerkmale:<\/b><\/p>\n<ul data-path-to-node=\"15\">\n<li>\n<p data-path-to-node=\"15,0,0\"><b>Umweltfreundliches Material:<\/b> Hergestellt aus 100% recyceltem PET (rPET), das aus Post-Consumer-Kunststoffen gewonnen wird.<\/p>\n<\/li>\n<li>\n<p data-path-to-node=\"15,1,0\"><b>Vollfarbsublimation:<\/b> Erm\u00f6glicht brillante, lichtbest\u00e4ndige und fotorealistische Grafiken auf einer oder zwei Seiten.<\/p>\n<\/li>\n<li>\n<p data-path-to-node=\"15,2,0\"><b>Komfortpassform:<\/b> 90 cm langer Riemen mit weicher Oberfl\u00e4che f\u00fcr angenehmen Tragekomfort den ganzen Tag.<\/p>\n<\/li>\n<li>\n<p data-path-to-node=\"15,3,0\"><b>Sicherheitsoptionen:<\/b> Optionaler Abrei\u00dfclip f\u00fcr erh\u00f6hte Anwendersicherheit in dynamischen Umgebungen erh\u00e4ltlich.<\/p>\n<\/li>\n<li>\n<p data-path-to-node=\"15,4,0\"><b>Vielseitige Hardware:<\/b> Wird mit einem robusten Metallkarabiner geliefert; andere Karabinerarten sind auf Anfrage erh\u00e4ltlich.<\/p>\n<\/li>\n<\/ul>\n<\/div>\n<\/div>\n<\/div>\n<\/div>","protected":false},"excerpt":{"rendered":"<ul>\n<li>\n<p data-path-to-node=\"9,0,0\"><b>Zertifizierte Nachhaltigkeit:<\/b> Hergestellt aus 100% recycelten Plastikflaschen (rPET), wodurch die Umweltbelastung reduziert wird.<\/p>\n<\/li>\n<li>\n<p data-path-to-node=\"9,1,0\"><b>Hochaufl\u00f6sendes Branding:<\/b> Die glatte Oberfl\u00e4che erm\u00f6glicht randlosen, vollfarbigen Sublimationsdruck.<\/p>\n<\/li>\n<li>\n<p data-path-to-node=\"9,2,0\"><b>Komplexe Konstruktionen:<\/b> Perfekt f\u00fcr aufwendige Logos, Farbverl\u00e4ufe und fotografische Bilder.<\/p>\n<\/li>\n<li>\n<p data-path-to-node=\"9,3,0\"><b>Sicherheit und Nutzen:<\/b> Ein Standard-Metallkarabiner ist im Lieferumfang enthalten; eine optionale Sicherheitsabrei\u00dfvorrichtung ist zur Einhaltung der Vorschriften erh\u00e4ltlich.<\/p>\n<\/li>\n<li><\/li>\n<\/ul>","protected":false},"featured_media":6833,"comment_status":"closed","ping_status":"closed","template":"","meta":[],"product_brand":[],"product_cat":[43,104,106],"product_tag":[],"class_list":{"0":"post-1259","1":"product","2":"type-product","3":"status-publish","4":"has-post-thumbnail","6":"product_cat-lanyards","7":"product_cat-custom-printed-lanyards","8":"product_cat-breakaway-lanyards","10":"first","11":"instock","12":"shipping-taxable","13":"purchasable","14":"product-type-simple"},"_links":{"self":[{"href":"https:\/\/wristbandfactory.eu\/de\/wp-json\/wp\/v2\/product\/1259","targetHints":{"allow":["GET"]}}],"collection":[{"href":"https:\/\/wristbandfactory.eu\/de\/wp-json\/wp\/v2\/product"}],"about":[{"href":"https:\/\/wristbandfactory.eu\/de\/wp-json\/wp\/v2\/types\/product"}],"replies":[{"embeddable":true,"href":"https:\/\/wristbandfactory.eu\/de\/wp-json\/wp\/v2\/comments?post=1259"}],"wp:featuredmedia":[{"embeddable":true,"href":"https:\/\/wristbandfactory.eu\/de\/wp-json\/wp\/v2\/media\/6833"}],"wp:attachment":[{"href":"https:\/\/wristbandfactory.eu\/de\/wp-json\/wp\/v2\/media?parent=1259"}],"wp:term":[{"taxonomy":"product_brand","embeddable":true,"href":"https:\/\/wristbandfactory.eu\/de\/wp-json\/wp\/v2\/product_brand?post=1259"},{"taxonomy":"product_cat","embeddable":true,"href":"https:\/\/wristbandfactory.eu\/de\/wp-json\/wp\/v2\/product_cat?post=1259"},{"taxonomy":"product_tag","embeddable":true,"href":"https:\/\/wristbandfactory.eu\/de\/wp-json\/wp\/v2\/product_tag?post=1259"}],"curies":[{"name":"wp","href":"https:\/\/api.w.org\/{rel}","templated":true}]}}