{"id":1256,"date":"2024-10-27T11:54:13","date_gmt":"2024-10-27T08:54:13","guid":{"rendered":"https:\/\/wristbandfactory.eu\/toode\/cork-lanyards\/"},"modified":"2026-01-11T22:16:05","modified_gmt":"2026-01-11T19:16:05","slug":"printed-cork-lanyards","status":"publish","type":"product","link":"https:\/\/wristbandfactory.eu\/de\/p\/printed-cork-lanyards\/","title":{"rendered":"Bedruckte Kork-Schl\u00fcsselb\u00e4nder (Naturkork)"},"content":{"rendered":"<div class=\"mx-12 md:mx-24 lg:mx-48\">\n<div class=\"container my-8 svelte-zlsknf\">\n<div class=\"my-24 rounded-lg border-0 border-gray-700 bg-gray-100 px-16 py-24\">\n<div class=\"mt-11 !text-gray-500\">\n<p data-path-to-node=\"11\">Setzen Sie auf Ihrer n\u00e4chsten Konferenz oder Messe ein verantwortungsvolles und stilvolles Statement mit unserem <b>Bedruckte Kork-Lanyards<\/b>. Dieses Lanyard ist die ideale L\u00f6sung f\u00fcr umweltbewusste Organisationen, die nachhaltige Materialien mit professionellem Branding kombinieren m\u00f6chten, und bietet eine anspruchsvolle Alternative zu synthetischen Fasern.<\/p>\n<p data-path-to-node=\"12\">Hergestellt aus <b>echter, nat\u00fcrlicher Kork<\/b>, Dieses 90 cm lange Lanyard besticht durch seine einzigartige, hochwertige Haptik und ist sofort erkennbar. Das Material wird aus der Rinde der Korkeiche gewonnen, ohne den Baum selbst zu sch\u00e4digen \u2013 ein wahrhaft erneuerbarer Rohstoff. Neben seinen \u00f6kologischen Vorteilen ist Kork von Natur aus strapazierf\u00e4hig, wasserabweisend und hypoallergen und bietet somit hohen Tragekomfort im Alltag.<\/p>\n<p data-path-to-node=\"13\">Wir k\u00f6nnen <b>Bedrucken Sie Ihr Logo individuell<\/b> auf einer oder beiden Seiten des Riemens. Kork hat zwar eine nat\u00fcrliche Textur, aber unser fortschrittliches Siebdruckverfahren sorgt daf\u00fcr, dass Ihr Design lesbar und farbgetreu bleibt (mithilfe von \u2026). <b>Pantone-Farbanpassung<\/b>Die nat\u00fcrliche, hellbraune Farbe des Korks bildet einen sch\u00f6nen, neutralen Hintergrund, der dunkle Logos besonders gut zur Geltung bringt. Jedes Lanyard wird standardm\u00e4\u00dfig mit einem zuverl\u00e4ssigen Verschluss geliefert. <b>Metallkarabiner<\/b>, wodurch eine sichere Befestigung f\u00fcr Veranstaltungsp\u00e4sse oder Ausweise gew\u00e4hrleistet wird.<\/p>\n<p data-path-to-node=\"14\"><b>Hauptmerkmale:<\/b><\/p>\n<ul data-path-to-node=\"15\">\n<li>\n<p data-path-to-node=\"15,0,0\"><b>Material:<\/b> Echter Naturkork (nachwachsend und biologisch abbaubar).<\/p>\n<\/li>\n<li>\n<p data-path-to-node=\"15,1,0\"><b>Visuelle Wirkung:<\/b> Die einzigartige Holzmaserung vermittelt die Botschaft \u201cPremium Eco\u201d.<\/p>\n<\/li>\n<li>\n<p data-path-to-node=\"15,2,0\"><b>Drucken:<\/b> Siebdruck mit Pantone-Pr\u00e4zision auf 1 oder 2 Seiten.<\/p>\n<\/li>\n<li>\n<p data-path-to-node=\"15,3,0\"><b>Haltbarkeit:<\/b> Von Natur aus wasserabweisend und robust genug f\u00fcr den Langzeiteinsatz.<\/p>\n<\/li>\n<li>\n<p data-path-to-node=\"15,4,0\"><b>Hardware:<\/b> Inklusive eines robusten Metallkarabiners; weitere Clip-Optionen erh\u00e4ltlich.<\/p>\n<\/li>\n<li>\n<p data-path-to-node=\"15,5,0\"><b>Komfort:<\/b> Leicht und weich auf der Haut.<\/p>\n<\/li>\n<\/ul>\n<\/div>\n<\/div>\n<\/div>\n<\/div>","protected":false},"excerpt":{"rendered":"<ul>\n<li>\n<p data-path-to-node=\"9,0,0\"><b>Unverwechselbare \u00c4sthetik:<\/b> Die nat\u00fcrliche, holz\u00e4hnliche Textur des Korks erzeugt eine einzigartige, hochwertige Optik, die sich von Standard-Lanyards abhebt.<\/p>\n<\/li>\n<li>\n<p data-path-to-node=\"9,1,0\"><b>Zertifiziert nachhaltig:<\/b> Hergestellt aus echtem, nachwachsendem Kork, zeugt dies von einem starken Engagement f\u00fcr Umweltverantwortung.<\/p>\n<\/li>\n<li>\n<p data-path-to-node=\"9,2,0\"><b>Individuelles Branding:<\/b> Trotz der strukturierten Oberfl\u00e4che bieten wir einen klaren Siebdruck mit Pantone-Farbabstimmung auf 1 oder 2 Seiten an.<\/p>\n<\/li>\n<li>\n<p data-path-to-node=\"9,3,0\"><b>Langlebig und wasserabweisend:<\/b> Kork ist von Natur aus robust und feuchtigkeitsbest\u00e4ndig und eignet sich daher ideal f\u00fcr mehrt\u00e4gige Veranstaltungen.<\/p>\n<\/li>\n<\/ul>","protected":false},"featured_media":6730,"comment_status":"closed","ping_status":"closed","template":"","meta":[],"product_brand":[],"product_cat":[43,107],"product_tag":[],"class_list":{"0":"post-1256","1":"product","2":"type-product","3":"status-publish","4":"has-post-thumbnail","6":"product_cat-lanyards","7":"product_cat-eco-friendly-lanyards","9":"first","10":"instock","11":"shipping-taxable","12":"purchasable","13":"product-type-simple"},"_links":{"self":[{"href":"https:\/\/wristbandfactory.eu\/de\/wp-json\/wp\/v2\/product\/1256","targetHints":{"allow":["GET"]}}],"collection":[{"href":"https:\/\/wristbandfactory.eu\/de\/wp-json\/wp\/v2\/product"}],"about":[{"href":"https:\/\/wristbandfactory.eu\/de\/wp-json\/wp\/v2\/types\/product"}],"replies":[{"embeddable":true,"href":"https:\/\/wristbandfactory.eu\/de\/wp-json\/wp\/v2\/comments?post=1256"}],"wp:featuredmedia":[{"embeddable":true,"href":"https:\/\/wristbandfactory.eu\/de\/wp-json\/wp\/v2\/media\/6730"}],"wp:attachment":[{"href":"https:\/\/wristbandfactory.eu\/de\/wp-json\/wp\/v2\/media?parent=1256"}],"wp:term":[{"taxonomy":"product_brand","embeddable":true,"href":"https:\/\/wristbandfactory.eu\/de\/wp-json\/wp\/v2\/product_brand?post=1256"},{"taxonomy":"product_cat","embeddable":true,"href":"https:\/\/wristbandfactory.eu\/de\/wp-json\/wp\/v2\/product_cat?post=1256"},{"taxonomy":"product_tag","embeddable":true,"href":"https:\/\/wristbandfactory.eu\/de\/wp-json\/wp\/v2\/product_tag?post=1256"}],"curies":[{"name":"wp","href":"https:\/\/api.w.org\/{rel}","templated":true}]}}