{"id":1254,"date":"2024-10-27T11:54:13","date_gmt":"2024-10-27T08:54:13","guid":{"rendered":"https:\/\/wristbandfactory.eu\/toode\/organic-cotton-lanyards\/"},"modified":"2026-01-11T22:42:53","modified_gmt":"2026-01-11T19:42:53","slug":"printed-organic-cotton-lanyards-sustainable-branding","status":"publish","type":"product","link":"https:\/\/wristbandfactory.eu\/de\/p\/printed-organic-cotton-lanyards-sustainable-branding\/","title":{"rendered":"Bedruckte Bio-Baumwoll Schl\u00fcsselb\u00e4nder (\u00d6ko)"},"content":{"rendered":"<div class=\"mx-12 md:mx-24 lg:mx-48\">\n<div class=\"container my-8 svelte-zlsknf\">\n<div class=\"my-24 rounded-lg border-0 border-gray-700 bg-gray-100 px-16 py-24\">\n<div class=\"mt-11 !text-gray-500\">\n<p data-path-to-node=\"11\">Zeigen Sie das Engagement Ihres Unternehmens f\u00fcr Nachhaltigkeit, ohne Kompromisse bei der Qualit\u00e4t einzugehen. Unser <b>Bedruckte Lanyards aus Bio-Baumwolle<\/b> sind die erste Wahl f\u00fcr umweltbewusste Konferenzen, Messen und Unternehmensumgebungen, in denen die Reduzierung von Plastikm\u00fcll Priorit\u00e4t hat.<\/p>\n<p data-path-to-node=\"12\">Hergestellt aus <b>100% Bio-Baumwolle<\/b>, Dieses Lanyard bietet einen entscheidenden Vorteil gegen\u00fcber herk\u00f6mmlichem Polyester: Es f\u00fchlt sich angenehm weich und nat\u00fcrlich an und ist auch \u00fcber l\u00e4ngere Zeitr\u00e4ume komfortabel auf der Haut. Die nat\u00fcrliche, matte Textur des Bandes vermittelt Ihren Teilnehmern und Kunden sofort ein Gef\u00fchl von Umweltbewusstsein.<\/p>\n<p data-path-to-node=\"13\">Obwohl es sich um eine Naturfaser handelt, bietet das Material eine strapazierf\u00e4hige Oberfl\u00e4che f\u00fcr Branding. Wir nutzen <b>Pantone-farblich abgestimmter Siebdruck<\/b> Um sicherzustellen, dass Ihr Logo auf einer oder beiden Seiten des Bandes pr\u00e4zise wiedergegeben wird, k\u00f6nnen Sie strenge Markenrichtlinien einhalten und gleichzeitig eine erneuerbare Ressource nutzen. Jedes Lanyard wird standardm\u00e4\u00dfig mit einem zuverl\u00e4ssigen <b>Metallkarabiner<\/b>, wodurch eine sichere Aufbewahrung von Ausweisen und Zutrittskarten gew\u00e4hrleistet wird.<\/p>\n<p data-path-to-node=\"14\"><b>Hauptmerkmale:<\/b><\/p>\n<ul data-path-to-node=\"15\">\n<li>\n<p data-path-to-node=\"15,0,0\"><b>Umweltfreundliches Material:<\/b> 100% Bio-Baumwolle reduziert die Umweltbelastung und unterst\u00fctzt CSR-Ziele.<\/p>\n<\/li>\n<li>\n<p data-path-to-node=\"15,1,0\"><b>\u00dcberragender Komfort:<\/b> Die au\u00dfergew\u00f6hnlich weiche, nat\u00fcrliche Textur verhindert Hautirritationen bei ganzt\u00e4gigem Tragen.<\/p>\n<\/li>\n<li>\n<p data-path-to-node=\"15,2,0\"><b>Individuelles Branding:<\/b> Hochwertiger Siebdruck mit Pantone-Farbabstimmung.<\/p>\n<\/li>\n<li>\n<p data-path-to-node=\"15,3,0\"><b>Standardgr\u00f6\u00dfe:<\/b> 90 cm L\u00e4nge x 20 mm Breite (Standard) \u2013 bietet allen Teilnehmern bequem Platz.<\/p>\n<\/li>\n<li>\n<p data-path-to-node=\"15,4,0\"><b>Hardware:<\/b> Inklusive robustem Metallkarabiner; kompatibel mit unseren umweltfreundlichen Ausweish\u00fcllen.<\/p>\n<\/li>\n<\/ul>\n<\/div>\n<\/div>\n<\/div>\n<\/div>","protected":false},"excerpt":{"rendered":"<ul>\n<li>\n<p data-path-to-node=\"9,0,0\"><b>Zertifizierte Nachhaltigkeit:<\/b> Hergestellt aus 100% nat\u00fcrlicher Bio-Baumwolle, ideal f\u00fcr umweltfreundliche Veranstaltungen und CSR-orientierte Marken.<\/p>\n<\/li>\n<li>\n<p data-path-to-node=\"9,1,0\"><b>Premium-Weichheit:<\/b> Die Naturfasern bieten im Vergleich zu synthetischen Alternativen eine \u00fcberlegene, hautfreundliche Textur.<\/p>\n<\/li>\n<li>\n<p data-path-to-node=\"9,2,0\"><b>Pr\u00e4zises Branding:<\/b> Bedruckt mit Ihrem Pantone-konformen Logo auf 1 oder 2 Seiten f\u00fcr einen sauberen, professionellen Look.<\/p>\n<\/li>\n<li>\n<p data-path-to-node=\"9,3,0\"><b>Robuste Hardware:<\/b> Beinhaltet einen hochwertigen Metallkarabiner zur sicheren Befestigung von biologisch abbaubaren oder Standard-Ausweishaltern.<\/p>\n<\/li>\n<li><\/li>\n<\/ul>","protected":false},"featured_media":6745,"comment_status":"closed","ping_status":"closed","template":"","meta":[],"product_brand":[],"product_cat":[104,107],"product_tag":[],"class_list":{"0":"post-1254","1":"product","2":"type-product","3":"status-publish","4":"has-post-thumbnail","6":"product_cat-custom-printed-lanyards","7":"product_cat-eco-friendly-lanyards","9":"first","10":"instock","11":"shipping-taxable","12":"purchasable","13":"product-type-simple"},"_links":{"self":[{"href":"https:\/\/wristbandfactory.eu\/de\/wp-json\/wp\/v2\/product\/1254","targetHints":{"allow":["GET"]}}],"collection":[{"href":"https:\/\/wristbandfactory.eu\/de\/wp-json\/wp\/v2\/product"}],"about":[{"href":"https:\/\/wristbandfactory.eu\/de\/wp-json\/wp\/v2\/types\/product"}],"replies":[{"embeddable":true,"href":"https:\/\/wristbandfactory.eu\/de\/wp-json\/wp\/v2\/comments?post=1254"}],"wp:featuredmedia":[{"embeddable":true,"href":"https:\/\/wristbandfactory.eu\/de\/wp-json\/wp\/v2\/media\/6745"}],"wp:attachment":[{"href":"https:\/\/wristbandfactory.eu\/de\/wp-json\/wp\/v2\/media?parent=1254"}],"wp:term":[{"taxonomy":"product_brand","embeddable":true,"href":"https:\/\/wristbandfactory.eu\/de\/wp-json\/wp\/v2\/product_brand?post=1254"},{"taxonomy":"product_cat","embeddable":true,"href":"https:\/\/wristbandfactory.eu\/de\/wp-json\/wp\/v2\/product_cat?post=1254"},{"taxonomy":"product_tag","embeddable":true,"href":"https:\/\/wristbandfactory.eu\/de\/wp-json\/wp\/v2\/product_tag?post=1254"}],"curies":[{"name":"wp","href":"https:\/\/api.w.org\/{rel}","templated":true}]}}