{"id":1253,"date":"2024-10-27T11:54:13","date_gmt":"2024-10-27T08:54:13","guid":{"rendered":"https:\/\/wristbandfactory.eu\/toode\/sublimation-lanyards-with-2-metal-hooks\/"},"modified":"2026-01-09T23:36:24","modified_gmt":"2026-01-09T20:36:24","slug":"dual-hook-sublimation-lanyards","status":"publish","type":"product","link":"https:\/\/wristbandfactory.eu\/de\/p\/dual-hook-sublimation-lanyards\/","title":{"rendered":"Sublimations-Lanyards mit Doppelhaken"},"content":{"rendered":"<div class=\"mx-12 md:mx-24 lg:mx-48\">\n<div class=\"container my-8 svelte-zlsknf\">\n<div class=\"my-24 rounded-lg border-0 border-gray-700 bg-gray-100 px-16 py-24\">\n<div class=\"mt-11 !text-gray-500\">\n<p>Stellen Sie mit unserem System sicher, dass Ihre Marke und Ihre Veranstaltungsreferenzen stets im Mittelpunkt stehen. <b>Sublimations-Lanyards mit Doppelhaken<\/b>. Dieses hochwertige Lanyard ist die professionelle L\u00f6sung f\u00fcr die Aufbewahrung gr\u00f6\u00dferer Veranstaltungsausweise oder ID-H\u00fcllen. Zwei Befestigungspunkte verhindern, dass diese sich drehen oder umkippen.<\/p>\n<p>Dieses Lanyard aus feinem, 90 cm langem Polyesterband bietet eine optimale Grundlage f\u00fcr unseren fortschrittlichen Sublimationsdruck. Dieses Verfahren erm\u00f6glicht unbegrenzte, fotorealistische Designs, darunter komplexe Logos, Farbverl\u00e4ufe und vollfarbige Bilder auf einer oder beiden Seiten. Das Ergebnis ist ein brillantes, lichtbest\u00e4ndiges Finish, das nicht rei\u00dft oder abbl\u00e4ttert.<\/p>\n<p>Ideal f\u00fcr Konferenzen, Messen und Firmenveranstaltungen: Die beiden Metallkarabiner bieten sicheren Halt f\u00fcr jeden Ausweishalter mit zwei \u00d6sen. Wie in den Kategorien angegeben, ist dieses Lanyard mit einem Sicherheitsverschluss f\u00fcr erh\u00f6hte Sicherheit in belebten Umgebungen erh\u00e4ltlich.<\/p>\n<p><b>Hauptmerkmale:<\/b><\/p>\n<ul>\n<li><b>Doppelhaken-Design:<\/b> Ausgestattet mit zwei Karabinerhaken aus Metall, um gro\u00dfe Ausweise oder Veranstaltungsp\u00e4sse sicher und nach vorne gerichtet zu befestigen.<\/li>\n<li><b>Vollfarbsublimation:<\/b> Bietet brillante, fotorealistische Druckergebnisse f\u00fcr komplexe Logos und Farbverl\u00e4ufe auf 1 oder 2 Seiten.<\/li>\n<li><b>Strapazierf\u00e4higes 90 cm Polyester:<\/b> Ein bequemes, feines Polyesterarmband, das f\u00fcr den ganzt\u00e4gigen Tragekomfort bei mehrt\u00e4gigen Veranstaltungen konzipiert ist.<\/li>\n<li><b>Sicherheitsabl\u00f6seoption:<\/b> Ausgestattet mit einem Sollbruchverschluss, einem entscheidenden Sicherheitsmerkmal f\u00fcr Unternehmensumgebungen.<\/li>\n<li><b>Vielseitige Anbauteile:<\/b> Im Lieferumfang sind standardm\u00e4\u00dfig zwei Metallkarabiner enthalten, weitere Befestigungsm\u00f6glichkeiten sind erh\u00e4ltlich.<\/li>\n<\/ul>\n<\/div>\n<\/div>\n<\/div>\n<\/div>","protected":false},"excerpt":{"rendered":"<ul>\n<li>Verhindert das Verdrehen des Kartenhalters durch ein sicheres Doppelhaken-Design (2x Metallkarabiner).<\/li>\n<li>Pr\u00e4sentieren Sie Ihre Marke in brillanten, vollfarbigen Sublimationsdrucken (1- oder 2-seitig).<\/li>\n<li>Strapazierf\u00e4higer, 90 cm langer Gurt aus feinem Polyester, ideal f\u00fcr mehrt\u00e4gige Konferenzen.<\/li>\n<li>Optional mit Sicherheitsabrei\u00dfclip f\u00fcr erh\u00f6hte Benutzersicherheit erh\u00e4ltlich.<\/li>\n<\/ul>","protected":false},"featured_media":6694,"comment_status":"closed","ping_status":"closed","template":"","meta":[],"product_brand":[],"product_cat":[43,106],"product_tag":[],"class_list":{"0":"post-1253","1":"product","2":"type-product","3":"status-publish","4":"has-post-thumbnail","6":"product_cat-lanyards","7":"product_cat-breakaway-lanyards","9":"first","10":"instock","11":"shipping-taxable","12":"purchasable","13":"product-type-simple"},"_links":{"self":[{"href":"https:\/\/wristbandfactory.eu\/de\/wp-json\/wp\/v2\/product\/1253","targetHints":{"allow":["GET"]}}],"collection":[{"href":"https:\/\/wristbandfactory.eu\/de\/wp-json\/wp\/v2\/product"}],"about":[{"href":"https:\/\/wristbandfactory.eu\/de\/wp-json\/wp\/v2\/types\/product"}],"replies":[{"embeddable":true,"href":"https:\/\/wristbandfactory.eu\/de\/wp-json\/wp\/v2\/comments?post=1253"}],"wp:featuredmedia":[{"embeddable":true,"href":"https:\/\/wristbandfactory.eu\/de\/wp-json\/wp\/v2\/media\/6694"}],"wp:attachment":[{"href":"https:\/\/wristbandfactory.eu\/de\/wp-json\/wp\/v2\/media?parent=1253"}],"wp:term":[{"taxonomy":"product_brand","embeddable":true,"href":"https:\/\/wristbandfactory.eu\/de\/wp-json\/wp\/v2\/product_brand?post=1253"},{"taxonomy":"product_cat","embeddable":true,"href":"https:\/\/wristbandfactory.eu\/de\/wp-json\/wp\/v2\/product_cat?post=1253"},{"taxonomy":"product_tag","embeddable":true,"href":"https:\/\/wristbandfactory.eu\/de\/wp-json\/wp\/v2\/product_tag?post=1253"}],"curies":[{"name":"wp","href":"https:\/\/api.w.org\/{rel}","templated":true}]}}