{"id":1250,"date":"2024-10-27T11:54:13","date_gmt":"2024-10-27T08:54:13","guid":{"rendered":"https:\/\/wristbandfactory.eu\/toode\/sublimation-lanyards-with-metal-carabiner\/"},"modified":"2026-01-10T00:16:44","modified_gmt":"2026-01-09T21:16:44","slug":"full-color-sublimation-lanyards-safety-breakaway","status":"publish","type":"product","link":"https:\/\/wristbandfactory.eu\/de\/p\/full-color-sublimation-lanyards-safety-breakaway\/","title":{"rendered":"Sublimations-Schl\u00fcsselb\u00e4nder mit Sicherheitsverschluss"},"content":{"rendered":"<p data-path-to-node=\"11\">Setzen Sie ein starkes Zeichen und priorisieren Sie gleichzeitig die Sicherheit der Teilnehmer mit unserem <b>Vollfarbige Sublimations-Lanyards mit Sicherheitsverschluss<\/b>. Dieses Produkt ist die erste Wahl f\u00fcr Organisationen, die ein komplexes Branding ben\u00f6tigen \u2013 wie zum Beispiel mehrfarbige Logos, Farbverl\u00e4ufe oder fotorealistische Bilder \u2013 ohne Kompromisse bei der Einhaltung von Gesundheits- und Sicherheitsvorschriften einzugehen.<\/p>\n<p data-path-to-node=\"12\">Das charakteristische Merkmal dieses Lanyards ist die integrierte <b>Sicherheits-Abrei\u00dfclip<\/b> Das im Nackenbereich angebrachte Sicherungsseil l\u00f6st sich automatisch aus, wenn daran kr\u00e4ftig gezogen wird oder es sich in Maschinen oder T\u00fcren verf\u00e4ngt, und verhindert so Verletzungen. Daher ist es unerl\u00e4sslich f\u00fcr Schulen, Krankenh\u00e4user, Industrieanlagen und Gro\u00dfveranstaltungen.<\/p>\n<p data-path-to-node=\"13\">Optisch zeichnet sich das Lanyard durch fortschrittliche Technologie aus. <b>Farbsublimationsdruck<\/b>. Ihr Design wird dauerhaft direkt in die Fasern des 90 cm langen, feinen Polyesterbandes eingearbeitet, anstatt nur aufgedruckt zu sein. Dies gew\u00e4hrleistet eine vollst\u00e4ndige Abdeckung und eine Oberfl\u00e4che, die absolut resistent gegen Risse, Abbl\u00e4ttern und Ausbleichen ist. Das glatte Polyestermaterial ist au\u00dfergew\u00f6hnlich weich und sorgt so f\u00fcr ganzt\u00e4gigen Tragekomfort f\u00fcr Mitarbeiter und G\u00e4ste. Jedes Lanyard wird standardm\u00e4\u00dfig mit einem zuverl\u00e4ssigen Verschluss geliefert. <b>Metallkarabiner<\/b> zur sicheren Befestigung von Ausweisen oder Zugangskarten.<\/p>\n<p data-path-to-node=\"14\"><b>Hauptmerkmale:<\/b><\/p>\n<ul data-path-to-node=\"15\">\n<li>\n<p data-path-to-node=\"15,0,0\"><b>Sicherheits-Abrei\u00dfclip:<\/b> Essentielle Sicherheitsfunktion, die sich unter Druck l\u00f6st; ideal f\u00fcr den Einsatz in Unternehmen, im medizinischen Bereich und in der Industrie.<\/p>\n<\/li>\n<li>\n<p data-path-to-node=\"15,1,0\"><b>Vollfarbsublimation:<\/b> Erm\u00f6glicht fotorealistische, komplexe Designs und Farbverl\u00e4ufe \u00fcber die gesamte Oberfl\u00e4che.<\/p>\n<\/li>\n<li>\n<p data-path-to-node=\"15,2,0\"><b>Strapazierf\u00e4higes Feinpolyester:<\/b> Das glatte, 90 cm lange Band verhindert Hautirritationen und h\u00e4lt dem t\u00e4glichen Gebrauch stand.<\/p>\n<\/li>\n<li>\n<p data-path-to-node=\"15,3,0\"><b>Doppelseitiger Druck:<\/b> Erh\u00e4ltlich mit Branding auf einer oder beiden Seiten f\u00fcr maximale Sichtbarkeit.<\/p>\n<\/li>\n<li>\n<p data-path-to-node=\"15,4,0\"><b>Sichere Verbindung:<\/b> Inklusive eines robusten Metallkarabiners (andere Clip-Optionen auf Anfrage erh\u00e4ltlich).<\/p>\n<\/li>\n<\/ul>","protected":false},"excerpt":{"rendered":"<ul>\n<li>\n<p data-path-to-node=\"9,0,0\"><b>Obligatorische Sicherheitsvorkehrungen:<\/b> Ausgestattet mit einem Sicherheitsverschluss, der sich unter Spannung l\u00f6st und somit den g\u00e4ngigen Sicherheitsbestimmungen f\u00fcr Unternehmen und Veranstaltungen entspricht.<\/p>\n<\/li>\n<li>\n<p data-path-to-node=\"9,1,0\"><b>Unbegrenztes Design:<\/b> Die Farbstoffsublimationstechnologie erm\u00f6glicht den vollfarbigen, randlosen Druck komplexer Logos, Fotos und Farbverl\u00e4ufe.<\/p>\n<\/li>\n<li>\n<p data-path-to-node=\"9,2,0\"><b>Dauerhafte Versiegelung:<\/b> Die Tinte wird in den Stoff eingearbeitet, wodurch sichergestellt wird, dass das Design niemals rei\u00dft, abbl\u00e4ttert oder verblasst.<\/p>\n<\/li>\n<li>\n<p data-path-to-node=\"9,3,0\"><b>Komfort und Langlebigkeit:<\/b> Hergestellt aus weichem, fein gewebtem Polyester (90 cm), das auch bei l\u00e4ngerem Tragen angenehm ist.<\/p>\n<\/li>\n<\/ul>","protected":false},"featured_media":6712,"comment_status":"closed","ping_status":"closed","template":"","meta":[],"product_brand":[],"product_cat":[43,104,106],"product_tag":[],"class_list":{"0":"post-1250","1":"product","2":"type-product","3":"status-publish","4":"has-post-thumbnail","6":"product_cat-lanyards","7":"product_cat-custom-printed-lanyards","8":"product_cat-breakaway-lanyards","10":"first","11":"instock","12":"shipping-taxable","13":"purchasable","14":"product-type-simple"},"_links":{"self":[{"href":"https:\/\/wristbandfactory.eu\/de\/wp-json\/wp\/v2\/product\/1250","targetHints":{"allow":["GET"]}}],"collection":[{"href":"https:\/\/wristbandfactory.eu\/de\/wp-json\/wp\/v2\/product"}],"about":[{"href":"https:\/\/wristbandfactory.eu\/de\/wp-json\/wp\/v2\/types\/product"}],"replies":[{"embeddable":true,"href":"https:\/\/wristbandfactory.eu\/de\/wp-json\/wp\/v2\/comments?post=1250"}],"wp:featuredmedia":[{"embeddable":true,"href":"https:\/\/wristbandfactory.eu\/de\/wp-json\/wp\/v2\/media\/6712"}],"wp:attachment":[{"href":"https:\/\/wristbandfactory.eu\/de\/wp-json\/wp\/v2\/media?parent=1250"}],"wp:term":[{"taxonomy":"product_brand","embeddable":true,"href":"https:\/\/wristbandfactory.eu\/de\/wp-json\/wp\/v2\/product_brand?post=1250"},{"taxonomy":"product_cat","embeddable":true,"href":"https:\/\/wristbandfactory.eu\/de\/wp-json\/wp\/v2\/product_cat?post=1250"},{"taxonomy":"product_tag","embeddable":true,"href":"https:\/\/wristbandfactory.eu\/de\/wp-json\/wp\/v2\/product_tag?post=1250"}],"curies":[{"name":"wp","href":"https:\/\/api.w.org\/{rel}","templated":true}]}}