{"id":1246,"date":"2024-10-27T11:54:13","date_gmt":"2024-10-27T08:54:13","guid":{"rendered":"https:\/\/wristbandfactory.eu\/toode\/flat-polyester-lanyards\/"},"modified":"2026-01-12T00:06:16","modified_gmt":"2026-01-11T21:06:16","slug":"custom-printed-polyester-lanyards-corporate-branding","status":"publish","type":"product","link":"https:\/\/wristbandfactory.eu\/de\/p\/custom-printed-polyester-lanyards-corporate-branding\/","title":{"rendered":"Individuell bedruckte Polyester-Lanyards \u2013 Corporate Branding"},"content":{"rendered":"<div class=\"mx-12 md:mx-24 lg:mx-48\">\n<div class=\"container my-8 svelte-zlsknf\">\n<div class=\"my-24 rounded-lg border-0 border-gray-700 bg-gray-100 px-16 py-24\">\n<div class=\"mt-11 !text-gray-500\">\n<p data-path-to-node=\"12\">Sichern Sie Ihre Veranstaltung und st\u00e4rken Sie den Zusammenhalt Ihres Teams mit unserem <b>Individuell bedruckte Polyester-Lanyards<\/b>, Die branchen\u00fcbliche L\u00f6sung f\u00fcr effektive Markenpr\u00e4senz. Diese Lanyards wurden f\u00fcr hohe Anforderungen wie internationale Konferenzen, Messen und Gro\u00dfveranstaltungen entwickelt und bieten die optimale Balance zwischen Langlebigkeit, Druckqualit\u00e4t und Kosteneffizienz.<\/p>\n<p data-path-to-node=\"13\">Hergestellt aus hochwertigem, glattem Polyester, bietet dieses Material eine ebene Oberfl\u00e4che, die f\u00fcr ein klares und gut lesbares Branding unerl\u00e4sslich ist. Im Gegensatz zu strukturierten Alternativen erm\u00f6glicht diese glatte Oberfl\u00e4che eine pr\u00e4zise Logowiedergabe und gew\u00e4hrleistet so die verzerrungsfreie Darstellung Ihrer Corporate Identity. Wir bieten <b>Pantone-Farbabstimmung<\/b>, Dadurch k\u00f6nnen wir den Stoff f\u00e4rben und Ihr Design in Ihren exakten Markenfarben entweder auf einer oder auf beiden Seiten aufdrucken.<\/p>\n<p data-path-to-node=\"14\">Die Lanyards sind komfortabel und funktional gestaltet und messen jeweils ca. 90 cm in der L\u00e4nge, sodass sie f\u00fcr alle Teilnehmer geeignet sind. Die Lanyards werden vormontiert und mit einem robusten Verschluss geliefert. <b>Metallkarabiner<\/b>, Dadurch wird sichergestellt, dass Ausweise, Besucherkarten und Zugangschips w\u00e4hrend der gesamten Veranstaltung sicher befestigt bleiben. F\u00fcr Organisationen mit besonderen Sicherheits- oder Funktionsanforderungen sind auf Anfrage alternative Befestigungsm\u00f6glichkeiten (wie z. B. Sicherheitsverschl\u00fcsse oder andere Clips) erh\u00e4ltlich.<\/p>\n<p data-path-to-node=\"15\"><b>Hauptmerkmale:<\/b><\/p>\n<ul data-path-to-node=\"16\">\n<li>\n<p data-path-to-node=\"16,0,0\"><b>Material:<\/b> Strapazierf\u00e4higes, flaches Polyester, das f\u00fcr hochaufl\u00f6senden Druck entwickelt wurde.<\/p>\n<\/li>\n<li>\n<p data-path-to-node=\"16,1,0\"><b>Anpassung:<\/b> Vollst\u00e4ndige Pantone-Farbabstimmung f\u00fcr Stoff und Aufdruck.<\/p>\n<\/li>\n<li>\n<p data-path-to-node=\"16,2,0\"><b>Druckoptionen:<\/b> Erh\u00e4ltlich mit einseitiger oder beidseitiger Logoplatzierung f\u00fcr maximale Sichtbarkeit.<\/p>\n<\/li>\n<li>\n<p data-path-to-node=\"16,3,0\"><b>Standardabmessungen:<\/b> 90 cm L\u00e4nge x 20 mm Breite (Standard) f\u00fcr universelle Passform.<\/p>\n<\/li>\n<li>\n<p data-path-to-node=\"16,4,0\"><b>Hardware:<\/b> Ein robuster Metallkarabiner ist im Lieferumfang enthalten; Sonderanfertigungen sind m\u00f6glich.<\/p>\n<\/li>\n<li>\n<p data-path-to-node=\"16,5,0\"><b>Anwendungsfall:<\/b> Ideal f\u00fcr Firmenausweise, Mitarbeiterausweise und Werbegeschenke bei Veranstaltungen.<\/p>\n<\/li>\n<\/ul>\n<\/div>\n<\/div>\n<\/div>\n<\/div>","protected":false},"excerpt":{"rendered":"<ul data-path-to-node=\"10\">\n<li>\n<p data-path-to-node=\"10,0,0\"><b>Markenbildung mit hoher Wirkung:<\/b> Die glatte, ebene Polyesteroberfl\u00e4che gew\u00e4hrleistet eine scharfe, kontrastreiche Logowiedergabe.<\/p>\n<\/li>\n<li>\n<p data-path-to-node=\"10,1,0\"><b>Pantone Precision:<\/b> Vollst\u00e4ndig individualisierbarer Druck auf 1 oder 2 Seiten, exakt passend zu Ihren Firmenfarben.<\/p>\n<\/li>\n<li>\n<p data-path-to-node=\"10,2,0\"><b>Kosteng\u00fcnstige L\u00f6sung f\u00fcr Gro\u00dfbestellungen:<\/b> Der Branchenstandard f\u00fcr Gro\u00dfkonferenzen, Festivals und Messen.<\/p>\n<\/li>\n<li>\n<p data-path-to-node=\"10,3,0\"><b>Zuverl\u00e4ssige Hardware:<\/b> Beinhaltet standardm\u00e4\u00dfig einen robusten Metallkarabiner zur sicheren Befestigung von Ausweisen und Namensschildern.<\/p>\n<\/li>\n<\/ul>","protected":false},"featured_media":6815,"comment_status":"closed","ping_status":"closed","template":"","meta":[],"product_brand":[],"product_cat":[104],"product_tag":[],"class_list":{"0":"post-1246","1":"product","2":"type-product","3":"status-publish","4":"has-post-thumbnail","6":"product_cat-custom-printed-lanyards","8":"first","9":"instock","10":"shipping-taxable","11":"purchasable","12":"product-type-simple"},"_links":{"self":[{"href":"https:\/\/wristbandfactory.eu\/de\/wp-json\/wp\/v2\/product\/1246","targetHints":{"allow":["GET"]}}],"collection":[{"href":"https:\/\/wristbandfactory.eu\/de\/wp-json\/wp\/v2\/product"}],"about":[{"href":"https:\/\/wristbandfactory.eu\/de\/wp-json\/wp\/v2\/types\/product"}],"replies":[{"embeddable":true,"href":"https:\/\/wristbandfactory.eu\/de\/wp-json\/wp\/v2\/comments?post=1246"}],"wp:featuredmedia":[{"embeddable":true,"href":"https:\/\/wristbandfactory.eu\/de\/wp-json\/wp\/v2\/media\/6815"}],"wp:attachment":[{"href":"https:\/\/wristbandfactory.eu\/de\/wp-json\/wp\/v2\/media?parent=1246"}],"wp:term":[{"taxonomy":"product_brand","embeddable":true,"href":"https:\/\/wristbandfactory.eu\/de\/wp-json\/wp\/v2\/product_brand?post=1246"},{"taxonomy":"product_cat","embeddable":true,"href":"https:\/\/wristbandfactory.eu\/de\/wp-json\/wp\/v2\/product_cat?post=1246"},{"taxonomy":"product_tag","embeddable":true,"href":"https:\/\/wristbandfactory.eu\/de\/wp-json\/wp\/v2\/product_tag?post=1246"}],"curies":[{"name":"wp","href":"https:\/\/api.w.org\/{rel}","templated":true}]}}