{"id":1243,"date":"2024-10-27T11:54:13","date_gmt":"2024-10-27T08:54:13","guid":{"rendered":"https:\/\/wristbandfactory.eu\/toode\/seed-paper-lanyard\/"},"modified":"2026-01-11T23:25:03","modified_gmt":"2026-01-11T20:25:03","slug":"seed-paper-lanyards","status":"publish","type":"product","link":"https:\/\/wristbandfactory.eu\/de\/p\/seed-paper-lanyards\/","title":{"rendered":"Samenpapier-Schl\u00fcsselb\u00e4nder (Pflanzbar)"},"content":{"rendered":"<p data-path-to-node=\"11\">Setzen Sie bei Ihrer n\u00e4chsten Veranstaltung, Ausstellung oder Ihrem n\u00e4chsten Festival mit unserer innovativen L\u00f6sung ein nachhaltiges Umweltzeichen. <b>Schl\u00fcsselb\u00e4nder aus Saatpapier<\/b>. Diese Lanyards wurden entwickelt, um einem traditionellen Einwegprodukt einen neuen, umweltfreundlichen Zweck zu geben und bieten eine einzigartige M\u00f6glichkeit, das Engagement Ihres Unternehmens f\u00fcr Regeneration und Nachhaltigkeit zu demonstrieren.<\/p>\n<p data-path-to-node=\"12\">Statt das Lanyard nach der Veranstaltung wegzuwerfen, sind die Teilnehmer eingeladen, es direkt in die Erde zu stecken. Mit der Zeit zersetzt sich das biologisch abbaubare Papier, und die darin enthaltenen Samen entwickeln sich zu einer wundersch\u00f6nen Bl\u00fctenmischung. <b>Wildblumen<\/b>. Dadurch entsteht eine positive, lebendige Erinnerung an Ihre Marke und Ihre Botschaft, lange nachdem die Konferenzt\u00fcren geschlossen wurden.<\/p>\n<p data-path-to-node=\"13\">Jedes Lanyard wird in Europa aus <b>80 g\/m\u00b2 Saatpapier<\/b>. Das Material ist zwar empfindlich, eignet sich aber perfekt f\u00fcr eint\u00e4gige Veranstaltungen, VIP-P\u00e4sse oder exklusive Einladungen. Ihr vollfarbiges Design kann einseitig gedruckt werden. Um die Umweltfreundlichkeit des Produkts zu gew\u00e4hrleisten und optimale Keimraten zu erzielen, empfehlen wir Designs, die weniger als 501 TP4T der Oberfl\u00e4che bedecken (was zudem kosteng\u00fcnstiger ist).<\/p>\n<p data-path-to-node=\"14\"><b>Hauptmerkmale:<\/b><\/p>\n<ul data-path-to-node=\"15\">\n<li>\n<p data-path-to-node=\"15,0,0\"><b>Material:<\/b> 80 g\/m\u00b2 biologisch abbaubares Papier, impr\u00e4gniert mit einer Wildblumensamenmischung.<\/p>\n<\/li>\n<li>\n<p data-path-to-node=\"15,1,0\"><b>Verwendung nach der Veranstaltung:<\/b> Vollst\u00e4ndig bepflanzbar; verwandelt Abfall in einen Wildblumengarten.<\/p>\n<\/li>\n<li>\n<p data-path-to-node=\"15,2,0\"><b>Drucken:<\/b> Einseitiger Vollfarbdruck (umweltfreundlicher geringer Tintenverbrauch empfohlen).<\/p>\n<\/li>\n<li>\n<p data-path-to-node=\"15,3,0\"><b>Abmessungen:<\/b> Standardgr\u00f6\u00dfe 90 x 20 mm (ca.).<\/p>\n<\/li>\n<li>\n<p data-path-to-node=\"15,4,0\"><b>Herkunft:<\/b> Hergestellt in Europa f\u00fcr eine geringere CO2-Bilanz.<\/p>\n<\/li>\n<li>\n<p data-path-to-node=\"15,5,0\"><b>Anwendungsfall:<\/b> Ideal f\u00fcr kurzfristige Veranstaltungen, Produkteinf\u00fchrungen und umweltfreundliche Hochzeiten.<\/p>\n<\/li>\n<\/ul>","protected":false},"excerpt":{"rendered":"<ul data-path-to-node=\"9\">\n<li>\n<p data-path-to-node=\"9,0,0\"><b>Plantable Branding:<\/b> Das Schl\u00fcsselband enth\u00e4lt eine Mischung aus Wildblumensamen, die nach der Veranstaltung beim Einpflanzen in die Erde bl\u00fchen.<\/p>\n<\/li>\n<li>\n<p data-path-to-node=\"9,1,0\"><b>Zero-Waste-Kreislauf:<\/b> Ein vollst\u00e4ndig biologisch abbaubares Produkt, das keinen M\u00fcll hinterl\u00e4sst, nur Blumen.<\/p>\n<\/li>\n<li>\n<p data-path-to-node=\"9,2,0\"><b>\u00d6kodesign:<\/b> Der Druck ist auf minimalen Tintenverbrauch optimiert (weniger als 501 TP4T Deckkraft empfohlen), um die Keimf\u00e4higkeit des Saatguts zu gew\u00e4hrleisten.<\/p>\n<\/li>\n<li>\n<p data-path-to-node=\"9,3,0\"><b>Hergestellt in Europa:<\/b> Hergestellt vor Ort aus 80 g\/m\u00b2 Papier, um Transportemissionen zu minimieren.<\/p>\n<\/li>\n<\/ul>","protected":false},"featured_media":6780,"comment_status":"closed","ping_status":"closed","template":"","meta":[],"product_brand":[],"product_cat":[43,107],"product_tag":[],"class_list":{"0":"post-1243","1":"product","2":"type-product","3":"status-publish","4":"has-post-thumbnail","6":"product_cat-lanyards","7":"product_cat-eco-friendly-lanyards","9":"first","10":"instock","11":"shipping-taxable","12":"purchasable","13":"product-type-simple"},"_links":{"self":[{"href":"https:\/\/wristbandfactory.eu\/de\/wp-json\/wp\/v2\/product\/1243","targetHints":{"allow":["GET"]}}],"collection":[{"href":"https:\/\/wristbandfactory.eu\/de\/wp-json\/wp\/v2\/product"}],"about":[{"href":"https:\/\/wristbandfactory.eu\/de\/wp-json\/wp\/v2\/types\/product"}],"replies":[{"embeddable":true,"href":"https:\/\/wristbandfactory.eu\/de\/wp-json\/wp\/v2\/comments?post=1243"}],"wp:featuredmedia":[{"embeddable":true,"href":"https:\/\/wristbandfactory.eu\/de\/wp-json\/wp\/v2\/media\/6780"}],"wp:attachment":[{"href":"https:\/\/wristbandfactory.eu\/de\/wp-json\/wp\/v2\/media?parent=1243"}],"wp:term":[{"taxonomy":"product_brand","embeddable":true,"href":"https:\/\/wristbandfactory.eu\/de\/wp-json\/wp\/v2\/product_brand?post=1243"},{"taxonomy":"product_cat","embeddable":true,"href":"https:\/\/wristbandfactory.eu\/de\/wp-json\/wp\/v2\/product_cat?post=1243"},{"taxonomy":"product_tag","embeddable":true,"href":"https:\/\/wristbandfactory.eu\/de\/wp-json\/wp\/v2\/product_tag?post=1243"}],"curies":[{"name":"wp","href":"https:\/\/api.w.org\/{rel}","templated":true}]}}