{"id":1242,"date":"2024-10-27T11:54:14","date_gmt":"2024-10-27T08:54:14","guid":{"rendered":"https:\/\/wristbandfactory.eu\/toode\/corn-lanyards\/"},"modified":"2026-01-11T22:34:43","modified_gmt":"2026-01-11T19:34:43","slug":"printed-eco-corn-lanyards","status":"publish","type":"product","link":"https:\/\/wristbandfactory.eu\/de\/p\/printed-eco-corn-lanyards\/","title":{"rendered":"Bedruckte Maisst\u00e4rke-Schl\u00fcsselb\u00e4nder (Bio-PLA)"},"content":{"rendered":"<div class=\"mx-12 md:mx-24 lg:mx-48\">\n<div class=\"container my-8 svelte-zlsknf\">\n<div class=\"my-24 rounded-lg border-0 border-gray-700 bg-gray-100 px-16 py-24\">\n<div class=\"mt-11 !text-gray-500\">\n<p data-path-to-node=\"11\">Zeigen Sie echtes Umweltbewusstsein mit unserem <b>Bedruckte \u00d6ko-Mais-Schl\u00fcsselb\u00e4nder<\/b>. Im Gegensatz zu herk\u00f6mmlichen, aus Erd\u00f6l gewonnenen synthetischen Lanyards werden diese innovativen Identifikationsb\u00e4nder aus folgendem Material hergestellt: <b>100% Maisst\u00e4rke (PLA)<\/b> Faser. Dadurch sind sie eine vollst\u00e4ndig biologisch abbaubare und pflanzenbasierte L\u00f6sung, perfekt f\u00fcr zukunftsorientierte Organisationen und nachhaltige Veranstaltungen.<\/p>\n<p data-path-to-node=\"12\">Dieses Produkt ist einzigartig, weil es keine Kompromisse eingeht. Obwohl es aus Mais hergestellt wird, ahmt die daraus gewonnene PLA-Faser die Haltbarkeit, Textur und Festigkeit von herk\u00f6mmlichem Polyester nach. So erhalten Sie ein robustes, hochwertiges Lanyard, das mehrt\u00e4gigen Konferenzen standh\u00e4lt und am Ende seiner Nutzungsdauer kompostierbar ist.<\/p>\n<p data-path-to-node=\"13\">Wir bieten professionelle <b>Siebdruck<\/b> auf der glatten PLA-Oberfl\u00e4che, wodurch sichergestellt wird, dass Ihr Logo exakt reproduziert wird. <b>Pantone-Markenfarben<\/b>. Ob Sie ein- oder beidseitigen Druck ben\u00f6tigen, das Ergebnis ist gestochen scharf und farbbrillant. Jedes Ger\u00e4t wird mit einem Standard-\u2026 geliefert. <b>Metallkarabiner<\/b>, das industrielle Langlebigkeit mit Umweltvertr\u00e4glichkeit verbindet.<\/p>\n<p data-path-to-node=\"14\"><b>Hauptmerkmale:<\/b><\/p>\n<ul data-path-to-node=\"15\">\n<li>\n<p data-path-to-node=\"15,0,0\"><b>Material:<\/b> 100% Maisst\u00e4rkefaser (PLA) \u2013 Pflanzlich und biologisch abbaubar.<\/p>\n<\/li>\n<li>\n<p data-path-to-node=\"15,1,0\"><b>Leistung:<\/b> Strapazierf\u00e4hige und glatte Textur, \u00e4hnlich wie herk\u00f6mmliches Polyester.<\/p>\n<\/li>\n<li>\n<p data-path-to-node=\"15,2,0\"><b>Nachhaltigkeit:<\/b> Deutlich geringerer CO2-Fu\u00dfabdruck im Vergleich zu erd\u00f6lbasierten Kunststoffen.<\/p>\n<\/li>\n<li>\n<p data-path-to-node=\"15,3,0\"><b>Drucken:<\/b> Hochwertiger Siebdruck mit Pantone-Farbabstimmung.<\/p>\n<\/li>\n<li>\n<p data-path-to-node=\"15,4,0\"><b>Hardware:<\/b> Beinhaltet einen zuverl\u00e4ssigen Metallkarabiner zur sicheren Befestigung des Ausweises.<\/p>\n<\/li>\n<li>\n<p data-path-to-node=\"15,5,0\"><b>Anwendungsfall:<\/b> Perfekt geeignet f\u00fcr \u201cgr\u00fcne\u201d Konferenzen, \u00d6ko-Festivals und CSR-Initiativen.<\/p>\n<\/li>\n<\/ul>\n<\/div>\n<\/div>\n<\/div>\n<\/div>","protected":false},"excerpt":{"rendered":"<ul>\n<li>\n<p data-path-to-node=\"9,0,0\"><b>Pflanzenbasierte Innovation:<\/b> Hergestellt aus 100% Maisst\u00e4rkefasern (PLA) und somit eine vollst\u00e4ndig biologisch abbaubare Alternative zu erd\u00f6lbasierten Kunststoffen.<\/p>\n<\/li>\n<li>\n<p data-path-to-node=\"9,1,0\"><b>Eigenschaften \u00e4hnlich denen von Polyester:<\/b> F\u00fchlt sich an und funktioniert genau wie synthetisches Gewebe \u2013 strapazierf\u00e4hig und glatt \u2013 wird aber vollst\u00e4ndig aus Pflanzen gewonnen.<\/p>\n<\/li>\n<li>\n<p data-path-to-node=\"9,2,0\"><b>Unternehmensverantwortung:<\/b> Die ideale Wahl f\u00fcr Unternehmen mit strikten Zero-Waste- oder Klimaneutralit\u00e4tsrichtlinien.<\/p>\n<\/li>\n<li>\n<p data-path-to-node=\"9,3,0\"><b>Individuelles Branding:<\/b> Die glatte Oberfl\u00e4che erm\u00f6glicht einen scharfen, Pantone-konformen Siebdruck auf einer oder zwei Seiten.<\/p>\n<\/li>\n<\/ul>","protected":false},"featured_media":6736,"comment_status":"closed","ping_status":"closed","template":"","meta":[],"product_brand":[],"product_cat":[104,107],"product_tag":[],"class_list":{"0":"post-1242","1":"product","2":"type-product","3":"status-publish","4":"has-post-thumbnail","6":"product_cat-custom-printed-lanyards","7":"product_cat-eco-friendly-lanyards","9":"first","10":"instock","11":"shipping-taxable","12":"purchasable","13":"product-type-simple"},"_links":{"self":[{"href":"https:\/\/wristbandfactory.eu\/de\/wp-json\/wp\/v2\/product\/1242","targetHints":{"allow":["GET"]}}],"collection":[{"href":"https:\/\/wristbandfactory.eu\/de\/wp-json\/wp\/v2\/product"}],"about":[{"href":"https:\/\/wristbandfactory.eu\/de\/wp-json\/wp\/v2\/types\/product"}],"replies":[{"embeddable":true,"href":"https:\/\/wristbandfactory.eu\/de\/wp-json\/wp\/v2\/comments?post=1242"}],"wp:featuredmedia":[{"embeddable":true,"href":"https:\/\/wristbandfactory.eu\/de\/wp-json\/wp\/v2\/media\/6736"}],"wp:attachment":[{"href":"https:\/\/wristbandfactory.eu\/de\/wp-json\/wp\/v2\/media?parent=1242"}],"wp:term":[{"taxonomy":"product_brand","embeddable":true,"href":"https:\/\/wristbandfactory.eu\/de\/wp-json\/wp\/v2\/product_brand?post=1242"},{"taxonomy":"product_cat","embeddable":true,"href":"https:\/\/wristbandfactory.eu\/de\/wp-json\/wp\/v2\/product_cat?post=1242"},{"taxonomy":"product_tag","embeddable":true,"href":"https:\/\/wristbandfactory.eu\/de\/wp-json\/wp\/v2\/product_tag?post=1242"}],"curies":[{"name":"wp","href":"https:\/\/api.w.org\/{rel}","templated":true}]}}