{"id":1238,"date":"2024-10-27T11:54:14","date_gmt":"2024-10-27T08:54:14","guid":{"rendered":"https:\/\/wristbandfactory.eu\/toode\/standard-shoelace-lanyards\/"},"modified":"2026-01-11T22:04:27","modified_gmt":"2026-01-11T19:04:27","slug":"plain-shoelace-lanyards","status":"publish","type":"product","link":"https:\/\/wristbandfactory.eu\/de\/p\/plain-shoelace-lanyards\/","title":{"rendered":"Unbedruckte Schn\u00fcrsenkelb\u00e4nder"},"content":{"rendered":"<p>Statten Sie Ihr Team mit einer praktischen und professionellen L\u00f6sung f\u00fcr die t\u00e4gliche Identifikation aus. Unsere Schn\u00fcrsenkel-Lanyards sind eine kosteng\u00fcnstige und stilvolle Wahl f\u00fcr Unternehmen und Organisationen, die eine zuverl\u00e4ssige M\u00f6glichkeit zur Anzeige von Mitarbeiterausweisen oder Veranstaltungszugangskarten ben\u00f6tigen.<\/p>\n<p>Diese Lanyards im beliebten Schn\u00fcrsenkel-Design sind f\u00fcr ihr angenehmes Tragegef\u00fchl und ihre Strapazierf\u00e4higkeit bekannt und eignen sich daher perfekt f\u00fcr den ganzt\u00e4gigen Einsatz auf Konferenzen, Messen oder im B\u00fcro. Unbedruckt sind sie in vielen verschiedenen Farben erh\u00e4ltlich, sodass Sie sie problemlos an Ihr Corporate Branding oder Veranstaltungsthema anpassen k\u00f6nnen. Jedes Lanyard verf\u00fcgt \u00fcber eine stabile Metallhalterung zur sicheren Befestigung von Ausweisen und Zugangskarten.<\/p>\n<p><b>Hauptmerkmale:<\/b><\/p>\n<ul>\n<li><b>Klassisches Schn\u00fcrsenkeldesign:<\/b> Bietet eine bequeme, leichte und strapazierf\u00e4hige L\u00f6sung f\u00fcr den ganzt\u00e4gigen Gebrauch.<\/li>\n<li><b>Kosteng\u00fcnstige ID-L\u00f6sung:<\/b> Ideal f\u00fcr Gro\u00dfbestellungen f\u00fcr Gro\u00dfveranstaltungen, Konferenzen oder die t\u00e4gliche Mitarbeiterkennzeichnung.<\/li>\n<li><b>Mehrere Farboptionen:<\/b> Erh\u00e4ltlich in einer breiten Palette einfarbiger Farben, passend zum Corporate Branding oder zur Kategorisierung der Teilnehmer.<\/li>\n<li><b>Standard-Metallclip:<\/b> Beinhaltet einen zuverl\u00e4ssigen Metallclip zur sicheren Befestigung von Ausweish\u00fcllen oder Veranstaltungsp\u00e4ssen.<\/li>\n<\/ul>\n<p>&nbsp;<\/p>","protected":false},"excerpt":{"rendered":"<ul>\n<li>Eine kosteng\u00fcnstige L\u00f6sung f\u00fcr den t\u00e4glichen Mitarbeiterausweis und den Zutritt zu Veranstaltungen.<\/li>\n<li>Verf\u00fcgt \u00fcber ein klassisches, strapazierf\u00e4higes Schn\u00fcrsenkeldesign f\u00fcr ganzt\u00e4gigen Tragekomfort.<\/li>\n<li>Erh\u00e4ltlich in einer breiten Palette einfarbiger Farben, passend zu Ihrem Corporate Design.<\/li>\n<li>Beinhaltet einen Standard-Metallclip f\u00fcr Ausweise und Zugangskarten.<\/li>\n<li><\/li>\n<\/ul>","protected":false},"featured_media":6723,"comment_status":"closed","ping_status":"closed","template":"","meta":[],"product_brand":[],"product_cat":[43,113],"product_tag":[],"class_list":{"0":"post-1238","1":"product","2":"type-product","3":"status-publish","4":"has-post-thumbnail","6":"product_cat-lanyards","7":"product_cat-plain-lanyards","9":"first","10":"instock","11":"shipping-taxable","12":"purchasable","13":"product-type-simple"},"_links":{"self":[{"href":"https:\/\/wristbandfactory.eu\/de\/wp-json\/wp\/v2\/product\/1238","targetHints":{"allow":["GET"]}}],"collection":[{"href":"https:\/\/wristbandfactory.eu\/de\/wp-json\/wp\/v2\/product"}],"about":[{"href":"https:\/\/wristbandfactory.eu\/de\/wp-json\/wp\/v2\/types\/product"}],"replies":[{"embeddable":true,"href":"https:\/\/wristbandfactory.eu\/de\/wp-json\/wp\/v2\/comments?post=1238"}],"wp:featuredmedia":[{"embeddable":true,"href":"https:\/\/wristbandfactory.eu\/de\/wp-json\/wp\/v2\/media\/6723"}],"wp:attachment":[{"href":"https:\/\/wristbandfactory.eu\/de\/wp-json\/wp\/v2\/media?parent=1238"}],"wp:term":[{"taxonomy":"product_brand","embeddable":true,"href":"https:\/\/wristbandfactory.eu\/de\/wp-json\/wp\/v2\/product_brand?post=1238"},{"taxonomy":"product_cat","embeddable":true,"href":"https:\/\/wristbandfactory.eu\/de\/wp-json\/wp\/v2\/product_cat?post=1238"},{"taxonomy":"product_tag","embeddable":true,"href":"https:\/\/wristbandfactory.eu\/de\/wp-json\/wp\/v2\/product_tag?post=1238"}],"curies":[{"name":"wp","href":"https:\/\/api.w.org\/{rel}","templated":true}]}}