{"id":1235,"date":"2024-10-27T11:54:14","date_gmt":"2024-10-27T08:54:14","guid":{"rendered":"https:\/\/wristbandfactory.eu\/toode\/fluorescent-lanyards\/"},"modified":"2026-01-10T00:09:35","modified_gmt":"2026-01-09T21:09:35","slug":"fluorescent-lanyards","status":"publish","type":"product","link":"https:\/\/wristbandfactory.eu\/de\/p\/fluorescent-lanyards\/","title":{"rendered":"Fluoreszierende Lanyards"},"content":{"rendered":"<p>Verbessern Sie Sichtbarkeit und Sicherheit bei Ihrer n\u00e4chsten Veranstaltung mit unseren fluoreszierenden Lanyards. Diese Lanyards sind ein unverzichtbares Hilfsmittel f\u00fcr Veranstaltungsmanager, die Mitarbeiter, VIPs oder G\u00e4ste bei allen Lichtverh\u00e4ltnissen leicht identifizieren m\u00fcssen.<\/p>\n<p>Diese aus hochwertigen, strapazierf\u00e4higen Materialien gefertigten Lanyards sind f\u00fcr den mehrt\u00e4gigen Einsatz geeignet. Das leuchtende fluoreszierende Material ist bei Tageslicht gut sichtbar und <b>Leuchtet hell unter UV-Licht (Schwarzlicht).<\/b>, Damit sind sie die perfekte L\u00f6sung f\u00fcr Nachtclubs, Konzerte, Festivals und abendliche Firmenveranstaltungen.<\/p>\n<p>Diese gut sichtbare Eigenschaft sorgt f\u00fcr zus\u00e4tzliche Sicherheit und erm\u00f6glicht die schnelle visuelle Identifizierung von autorisiertem Personal. Erh\u00e4ltlich in verschiedenen leuchtenden Farben, bieten sie eine hervorragende Fl\u00e4che f\u00fcr Ihr individuelles Logo und verwandeln so ein Sicherheitsprodukt in ein Werbemittel. Bestellen Sie in gro\u00dfen Mengen, um Ihre Veranstaltung kosteng\u00fcnstig auszustatten und Ihre Marke zu bewerben.<\/p>\n<p><b>Hauptmerkmale:<\/b><\/p>\n<ul>\n<li><b>Gut sichtbares Material:<\/b> Bietet hervorragende Sichtbarkeit bei Tageslicht und leuchtet hell unter UV-\/Schwarzlicht.<\/li>\n<li><b>Robuste Konstruktion:<\/b> Hergestellt aus hochwertigen, langlebigen Materialien, die f\u00fcr mehrt\u00e4gige Veranstaltungen geeignet sind.<\/li>\n<li><b>Verbesserte Veranstaltungssicherheit:<\/b> Erm\u00f6glicht die unbedruckte und schnelle visuelle Identifizierung von Mitarbeitern oder G\u00e4sten bei schlechten Lichtverh\u00e4ltnissen.<\/li>\n<li><b>Kosteneffizientes Branding:<\/b> Eine kosteng\u00fcnstige L\u00f6sung, um Ihre Marke oder Botschaft in gro\u00dfem Umfang bei Gro\u00dfveranstaltungen zu bewerben.<\/li>\n<li><b>Mehrere Farboptionen:<\/b> Erh\u00e4ltlich in einer Reihe leuchtender Neonfarben, passend zu Ihrem Veranstaltungsthema.<\/li>\n<\/ul>","protected":false},"excerpt":{"rendered":"<ul>\n<li>Verbesserung der Sichtbarkeit von Personal und G\u00e4sten bei schlechten Lichtverh\u00e4ltnissen.<\/li>\n<li>Leuchtendes, fluoreszierendes Material, das unter UV-\/Schwarzlicht hell erstrahlt.<\/li>\n<li>Strapazierf\u00e4higes, hochwertiges Material f\u00fcr den Einsatz bei mehrt\u00e4gigen Veranstaltungen.<\/li>\n<li>Ideal f\u00fcr Festivals, Konzerte und die Kennzeichnung von Mitarbeitern bei Firmenveranstaltungen.<\/li>\n<\/ul>","protected":false},"featured_media":6706,"comment_status":"closed","ping_status":"closed","template":"","meta":[],"product_brand":[],"product_cat":[43,109],"product_tag":[],"class_list":{"0":"post-1235","1":"product","2":"type-product","3":"status-publish","4":"has-post-thumbnail","6":"product_cat-lanyards","7":"product_cat-reflective-lanyards","9":"first","10":"instock","11":"shipping-taxable","12":"purchasable","13":"product-type-simple"},"_links":{"self":[{"href":"https:\/\/wristbandfactory.eu\/de\/wp-json\/wp\/v2\/product\/1235","targetHints":{"allow":["GET"]}}],"collection":[{"href":"https:\/\/wristbandfactory.eu\/de\/wp-json\/wp\/v2\/product"}],"about":[{"href":"https:\/\/wristbandfactory.eu\/de\/wp-json\/wp\/v2\/types\/product"}],"replies":[{"embeddable":true,"href":"https:\/\/wristbandfactory.eu\/de\/wp-json\/wp\/v2\/comments?post=1235"}],"wp:featuredmedia":[{"embeddable":true,"href":"https:\/\/wristbandfactory.eu\/de\/wp-json\/wp\/v2\/media\/6706"}],"wp:attachment":[{"href":"https:\/\/wristbandfactory.eu\/de\/wp-json\/wp\/v2\/media?parent=1235"}],"wp:term":[{"taxonomy":"product_brand","embeddable":true,"href":"https:\/\/wristbandfactory.eu\/de\/wp-json\/wp\/v2\/product_brand?post=1235"},{"taxonomy":"product_cat","embeddable":true,"href":"https:\/\/wristbandfactory.eu\/de\/wp-json\/wp\/v2\/product_cat?post=1235"},{"taxonomy":"product_tag","embeddable":true,"href":"https:\/\/wristbandfactory.eu\/de\/wp-json\/wp\/v2\/product_tag?post=1235"}],"curies":[{"name":"wp","href":"https:\/\/api.w.org\/{rel}","templated":true}]}}