{"id":1233,"date":"2024-10-27T11:54:14","date_gmt":"2024-10-27T08:54:14","guid":{"rendered":"https:\/\/wristbandfactory.eu\/toode\/rpet-eco-lanyards\/"},"modified":"2026-01-11T22:52:38","modified_gmt":"2026-01-11T19:52:38","slug":"printed-rpet-lanyards","status":"publish","type":"product","link":"https:\/\/wristbandfactory.eu\/de\/p\/printed-rpet-lanyards\/","title":{"rendered":"Bedruckte rPET Schl\u00fcsselb\u00e4nder (Siebdruck)"},"content":{"rendered":"<p data-path-to-node=\"11\">Schlie\u00dfen Sie sich der Bewegung f\u00fcr mehr Nachhaltigkeit an und bewerben Sie Ihre Marke verantwortungsvoll mit unserem <b>Bedruckte rPET-Lanyards<\/b>. Dieses Produkt ist die perfekte Wahl f\u00fcr Organisationen, die ein kosteng\u00fcnstiges Lanyard in gro\u00dfen Mengen ben\u00f6tigen, das mit den Umweltwerten des Unternehmens \u00fcbereinstimmt, ohne das Budget zu sprengen.<\/p>\n<p data-path-to-node=\"12\">Diese Schl\u00fcsselb\u00e4nder sind gewebt aus <b>100% rPET-Polyester<\/b>, rPET ist eine robuste Faser, die vollst\u00e4ndig aus recycelten Plastikflaschen hergestellt wird. Mit der Wahl von rPET tragen Sie aktiv dazu bei, Plastikm\u00fcll von Deponien fernzuhalten und den CO\u2082-Fu\u00dfabdruck Ihrer Veranstaltung zu reduzieren. Im Gegensatz zu unserer Sublimationsversion verwendet dieses spezielle Modell \u2026 <b>Siebdruck<\/b>. Diese Methode eignet sich ideal f\u00fcr Logos mit Volltonfarben und sorgt f\u00fcr ein klares, kr\u00e4ftiges Finish, das sich auf dem gerippten Stoff gut abhebt.<\/p>\n<p data-path-to-node=\"13\">Wir bieten an <b>pr\u00e4zise Pantone-Farbabstimmung<\/b> F\u00fcr Ihren Logoaufdruck ist eine perfekte Pr\u00e4sentation Ihrer Corporate Identity gew\u00e4hrleistet. Das Material selbst ist robust und langlebig und in seiner Festigkeit von neuem Polyester nicht zu unterscheiden. Damit ist es ein zuverl\u00e4ssiger Begleiter f\u00fcr Konferenzen, Festivals und den t\u00e4glichen B\u00fcrogebrauch. Jedes Lanyard ist standardm\u00e4\u00dfig mit einem Metallkarabiner ausgestattet und bietet Ihren Teilnehmern eine funktionale und umweltfreundliche L\u00f6sung.<\/p>\n<p data-path-to-node=\"14\"><b>Hauptmerkmale:<\/b><\/p>\n<ul data-path-to-node=\"15\">\n<li>\n<p data-path-to-node=\"15,0,0\"><b>Material:<\/b> 100% rPET (Recyceltes Polyethylenterephthalat).<\/p>\n<\/li>\n<li>\n<p data-path-to-node=\"15,1,0\"><b>Drucktechnologie:<\/b> Siebdruck (am besten geeignet f\u00fcr 1-4 Sonderfarben).<\/p>\n<\/li>\n<li>\n<p data-path-to-node=\"15,2,0\"><b>Wirtschaft:<\/b> Eine preisg\u00fcnstige, nachhaltige Alternative zu neuem Polyester.<\/p>\n<\/li>\n<li>\n<p data-path-to-node=\"15,3,0\"><b>Farbgenauigkeit:<\/b> Pantone-Farbanpassung f\u00fcr das gedruckte Logo m\u00f6glich.<\/p>\n<\/li>\n<li>\n<p data-path-to-node=\"15,4,0\"><b>Haltbarkeit:<\/b> Hohe Zugfestigkeit, geeignet f\u00fcr schwere Kartenhalter und Schl\u00fcssel.<\/p>\n<\/li>\n<li>\n<p data-path-to-node=\"15,5,0\"><b>Hardware:<\/b> Ein Standard-Metallkarabiner ist im Lieferumfang enthalten (Sonderanfertigungen sind m\u00f6glich).<\/p>\n<\/li>\n<\/ul>","protected":false},"excerpt":{"rendered":"<ul>\n<li>\n<p data-path-to-node=\"9,0,0\"><b>Nachhaltige Wahl:<\/b> Hergestellt aus 100% recyceltem PET (rPET), das aus gebrauchten Plastikflaschen gewonnen wird.<\/p>\n<\/li>\n<li>\n<p data-path-to-node=\"9,1,0\"><b>Kosteneffiziente \u00d6ko-L\u00f6sung:<\/b> Der g\u00fcnstigste Einstiegspunkt f\u00fcr Marken, die auf nachhaltige Identifikationsl\u00f6sungen umsteigen m\u00f6chten.<\/p>\n<\/li>\n<li>\n<p data-path-to-node=\"9,2,0\"><b>Klares Branding:<\/b> Bietet hochwertigen Siebdruck f\u00fcr ausdrucksstarke, scharfe Logos mit pr\u00e4ziser Pantone-Farbabstimmung.<\/p>\n<\/li>\n<li>\n<p data-path-to-node=\"9,3,0\"><b>Langlebig und robust:<\/b> Es beh\u00e4lt die Festigkeit von Standard-Polyester und eignet sich daher f\u00fcr mehrt\u00e4gige Veranstaltungen und den Einsatz durch Mitarbeiter.<\/p>\n<\/li>\n<\/ul>","protected":false},"featured_media":6754,"comment_status":"closed","ping_status":"closed","template":"","meta":[],"product_brand":[],"product_cat":[104,107],"product_tag":[],"class_list":{"0":"post-1233","1":"product","2":"type-product","3":"status-publish","4":"has-post-thumbnail","6":"product_cat-custom-printed-lanyards","7":"product_cat-eco-friendly-lanyards","9":"first","10":"instock","11":"shipping-taxable","12":"purchasable","13":"product-type-simple"},"_links":{"self":[{"href":"https:\/\/wristbandfactory.eu\/de\/wp-json\/wp\/v2\/product\/1233","targetHints":{"allow":["GET"]}}],"collection":[{"href":"https:\/\/wristbandfactory.eu\/de\/wp-json\/wp\/v2\/product"}],"about":[{"href":"https:\/\/wristbandfactory.eu\/de\/wp-json\/wp\/v2\/types\/product"}],"replies":[{"embeddable":true,"href":"https:\/\/wristbandfactory.eu\/de\/wp-json\/wp\/v2\/comments?post=1233"}],"wp:featuredmedia":[{"embeddable":true,"href":"https:\/\/wristbandfactory.eu\/de\/wp-json\/wp\/v2\/media\/6754"}],"wp:attachment":[{"href":"https:\/\/wristbandfactory.eu\/de\/wp-json\/wp\/v2\/media?parent=1233"}],"wp:term":[{"taxonomy":"product_brand","embeddable":true,"href":"https:\/\/wristbandfactory.eu\/de\/wp-json\/wp\/v2\/product_brand?post=1233"},{"taxonomy":"product_cat","embeddable":true,"href":"https:\/\/wristbandfactory.eu\/de\/wp-json\/wp\/v2\/product_cat?post=1233"},{"taxonomy":"product_tag","embeddable":true,"href":"https:\/\/wristbandfactory.eu\/de\/wp-json\/wp\/v2\/product_tag?post=1233"}],"curies":[{"name":"wp","href":"https:\/\/api.w.org\/{rel}","templated":true}]}}