{"id":1232,"date":"2024-10-27T11:54:14","date_gmt":"2024-10-27T08:54:14","guid":{"rendered":"https:\/\/wristbandfactory.eu\/toode\/vinyl-wristbands\/"},"modified":"2026-01-09T15:32:59","modified_gmt":"2026-01-09T12:32:59","slug":"custom-printed-vinyl-wristbands","status":"publish","type":"product","link":"https:\/\/wristbandfactory.eu\/de\/p\/custom-printed-vinyl-wristbands\/","title":{"rendered":"Bedruckte Vinyl-Armb\u00e4nder"},"content":{"rendered":"<div class=\"mx-12 md:mx-24 lg:mx-48\">\n<div class=\"container my-8 svelte-zlsknf\">\n<div class=\"my-24 rounded-lg border-0 border-gray-700 bg-gray-100 px-16 py-24\">\n<div class=\"mt-11 !text-gray-500\">\n<p data-path-to-node=\"15\">Sichern Sie Ihre Veranstaltung mit unserem <b data-path-to-node=\"15\" data-index-in-node=\"52\">Bedruckte Vinyl-Armb\u00e4nder<\/b>, Diese Armb\u00e4nder sind der Branchenstandard f\u00fcr mehrt\u00e4gige Zutrittskontrolle. Sie bestehen aus drei Lagen weichem, aber extrem strapazierf\u00e4higem Vinyl und bieten so hohen Tragekomfort, selbst bei N\u00e4sse, Schwei\u00df und in Umgebungen mit hohem Aktivit\u00e4tsniveau wie Festivals, Wasserparks und Resorts.<\/p>\n<p data-path-to-node=\"16\">Im Gegensatz zu Papierb\u00e4ndern lassen sich diese nicht abrei\u00dfen. <b data-path-to-node=\"16\" data-index-in-node=\"50\">Einweg-Kunststoff-Schnappverschluss<\/b> Gew\u00e4hrleistet, dass das Armband nach dem Anlegen zum Entfernen durchgeschnitten werden muss, wodurch unbefugte Weitergabe verhindert wird. Erh\u00e4ltlich in <b data-path-to-node=\"16\" data-index-in-node=\"199\">Breites Gesicht<\/b> (f\u00fcr gr\u00f6\u00dfere Logos) oder <b data-path-to-node=\"16\" data-index-in-node=\"231\">L-Form<\/b> Bei unseren Designs verwenden wir hochwertige Materialien. <b data-path-to-node=\"16\" data-index-in-node=\"268\">Siebdruck<\/b> Um Ihr Logo oder Ihren Text in einer einzigen, leuchtenden Farbe aufzubringen, die nicht verblasst.<\/p>\n<h2 data-path-to-node=\"17\">Hauptmerkmale<\/h2>\n<ul data-path-to-node=\"18\">\n<li>\n<p data-path-to-node=\"18,0,0\"><b data-path-to-node=\"18,0,0\" data-index-in-node=\"0\">Manipulationssicheres Schloss:<\/b> Der dauerhafte Schnappverschluss verhindert die Wiederverwendung und gew\u00e4hrleistet so eine sichere Kontrolle der Menschenmenge.<\/p>\n<\/li>\n<li>\n<p data-path-to-node=\"18,1,0\"><b data-path-to-node=\"18,1,0\" data-index-in-node=\"0\">Wasserdichtes Design:<\/b> Perfekt geeignet f\u00fcr feuchte Umgebungen wie Schwimmb\u00e4der, Saunen und Open-Air-Festivals.<\/p>\n<\/li>\n<li>\n<p data-path-to-node=\"18,2,0\"><b data-path-to-node=\"18,2,0\" data-index-in-node=\"0\">Hochkontrastdruck:<\/b> Die Siebdrucktechnologie erm\u00f6glicht einen scharfen und dauerhaften Aufdruck Ihres Logos oder Ihrer Botschaft.<\/p>\n<\/li>\n<li>\n<p data-path-to-node=\"18,3,0\"><b data-path-to-node=\"18,3,0\" data-index-in-node=\"0\">Gro\u00dfe Farbauswahl:<\/b> W\u00e4hlen Sie zwischen Neon-, Matt- oder Glanzgrundfarben, die zu Ihrer Markenidentit\u00e4t passen.<\/p>\n<\/li>\n<\/ul>\n<h2 data-path-to-node=\"19\">Technische Daten<\/h2>\n<ul data-path-to-node=\"20\">\n<li>\n<p data-path-to-node=\"20,0,0\"><b data-path-to-node=\"20,0,0\" data-index-in-node=\"0\">Material:<\/b> 3-lagiges Trilaminat-Vinyl<\/p>\n<\/li>\n<li>\n<p data-path-to-node=\"20,1,0\"><b data-path-to-node=\"20,1,0\" data-index-in-node=\"0\">Drucken:<\/b> 1-farbiger Siebdruck (langlebig und gestochen scharf)<\/p>\n<\/li>\n<li>\n<p data-path-to-node=\"20,2,0\"><b data-path-to-node=\"20,2,0\" data-index-in-node=\"0\">Schlie\u00dfung:<\/b> Einweg-Kunststoffverschluss<\/p>\n<\/li>\n<li>\n<p data-path-to-node=\"20,3,0\"><b data-path-to-node=\"20,3,0\" data-index-in-node=\"0\">Gr\u00f6\u00dfe:<\/b> Verstellbar (passend f\u00fcr alle Handgelenkgr\u00f6\u00dfen)<\/p>\n<\/li>\n<li>\n<p data-path-to-node=\"20,4,0\"><b data-path-to-node=\"20,4,0\" data-index-in-node=\"0\">Nutzungsdauer:<\/b> 3-7+ Tage<\/p>\n<\/li>\n<li>\n<p data-path-to-node=\"20,5,0\"><b data-path-to-node=\"20,5,0\" data-index-in-node=\"0\">Wasserdicht:<\/b> Ja (100%)<\/p>\n<\/li>\n<li>\n<p data-path-to-node=\"20,6,0\"><b data-path-to-node=\"20,6,0\" data-index-in-node=\"0\">Mindestmenge:<\/b> 100 Einheiten<\/p>\n<\/li>\n<\/ul>\n<h2 data-path-to-node=\"21\">Anwendungsf\u00e4lle<\/h2>\n<ul data-path-to-node=\"22\">\n<li>\n<p data-path-to-node=\"22,0,0\"><b data-path-to-node=\"22,0,0\" data-index-in-node=\"0\">Hotels &amp; Resorts:<\/b> G\u00e4steausweis f\u00fcr All-inclusive-Pakete (Pool- und Duschsafe).<\/p>\n<\/li>\n<li>\n<p data-path-to-node=\"22,1,0\"><b data-path-to-node=\"22,1,0\" data-index-in-node=\"0\">Konzerte &amp; Festivals:<\/b> Sicheres mehrt\u00e4giges Zutrittsmanagement.<\/p>\n<\/li>\n<li>\n<p data-path-to-node=\"22,2,0\"><b data-path-to-node=\"22,2,0\" data-index-in-node=\"0\">Wasserparks:<\/b> Robust genug, um Chlor und st\u00e4ndigem Wasserkontakt standzuhalten.<\/p>\n<\/li>\n<li>\n<p data-path-to-node=\"22,3,0\"><b data-path-to-node=\"22,3,0\" data-index-in-node=\"0\">Nachtclubs &amp; Bars:<\/b> VIP- oder Altersverifizierung, die die ganze Nacht aktiv bleibt.<\/p>\n<\/li>\n<\/ul>\n<\/div>\n<\/div>\n<\/div>\n<\/div>","protected":false},"excerpt":{"rendered":"<ul>\n<li>\n<p data-path-to-node=\"14,0,0\"><b data-path-to-node=\"14,0,0\" data-index-in-node=\"0\">Hohe Sicherheit:<\/b> Verf\u00fcgt \u00fcber einen Einweg-Kunststoffverschluss, um Weitergabe und Manipulation zu verhindern.<\/p>\n<\/li>\n<li>\n<p data-path-to-node=\"14,1,0\"><b data-path-to-node=\"14,1,0\" data-index-in-node=\"0\">Mehrt\u00e4gige Haltbarkeit:<\/b> Hergestellt aus 3-lagigem Vinyl, das wasserdicht und rei\u00dffest (100%) ist.<\/p>\n<\/li>\n<li>\n<p data-path-to-node=\"14,2,0\"><b data-path-to-node=\"14,2,0\" data-index-in-node=\"0\">Individuelles Branding:<\/b> Strapazierf\u00e4higer 1-Farben-Siebdruck f\u00fcr kontrastreiche Logos und Texte.<\/p>\n<\/li>\n<li>\n<p data-path-to-node=\"14,3,0\"><b data-path-to-node=\"14,3,0\" data-index-in-node=\"0\">Bequemes Tragen:<\/b> Weiches, glattes Material, das f\u00fcr l\u00e4ngeres Tragen (3-7+ Tage) geeignet ist.<\/p>\n<\/li>\n<\/ul>","protected":false},"featured_media":6007,"comment_status":"closed","ping_status":"closed","template":"","meta":[],"product_brand":[],"product_cat":[66,51],"product_tag":[],"class_list":{"0":"post-1232","1":"product","2":"type-product","3":"status-publish","4":"has-post-thumbnail","6":"product_cat-wristbands","7":"product_cat-vinyl","9":"first","10":"instock","11":"shipping-taxable","12":"purchasable","13":"product-type-simple"},"_links":{"self":[{"href":"https:\/\/wristbandfactory.eu\/de\/wp-json\/wp\/v2\/product\/1232","targetHints":{"allow":["GET"]}}],"collection":[{"href":"https:\/\/wristbandfactory.eu\/de\/wp-json\/wp\/v2\/product"}],"about":[{"href":"https:\/\/wristbandfactory.eu\/de\/wp-json\/wp\/v2\/types\/product"}],"replies":[{"embeddable":true,"href":"https:\/\/wristbandfactory.eu\/de\/wp-json\/wp\/v2\/comments?post=1232"}],"wp:featuredmedia":[{"embeddable":true,"href":"https:\/\/wristbandfactory.eu\/de\/wp-json\/wp\/v2\/media\/6007"}],"wp:attachment":[{"href":"https:\/\/wristbandfactory.eu\/de\/wp-json\/wp\/v2\/media?parent=1232"}],"wp:term":[{"taxonomy":"product_brand","embeddable":true,"href":"https:\/\/wristbandfactory.eu\/de\/wp-json\/wp\/v2\/product_brand?post=1232"},{"taxonomy":"product_cat","embeddable":true,"href":"https:\/\/wristbandfactory.eu\/de\/wp-json\/wp\/v2\/product_cat?post=1232"},{"taxonomy":"product_tag","embeddable":true,"href":"https:\/\/wristbandfactory.eu\/de\/wp-json\/wp\/v2\/product_tag?post=1232"}],"curies":[{"name":"wp","href":"https:\/\/api.w.org\/{rel}","templated":true}]}}