{"id":1229,"date":"2024-10-27T11:54:14","date_gmt":"2024-10-27T08:54:14","guid":{"rendered":"https:\/\/wristbandfactory.eu\/toode\/glitter-wristbands\/"},"modified":"2026-01-09T15:33:37","modified_gmt":"2026-01-09T12:33:37","slug":"glitter-vinyl-wristbands","status":"publish","type":"product","link":"https:\/\/wristbandfactory.eu\/de\/p\/glitter-vinyl-wristbands\/","title":{"rendered":"Glitzernde Vinyl-Armb\u00e4nder"},"content":{"rendered":"<p data-path-to-node=\"8\">Verleihen Sie Ihrer n\u00e4chsten exklusiven Veranstaltung mit unseren Glitzer-Vinyl-Armb\u00e4ndern einen Hauch von Exklusivit\u00e4t. Sie sind die ideale L\u00f6sung f\u00fcr Galab\u00e4lle, VIP-Bereiche und exklusive Partys, bei denen ein wirkungsvolles, hochwertiges Finish f\u00fcr Ihr Markenimage unerl\u00e4sslich ist.<\/p>\n<p data-path-to-node=\"9\">Diese Armb\u00e4nder vereinen die mehrt\u00e4gige Haltbarkeit und Wasserdichtigkeit unserer Standard-Vinylarmb\u00e4nder mit einem hochgl\u00e4nzenden Glitzerfinish.<\/p>\n<h3>Ab Lager bestellen oder individuell bedrucken lassen<\/h3>\n<p data-path-to-node=\"11\">Um Ihre Fristen einzuhalten, bieten wir Ihnen zwei Optionen an:<\/p>\n<ol start=\"1\" data-path-to-node=\"12\">\n<li>\n<p data-path-to-node=\"12,0,0\"><b>Unbedruckt (aus Lagerbestand):<\/b> F\u00fcr den sofortigen Versand sind unsere unbedruckten Glitzerarmb\u00e4nder ab Lager in 6 leuchtenden Farben erh\u00e4ltlich: Gold, Silber, Gr\u00fcn, Blau, Rosa oder Rot.<\/p>\n<\/li>\n<li>\n<p data-path-to-node=\"12,1,0\"><b>Individuell bedruckt:<\/b> F\u00fcr Ihr Branding k\u00f6nnen wir Ihr Logo oder Ihren Text in einem haltbaren, einfarbigen Druck mit einer Tintenfarbe Ihrer Wahl hinzuf\u00fcgen.<\/p>\n<\/li>\n<\/ol>\n<h3>Sicherheit inklusive<\/h3>\n<p data-path-to-node=\"14\">Jedes Armband ist mit einem Einweg-Kunststoffverschluss gesichert. Dieser nicht \u00fcbertragbare Verschluss gew\u00e4hrleistet die Sicherheit Ihrer Veranstaltung und verhindert unbefugten Zutritt.<\/p>\n<p data-path-to-node=\"15\"><i>Bitte beachten Sie: Der individuelle Aufdruck auf Glitzeroberfl\u00e4chen ist empfindlich gegen\u00fcber Lotionen, Sand und Salzwasser. Wir empfehlen diese Armb\u00e4nder f\u00fcr Veranstaltungen in Innenr\u00e4umen oder trockene Festivals, um eine maximale Haltbarkeit des Aufdrucks zu gew\u00e4hrleisten.<\/i><\/p>\n<p data-path-to-node=\"16\"><b>Hauptmerkmale:<\/b><\/p>\n<ul data-path-to-node=\"17\">\n<li>\n<p data-path-to-node=\"17,0,0\"><b>Premium-Glitzer-Finish:<\/b> Hochgl\u00e4nzendes Material, ideal f\u00fcr VIPs, Galas und exklusive Partys.<\/p>\n<\/li>\n<li>\n<p data-path-to-node=\"17,1,0\"><b>Hochsicherheitsverschluss:<\/b> Verf\u00fcgt \u00fcber einen Einweg-Kunststoffschnappverschluss, um eine Weitergabe zu verhindern.<\/p>\n<\/li>\n<li>\n<p data-path-to-node=\"17,2,0\"><b>Individuelles Branding:<\/b> Erh\u00e4ltlich mit einem strapazierf\u00e4higen 1-farbigen Logo- oder Textdruck.<\/p>\n<\/li>\n<li>\n<p data-path-to-node=\"17,3,0\"><b>6 leuchtende Farben:<\/b> W\u00e4hlen Sie aus den Lageroptionen in Gold, Silber, Gr\u00fcn, Blau, Rot oder Rosa.<\/p>\n<\/li>\n<li>\n<p data-path-to-node=\"17,4,0\"><b>Lagerverf\u00fcgbarkeit:<\/b> Unbedruckte B\u00e4nder sind ab Lager sofort versandbereit.<\/p>\n<\/li>\n<\/ul>","protected":false},"excerpt":{"rendered":"<ul>\n<li>\n<p data-path-to-node=\"7,0,0\"><b>Premium VIP-Ausstattung:<\/b> Hochgl\u00e4nzendes Finish mit starkem Effekt, perfekt f\u00fcr Galab\u00e4lle, VIP-Kunden und exklusive Partys.<\/p>\n<\/li>\n<li>\n<p data-path-to-node=\"7,1,0\"><b>Hochsicherheitsverschluss:<\/b> Verf\u00fcgt \u00fcber einen sicheren, zum Einmalgebrauch bestimmten Kunststoff-Schnappverschluss, um eine Weitergabe zu verhindern.<\/p>\n<\/li>\n<li>\n<p data-path-to-node=\"7,2,0\"><b>Flexible Bestellm\u00f6glichkeiten:<\/b> Erh\u00e4ltlich unbedruckt ab Lager (f\u00fcr schnelle Lieferung) oder mit einem einfarbigen individuellen Logodruck.<\/p>\n<\/li>\n<li>\n<p data-path-to-node=\"7,3,0\"><b>6 Grundfarben:<\/b> W\u00e4hlen Sie zwischen Gold, Silber, Gr\u00fcn, Blau, Rot oder Rosa.<\/p>\n<\/li>\n<\/ul>","protected":false},"featured_media":6032,"comment_status":"closed","ping_status":"closed","template":"","meta":[],"product_brand":[],"product_cat":[66,51,68],"product_tag":[],"class_list":{"0":"post-1229","1":"product","2":"type-product","3":"status-publish","4":"has-post-thumbnail","6":"product_cat-wristbands","7":"product_cat-vinyl","8":"product_cat-event-supplies","10":"first","11":"instock","12":"shipping-taxable","13":"purchasable","14":"product-type-simple"},"_links":{"self":[{"href":"https:\/\/wristbandfactory.eu\/de\/wp-json\/wp\/v2\/product\/1229","targetHints":{"allow":["GET"]}}],"collection":[{"href":"https:\/\/wristbandfactory.eu\/de\/wp-json\/wp\/v2\/product"}],"about":[{"href":"https:\/\/wristbandfactory.eu\/de\/wp-json\/wp\/v2\/types\/product"}],"replies":[{"embeddable":true,"href":"https:\/\/wristbandfactory.eu\/de\/wp-json\/wp\/v2\/comments?post=1229"}],"wp:featuredmedia":[{"embeddable":true,"href":"https:\/\/wristbandfactory.eu\/de\/wp-json\/wp\/v2\/media\/6032"}],"wp:attachment":[{"href":"https:\/\/wristbandfactory.eu\/de\/wp-json\/wp\/v2\/media?parent=1229"}],"wp:term":[{"taxonomy":"product_brand","embeddable":true,"href":"https:\/\/wristbandfactory.eu\/de\/wp-json\/wp\/v2\/product_brand?post=1229"},{"taxonomy":"product_cat","embeddable":true,"href":"https:\/\/wristbandfactory.eu\/de\/wp-json\/wp\/v2\/product_cat?post=1229"},{"taxonomy":"product_tag","embeddable":true,"href":"https:\/\/wristbandfactory.eu\/de\/wp-json\/wp\/v2\/product_tag?post=1229"}],"curies":[{"name":"wp","href":"https:\/\/api.w.org\/{rel}","templated":true}]}}