{"id":1228,"date":"2024-10-27T11:54:14","date_gmt":"2024-10-27T08:54:14","guid":{"rendered":"https:\/\/wristbandfactory.eu\/toode\/medical-wristbands\/"},"modified":"2026-01-09T15:45:20","modified_gmt":"2026-01-09T12:45:20","slug":"medical-wristbands","status":"publish","type":"product","link":"https:\/\/wristbandfactory.eu\/de\/p\/medical-wristbands\/","title":{"rendered":"Patientenarmb\u00e4nder"},"content":{"rendered":"<div class=\"mx-12 md:mx-24 lg:mx-48\">\n<div class=\"container my-8 svelte-zlsknf\">\n<div class=\"my-24 rounded-lg border-0 border-gray-700 bg-gray-100 px-16 py-24\">\n<div class=\"mt-11 !text-gray-500\">\n<p data-path-to-node=\"12\">Gew\u00e4hrleisten Sie Patientensicherheit und korrekte Identifizierung mit unserem <b data-path-to-node=\"12\" data-index-in-node=\"84\">Medizinische ID-Armb\u00e4nder<\/b>. Diese Armb\u00e4nder wurden speziell f\u00fcr Krankenh\u00e4user, Pflegeheime und Gesundheitseinrichtungen entwickelt und bieten eine zuverl\u00e4ssige und effiziente M\u00f6glichkeit, wichtige Patientendaten anzuzeigen.<\/p>\n<p data-path-to-node=\"13\"><span data-path-to-node=\"13,0\">Die Armb\u00e4nder werden aus weichem, hypoallergenem Vinyl hergestellt, wodurch ein angenehmer Tragekomfort auch \u00fcber l\u00e4ngere Zeitr\u00e4ume gew\u00e4hrleistet und sie unbedenklich f\u00fcr empfindliche Haut sind. <\/span><span data-path-to-node=\"13,2\"><span class=\"citation-59\">Das Material ist strapazierf\u00e4hig und wasserabweisend und eignet sich daher f\u00fcr Dusch- und Krankenhausumgebungen, ohne zu verschmieren oder sich zu zersetzen.<\/span><\/span><span data-path-to-node=\"13,4\">.<\/span><\/p>\n<h2 data-path-to-node=\"14\">Hauptmerkmale<\/h2>\n<ul data-path-to-node=\"15\">\n<li>\n<p data-path-to-node=\"15,0,0\"><b data-path-to-node=\"15,0,0\" data-index-in-node=\"0\">Einsteckkartensystem:<\/b> Verf\u00fcgt \u00fcber ein sicheres Fach mit einer Papiereinlegekarte, sodass das Personal schnell Namen, Geburtsdaten oder medizinische Identifikationsnummern ohne spezielle Drucker notieren kann.<\/p>\n<\/li>\n<li>\n<p data-path-to-node=\"15,1,0\"><b data-path-to-node=\"15,1,0\" data-index-in-node=\"0\">Nicht \u00fcbertragbare Wertpapiere:<\/b> Ausgestattet mit einem Einweg-Kunststoffverschluss (Clip), der zum Entfernen durchgeschnitten werden muss, um eine unbefugte Weitergabe zwischen Patienten zu verhindern.<\/p>\n<\/li>\n<li>\n<p data-path-to-node=\"15,2,0\"><b data-path-to-node=\"15,2,0\" data-index-in-node=\"0\">Patientensicherheit hat oberste Priorit\u00e4t:<\/b> Hergestellt aus hypoallergenen Materialien ohne scharfe Kanten, um Hautirritationen oder Verletzungen vorzubeugen.<\/p>\n<\/li>\n<li>\n<p data-path-to-node=\"15,3,0\"><b data-path-to-node=\"15,3,0\" data-index-in-node=\"0\">Visuelle Identifizierung:<\/b> Erh\u00e4ltlich in Standardwei\u00df (Erwachsene), andere Farben sind auf Anfrage erh\u00e4ltlich, um die Kategorisierung von Patientengruppen zu erleichtern (z. B. Allergien, Sturzrisiko).<\/p>\n<\/li>\n<\/ul>\n<h2 data-path-to-node=\"16\">Technische Daten<\/h2>\n<ul data-path-to-node=\"17\">\n<li>\n<p data-path-to-node=\"17,0,0\"><b data-path-to-node=\"17,0,0\" data-index-in-node=\"0\">Material:<\/b> Weiches PVC \/ Vinyl (hypoallergen).<\/p>\n<\/li>\n<li>\n<p data-path-to-node=\"17,1,0\"><b data-path-to-node=\"17,1,0\" data-index-in-node=\"0\">Verschlussart:<\/b> Einweg-Kunststoffclip.<\/p>\n<\/li>\n<li>\n<p data-path-to-node=\"17,2,0\"><b data-path-to-node=\"17,2,0\" data-index-in-node=\"0\">Beschreibbarer Bereich:<\/b> Einlegekarte enthalten.<\/p>\n<\/li>\n<li>\n<p data-path-to-node=\"17,3,0\"><b data-path-to-node=\"17,3,0\" data-index-in-node=\"0\">Gr\u00f6\u00dfen:<\/b> Erh\u00e4ltlich in Ausf\u00fchrungen f\u00fcr Erwachsene und Kinder.<\/p>\n<\/li>\n<li>\n<p data-path-to-node=\"17,4,0\"><b data-path-to-node=\"17,4,0\" data-index-in-node=\"0\">Haltbarkeit:<\/b> Wasserabweisend und rei\u00dffest.<\/p>\n<\/li>\n<li>\n<p data-path-to-node=\"17,5,0\"><b data-path-to-node=\"17,5,0\" data-index-in-node=\"0\">Mindestbestellmenge:<\/b> 100 Einheiten.<\/p>\n<\/li>\n<\/ul>\n<h2 data-path-to-node=\"18\">Anwendungsf\u00e4lle<\/h2>\n<ul data-path-to-node=\"19\">\n<li>\n<p data-path-to-node=\"19,0,0\"><b data-path-to-node=\"19,0,0\" data-index-in-node=\"0\">Krankenhauseinweisungen:<\/b> Schnelle Identifizierung von Patienten bei der Aufnahme in die Notaufnahme oder auf die Stationen.<\/p>\n<\/li>\n<li>\n<p data-path-to-node=\"19,1,0\"><b data-path-to-node=\"19,1,0\" data-index-in-node=\"0\">Pflegeheime:<\/b> Dauerhafte Kennzeichnung f\u00fcr Langzeitbewohner.<\/p>\n<\/li>\n<li>\n<p data-path-to-node=\"19,2,0\"><b data-path-to-node=\"19,2,0\" data-index-in-node=\"0\">Ambulante Patienten der Klinik:<\/b> Unbedruckte Kennzeichnung f\u00fcr Tagesabl\u00e4ufe.<\/p>\n<\/li>\n<li>\n<p data-path-to-node=\"19,3,0\"><b data-path-to-node=\"19,3,0\" data-index-in-node=\"0\">Medizinische Triage:<\/b> Schnelle Kategorisierung von Patienten w\u00e4hrend der Notfallversorgung.<\/p>\n<\/li>\n<\/ul>\n<\/div>\n<\/div>\n<\/div>\n<\/div>","protected":false},"excerpt":{"rendered":"<ul>\n<li>\n<p data-path-to-node=\"11,0,1\"><span data-path-to-node=\"11,0,1,0\"><b data-path-to-node=\"11,0,1,0\" data-index-in-node=\"0\"><span class=\"citation-60\">Material:<\/span><\/b><span class=\"citation-60\"> Weiches, hypoallergenes Vinyl (wasserabweisend)<\/span><\/span><span data-path-to-node=\"11,0,1,2\">.<\/span><\/p>\n<\/li>\n<li>\n<p data-path-to-node=\"11,1,0\"><b data-path-to-node=\"11,1,0\" data-index-in-node=\"0\">Dateneingabe:<\/b> Durchsichtige Tasche mit Einschubfach f\u00fcr eine Papierkarte mit Patientendaten.<\/p>\n<\/li>\n<li>\n<p data-path-to-node=\"11,2,0\"><b data-path-to-node=\"11,2,0\" data-index-in-node=\"0\">Sicherheit:<\/b> Der Einweg-Kunststoffverschluss verhindert die \u00dcbertragung.<\/p>\n<\/li>\n<li>\n<p data-path-to-node=\"11,3,0\"><b data-path-to-node=\"11,3,0\" data-index-in-node=\"0\">Gr\u00f6\u00dfenangaben:<\/b> Erh\u00e4ltlich in Erwachsenen- und Kindergr\u00f6\u00dfen.<\/p>\n<\/li>\n<\/ul>","protected":false},"featured_media":6413,"comment_status":"closed","ping_status":"closed","template":"","meta":[],"product_brand":[],"product_cat":[66,51,72],"product_tag":[],"class_list":{"0":"post-1228","1":"product","2":"type-product","3":"status-publish","4":"has-post-thumbnail","6":"product_cat-wristbands","7":"product_cat-vinyl","8":"product_cat-medical-and-hospital","10":"first","11":"instock","12":"shipping-taxable","13":"purchasable","14":"product-type-simple"},"_links":{"self":[{"href":"https:\/\/wristbandfactory.eu\/de\/wp-json\/wp\/v2\/product\/1228","targetHints":{"allow":["GET"]}}],"collection":[{"href":"https:\/\/wristbandfactory.eu\/de\/wp-json\/wp\/v2\/product"}],"about":[{"href":"https:\/\/wristbandfactory.eu\/de\/wp-json\/wp\/v2\/types\/product"}],"replies":[{"embeddable":true,"href":"https:\/\/wristbandfactory.eu\/de\/wp-json\/wp\/v2\/comments?post=1228"}],"wp:featuredmedia":[{"embeddable":true,"href":"https:\/\/wristbandfactory.eu\/de\/wp-json\/wp\/v2\/media\/6413"}],"wp:attachment":[{"href":"https:\/\/wristbandfactory.eu\/de\/wp-json\/wp\/v2\/media?parent=1228"}],"wp:term":[{"taxonomy":"product_brand","embeddable":true,"href":"https:\/\/wristbandfactory.eu\/de\/wp-json\/wp\/v2\/product_brand?post=1228"},{"taxonomy":"product_cat","embeddable":true,"href":"https:\/\/wristbandfactory.eu\/de\/wp-json\/wp\/v2\/product_cat?post=1228"},{"taxonomy":"product_tag","embeddable":true,"href":"https:\/\/wristbandfactory.eu\/de\/wp-json\/wp\/v2\/product_tag?post=1228"}],"curies":[{"name":"wp","href":"https:\/\/api.w.org\/{rel}","templated":true}]}}