{"id":1217,"date":"2024-10-27T11:54:36","date_gmt":"2024-10-27T08:54:36","guid":{"rendered":"https:\/\/wristbandfactory.eu\/toode\/polyester-wristbands-with-woven-logo\/"},"modified":"2025-12-29T18:02:05","modified_gmt":"2025-12-29T15:02:05","slug":"woven-fabric-wristbands-up-to-4-colours","status":"publish","type":"product","link":"https:\/\/wristbandfactory.eu\/de\/p\/woven-fabric-wristbands-up-to-4-colours\/","title":{"rendered":"Gewebte Stoffarmb\u00e4nder (bis zu 4 Farben)"},"content":{"rendered":"<div class=\"mx-12 md:mx-24 lg:mx-48\">\n<div class=\"container my-8 svelte-zlsknf\">\n<div class=\"my-24 rounded-lg border-0 border-gray-700 bg-gray-100 px-16 py-24\">\n<div class=\"mt-11 !text-gray-500\">\n<p data-path-to-node=\"8\">Verleihen Sie Ihrer Veranstaltung mit unseren hochwertigen Armb\u00e4ndern aus gewebtem Stoff einen professionellen Auftritt. Im Gegensatz zu bedruckten Alternativen wird Ihr Logo und Ihre Botschaft (in bis zu vier verschiedenen Farben) direkt in das strapazierf\u00e4hige Polyestergewebe eingearbeitet. Dieses Webverfahren sorgt f\u00fcr eine langlebige, hochwertige und strukturierte Oberfl\u00e4che, die farbecht und abriebfest ist. Damit ist sie die ideale Wahl f\u00fcr mehrt\u00e4gige Festivals und Firmenveranstaltungen, bei denen Markenimage h\u00f6chste Priorit\u00e4t hat.<\/p>\n<h3 data-path-to-node=\"9\"><b>Konfigurieren Sie Ihr perfektes gewebtes Armband<\/b><\/h3>\n<ol start=\"1\" data-path-to-node=\"10\">\n<li>\n<p data-path-to-node=\"10,0,0\"><b>W\u00e4hlen Sie Ihr Schloss:<\/b> W\u00e4hlen Sie den Verschluss, der den Sicherheitsanforderungen Ihrer Veranstaltung entspricht. Dieses Armband ist mit unserem gesamten Sortiment an Schl\u00f6ssern kompatibel, darunter:<\/p>\n<ul data-path-to-node=\"10,0,1\">\n<li>\n<p data-path-to-node=\"10,0,1,0,0\"><b>Hochsicherheitsschl\u00f6sser:<\/b> Ein Einwegverschluss, um eine \u00dcbertragung zu verhindern und eine zuverl\u00e4ssige Zugangskontrolle zu gew\u00e4hrleisten.<\/p>\n<\/li>\n<li>\n<p data-path-to-node=\"10,0,1,1,0\"><b>Wiederverwendbare Schl\u00f6sser:<\/b> Eine verstellbare Perle f\u00fcr mehrt\u00e4gigen, flexiblen Einsatz.<\/p>\n<\/li>\n<li>\n<p data-path-to-node=\"10,0,1,2,0\"><b>Umweltfreundliche Schl\u00f6sser:<\/b> Unser nachhaltiges Bambusschloss f\u00fcr den Einmalgebrauch.<\/p>\n<\/li>\n<\/ul>\n<\/li>\n<li>\n<p data-path-to-node=\"10,1,0\"><b>Optionale antibakterielle Behandlung hinzuf\u00fcgen:<\/b> F\u00fcr Veranstaltungen mit h\u00f6chsten Hygieneanforderungen sind diese Armb\u00e4nder optional erh\u00e4ltlich. <b>antibakterielle Behandlung zertifiziert nach ISO 20743-Standard<\/b>. Dies bietet eine wesentliche Sicherheitsebene f\u00fcr die Teilnehmer von Konferenzen im Gesundheitswesen, Lebensmittelfestivals oder gro\u00dfen \u00f6ffentlichen Versammlungen.<\/p>\n<\/li>\n<\/ol>\n<h3 data-path-to-node=\"11\"><b>Hauptmerkmale:<\/b><\/h3>\n<ul data-path-to-node=\"12\">\n<li>\n<p data-path-to-node=\"12,0,0\"><b>Hochwertiges gewebtes Logo:<\/b> Ihr Design wird in den Stoff eingewebt (bis zu 4 Farben) und sorgt so f\u00fcr ein langlebiges und hochwertiges Finish.<\/p>\n<\/li>\n<li>\n<p data-path-to-node=\"12,1,0\"><b>Sicherheitsschlossoptionen:<\/b> W\u00e4hlen Sie zwischen Hochsicherheits- (Einweg-), Mehrweg- oder umweltfreundlichen Bambus-Varianten.<\/p>\n<\/li>\n<li>\n<p data-path-to-node=\"12,2,0\"><b>Optionale antibakterielle Behandlung:<\/b> ISO 20743-zertifiziert f\u00fcr erh\u00f6hte Hygiene.<\/p>\n<\/li>\n<li>\n<p data-path-to-node=\"12,3,0\"><b>Strapazierf\u00e4higes Polyester:<\/b> Strapazierf\u00e4higes Material, ideal f\u00fcr den Langzeitgebrauch.<\/p>\n<\/li>\n<li>\n<p data-path-to-node=\"12,4,0\"><b>Mindestbestellwert:<\/b> 100 St\u00fcck.<\/p>\n<\/li>\n<\/ul>\n<p data-path-to-node=\"13\">\n<\/div>\n<\/div>\n<\/div>\n<\/div>","protected":false},"excerpt":{"rendered":"<ul>\n<li>\n<p data-path-to-node=\"7,0,0\">Hochwertiges Webdesign: Ihr Logo wird direkt in den Stoff eingewebt. Dabei kommen bis zu 4 Farben zum Einsatz, was f\u00fcr eine langlebige und farbechte Oberfl\u00e4che sorgt.<\/p>\n<\/li>\n<li>\n<p data-path-to-node=\"7,1,0\">Schlossoptionen: W\u00e4hlen Sie zwischen Hochsicherheitsschloss (Einwegschloss), wiederverwendbarem Schloss oder umweltfreundlichem Bambusschloss.<\/p>\n<\/li>\n<li>\n<p data-path-to-node=\"7,2,0\">Optionale antibakterielle Behandlung: ISO 20743-zertifizierte Behandlung f\u00fcr verbesserte Hygiene und Sicherheit der Teilnehmer.<\/p>\n<\/li>\n<li>\n<p data-path-to-node=\"7,3,0\">Strapazierf\u00e4higes Polyestermaterial, ideal f\u00fcr mehrt\u00e4gige Festivals.<\/p>\n<\/li>\n<\/ul>","protected":false},"featured_media":6385,"comment_status":"closed","ping_status":"closed","template":"","meta":[],"product_brand":[],"product_cat":[66,47],"product_tag":[],"class_list":{"0":"post-1217","1":"product","2":"type-product","3":"status-publish","4":"has-post-thumbnail","6":"product_cat-wristbands","7":"product_cat-fabric-wristbands","9":"first","10":"instock","11":"shipping-taxable","12":"purchasable","13":"product-type-simple"},"_links":{"self":[{"href":"https:\/\/wristbandfactory.eu\/de\/wp-json\/wp\/v2\/product\/1217","targetHints":{"allow":["GET"]}}],"collection":[{"href":"https:\/\/wristbandfactory.eu\/de\/wp-json\/wp\/v2\/product"}],"about":[{"href":"https:\/\/wristbandfactory.eu\/de\/wp-json\/wp\/v2\/types\/product"}],"replies":[{"embeddable":true,"href":"https:\/\/wristbandfactory.eu\/de\/wp-json\/wp\/v2\/comments?post=1217"}],"wp:featuredmedia":[{"embeddable":true,"href":"https:\/\/wristbandfactory.eu\/de\/wp-json\/wp\/v2\/media\/6385"}],"wp:attachment":[{"href":"https:\/\/wristbandfactory.eu\/de\/wp-json\/wp\/v2\/media?parent=1217"}],"wp:term":[{"taxonomy":"product_brand","embeddable":true,"href":"https:\/\/wristbandfactory.eu\/de\/wp-json\/wp\/v2\/product_brand?post=1217"},{"taxonomy":"product_cat","embeddable":true,"href":"https:\/\/wristbandfactory.eu\/de\/wp-json\/wp\/v2\/product_cat?post=1217"},{"taxonomy":"product_tag","embeddable":true,"href":"https:\/\/wristbandfactory.eu\/de\/wp-json\/wp\/v2\/product_tag?post=1217"}],"curies":[{"name":"wp","href":"https:\/\/api.w.org\/{rel}","templated":true}]}}