{"id":1216,"date":"2024-10-27T11:54:36","date_gmt":"2024-10-27T08:54:36","guid":{"rendered":"https:\/\/wristbandfactory.eu\/toode\/adjustable-cord-wristbands\/"},"modified":"2025-12-30T14:46:53","modified_gmt":"2025-12-30T11:46:53","slug":"adjustable-rope-wristbands-custom-printed-cord-with-logo","status":"publish","type":"product","link":"https:\/\/wristbandfactory.eu\/de\/p\/adjustable-rope-wristbands-custom-printed-cord-with-logo\/","title":{"rendered":"Paracord-Armb\u00e4nder \u2013 Bedruckt"},"content":{"rendered":"<div class=\"mx-12 md:mx-24 lg:mx-48\">\n<div class=\"container my-8 svelte-zlsknf\">\n<div class=\"my-24 rounded-lg border-0 border-gray-700 bg-gray-100 px-16 py-24\">\n<div class=\"mt-11 !text-gray-500\">\n<p data-path-to-node=\"9\"><b>Stilvolles und vielseitiges Branding: Individuell verstellbare Seilarmb\u00e4nder<\/b><\/p>\n<p data-path-to-node=\"10\">Werten Sie Ihre Werbeartikel mit unseren individuell gestaltbaren, verstellbaren Seilarmb\u00e4ndern auf. Diese Armb\u00e4nder sind robust, langlebig und f\u00fcr den Langzeitgebrauch geeignet. Sie bestehen aus einer stabilen, runden Polyesterkordel und einem individuell gestaltbaren Gummischlauch und bieten eine moderne Alternative zu herk\u00f6mmlichen flachen Armb\u00e4ndern. Die perfekte L\u00f6sung f\u00fcr Markenbekanntheitskampagnen, Wohlt\u00e4tigkeitsveranstaltungen und VIP-Merchandise.<\/p>\n<p data-path-to-node=\"11\"><b>Einheitsgr\u00f6\u00dfe f\u00fcr alle<\/b> Dank des intelligenten Schiebemechanismus l\u00e4sst sich das Armband m\u00fchelos an jede Handgelenkgr\u00f6\u00dfe anpassen \u2013 von Kindern bis zu Erwachsenen. Diese universelle Passform verunbedrucktt den Bestellvorgang und macht das Sch\u00e4tzen der Gr\u00f6\u00dfenverh\u00e4ltnisse f\u00fcr Ihre Zielgruppe \u00fcberfl\u00fcssig.<\/p>\n<p data-path-to-node=\"12\"><b>Fokussiertes Branding<\/b> Anders als bei vollfl\u00e4chigen Drucken lenken diese Armb\u00e4nder die Aufmerksamkeit auf Ihr Logo oder Ihre Botschaft, die klar und deutlich auf dem zentralen Gummischlauch aufgedruckt ist. Der kontrastreiche, einfarbige Aufdruck sorgt daf\u00fcr, dass Ihre Marke vor dem stilvollen, zweifarbigen Kordelhintergrund optimal zur Geltung kommt.<\/p>\n<p data-path-to-node=\"13\"><b>Hygiene- und Sicherheitsoptionen<\/b> F\u00fcr Veranstaltungen mit h\u00f6heren Hygieneanforderungen bieten wir optional eine ISO 20743-zertifizierte antibakterielle Behandlung der Polyesterkordel an. Dies sorgt f\u00fcr zus\u00e4tzliche Sicherheit beim Tragen und positioniert Ihre Marke als verantwortungsbewussten Branchenf\u00fchrer.<\/p>\n<p data-path-to-node=\"14\"><b>Hauptmerkmale:<\/b><\/p>\n<ul data-path-to-node=\"15\">\n<li>\n<p data-path-to-node=\"15,0,0\"><b>Hochwertiges Kabel:<\/b> Strapazierf\u00e4higes, gewebtes Polyester beh\u00e4lt Form und Farbe.<\/p>\n<\/li>\n<li>\n<p data-path-to-node=\"15,1,0\"><b>Unverwechselbares Design:<\/b> Erh\u00e4ltlich in zweifarbigen Farbkombinationen, passend zu den Markenthemen.<\/p>\n<\/li>\n<li>\n<p data-path-to-node=\"15,2,0\"><b>Verstellbarer Schieber:<\/b> Sicherer und unbedruckt zu bedienender Schiebemechanismus.<\/p>\n<\/li>\n<li>\n<p data-path-to-node=\"15,3,0\"><b>Lang anhaltende:<\/b> Entwickelt f\u00fcr l\u00e4ngeres Tragen, um die Markenwirkung zu maximieren.<\/p>\n<\/li>\n<li>\n<p data-path-to-node=\"15,4,0\"><b>Gro\u00dfhandelsbereit:<\/b> Optimiert f\u00fcr Gro\u00dfbestellungen mit gleichbleibender Qualit\u00e4tskontrolle.<\/p>\n<\/li>\n<\/ul>\n<\/div>\n<\/div>\n<\/div>\n<\/div>","protected":false},"excerpt":{"rendered":"<ul>\n<li>\n<p data-path-to-node=\"6,0,0\"><b>Material:<\/b> Runde, zweifarbige Polyesterschnur mit verschiebbarem Gummischlauch.<\/p>\n<\/li>\n<li>\n<p data-path-to-node=\"6,1,0\"><b>Anpassung:<\/b> Gestochen scharfer, einfarbiger Logodruck auf dem Mittelrohr.<\/p>\n<\/li>\n<li>\n<p data-path-to-node=\"6,2,0\"><b>Fit:<\/b> Vollst\u00e4ndig verstellbarer Schiebeknotenmechanismus (Einheitsgr\u00f6\u00dfe).<\/p>\n<\/li>\n<li>\n<p data-path-to-node=\"6,3,0\"><b>Sicherheit:<\/b> Optionale antibakterielle Behandlung nach ISO 20743 erh\u00e4ltlich.<\/p>\n<\/li>\n<\/ul>","protected":false},"featured_media":6400,"comment_status":"closed","ping_status":"closed","template":"","meta":[],"product_brand":[],"product_cat":[66,112],"product_tag":[],"class_list":{"0":"post-1216","1":"product","2":"type-product","3":"status-publish","4":"has-post-thumbnail","6":"product_cat-wristbands","7":"product_cat-paracord-wristbands","9":"first","10":"instock","11":"shipping-taxable","12":"purchasable","13":"product-type-simple"},"_links":{"self":[{"href":"https:\/\/wristbandfactory.eu\/de\/wp-json\/wp\/v2\/product\/1216","targetHints":{"allow":["GET"]}}],"collection":[{"href":"https:\/\/wristbandfactory.eu\/de\/wp-json\/wp\/v2\/product"}],"about":[{"href":"https:\/\/wristbandfactory.eu\/de\/wp-json\/wp\/v2\/types\/product"}],"replies":[{"embeddable":true,"href":"https:\/\/wristbandfactory.eu\/de\/wp-json\/wp\/v2\/comments?post=1216"}],"wp:featuredmedia":[{"embeddable":true,"href":"https:\/\/wristbandfactory.eu\/de\/wp-json\/wp\/v2\/media\/6400"}],"wp:attachment":[{"href":"https:\/\/wristbandfactory.eu\/de\/wp-json\/wp\/v2\/media?parent=1216"}],"wp:term":[{"taxonomy":"product_brand","embeddable":true,"href":"https:\/\/wristbandfactory.eu\/de\/wp-json\/wp\/v2\/product_brand?post=1216"},{"taxonomy":"product_cat","embeddable":true,"href":"https:\/\/wristbandfactory.eu\/de\/wp-json\/wp\/v2\/product_cat?post=1216"},{"taxonomy":"product_tag","embeddable":true,"href":"https:\/\/wristbandfactory.eu\/de\/wp-json\/wp\/v2\/product_tag?post=1216"}],"curies":[{"name":"wp","href":"https:\/\/api.w.org\/{rel}","templated":true}]}}