{"id":1209,"date":"2024-07-16T17:57:25","date_gmt":"2024-07-16T14:57:25","guid":{"rendered":"https:\/\/wristbandfactory.eu\/toode\/seed-paper-bracelet\/"},"modified":"2025-12-29T18:12:45","modified_gmt":"2025-12-29T15:12:45","slug":"seed-paper-wristbands","status":"publish","type":"product","link":"https:\/\/wristbandfactory.eu\/de\/p\/seed-paper-wristbands\/","title":{"rendered":"Samenpapier-Armb\u00e4nder"},"content":{"rendered":"<p data-path-to-node=\"12\">Hinterlassen Sie mit unserem Produkt einen nachhaltigen, positiven Eindruck bei Ihren Teilnehmern und der Umwelt. <b data-path-to-node=\"12\" data-index-in-node=\"104\">Armb\u00e4nder aus Saatpapier<\/b>. Dieses innovative Produkt bietet umweltbewussten Veranstaltern eine einzigartige, abfallfreie L\u00f6sung: Ein typischer Einwegartikel wird in ein unvergessliches \u201czweites Leben\u201d \u2013 in Form von Wildblumen \u2013 verwandelt. Die Armb\u00e4nder sind f\u00fcr Festivals, Nachhaltigkeitsveranstaltungen von Unternehmen und Umweltkonferenzen konzipiert und dienen sowohl als sicherer Zutrittsausweis als auch als Ausdruck Ihres Umweltbewusstseins.<\/p>\n<h2 data-path-to-node=\"13\">Hauptmerkmale<\/h2>\n<ul data-path-to-node=\"14\">\n<li>\n<p data-path-to-node=\"14,0,0\"><b data-path-to-node=\"14,0,0\" data-index-in-node=\"0\">Pflanztechnologie:<\/b> Das Armband besteht aus 80 g\/m\u00b2 Papier, in das eine Mischung aus Wildblumensamen eingearbeitet ist. Nach der Veranstaltung kann es in Erde gepflanzt werden, um Blumen wachsen zu lassen.<\/p>\n<\/li>\n<li>\n<p data-path-to-node=\"14,1,0\"><b data-path-to-node=\"14,1,0\" data-index-in-node=\"0\">Vollfarbiges Branding:<\/b> Unterst\u00fctzt randlose Druckfunktionen, sodass Sie Ihr Logo, Ihre Sponsoren oder Ihre Umweltbotschaft eindrucksvoll pr\u00e4sentieren k\u00f6nnen.<\/p>\n<\/li>\n<li>\n<p data-path-to-node=\"14,2,0\"><b data-path-to-node=\"14,2,0\" data-index-in-node=\"0\">Sichere Zugriffskontrolle:<\/b> Verf\u00fcgt \u00fcber einen zuverl\u00e4ssigen Klebestreifen, der nur einmal verwendet werden kann und nicht \u00fcbertragbar ist, wodurch die Sicherheit an Ihrem Veranstaltungsort gew\u00e4hrleistet wird.<\/p>\n<\/li>\n<li>\n<p data-path-to-node=\"14,3,0\"><b data-path-to-node=\"14,3,0\" data-index-in-node=\"0\">Textur &amp; Haptik:<\/b> Die nat\u00fcrliche, leicht unebene Textur des Saatpapiers verleiht dem Ganzen eine haptische, organische Qualit\u00e4t, die die Botschaft der Nachhaltigkeit unterstreicht.<\/p>\n<\/li>\n<\/ul>\n<h2 data-path-to-node=\"15\">Technische Daten<\/h2>\n<ul data-path-to-node=\"16\">\n<li>\n<p data-path-to-node=\"16,0,0\"><b data-path-to-node=\"16,0,0\" data-index-in-node=\"0\">Abmessungen:<\/b> Ca. 240 x 20 mm (Standardgr\u00f6\u00dfe, verstellbar).<\/p>\n<\/li>\n<li>\n<p data-path-to-node=\"16,1,0\"><b data-path-to-node=\"16,1,0\" data-index-in-node=\"0\">Materialgewicht:<\/b> 80 g\/m\u00b2 Saatpapier.<\/p>\n<\/li>\n<li>\n<p data-path-to-node=\"16,2,0\"><b data-path-to-node=\"16,2,0\" data-index-in-node=\"0\">Druckmethode:<\/b> Vollfarbiger Digitaldruck (CMYK).<\/p>\n<\/li>\n<li>\n<p data-path-to-node=\"16,3,0\"><b data-path-to-node=\"16,3,0\" data-index-in-node=\"0\">Nutzungsdauer:<\/b> Aufgrund der biologischen Abbaubarkeit wird es f\u00fcr eint\u00e4gige Veranstaltungen (maximal 1-2 Tage) empfohlen.<\/p>\n<\/li>\n<li>\n<p data-path-to-node=\"16,4,0\"><b data-path-to-node=\"16,4,0\" data-index-in-node=\"0\">Mindestbestellmenge:<\/b> 100 Einheiten.<\/p>\n<\/li>\n<\/ul>\n<h2 data-path-to-node=\"17\">Anwendungsf\u00e4lle<\/h2>\n<ul data-path-to-node=\"18\">\n<li>\n<p data-path-to-node=\"18,0,0\"><b data-path-to-node=\"18,0,0\" data-index-in-node=\"0\">Gr\u00fcne Festivals:<\/b> Ideal f\u00fcr Open-Air-Musik- und Kunstfestivals, die den Grundsatz \u201cLeave No Trace\u201d (Keine Spuren hinterlassen) priorisieren.<\/p>\n<\/li>\n<li>\n<p data-path-to-node=\"18,1,0\"><b data-path-to-node=\"18,1,0\" data-index-in-node=\"0\">CSR-Veranstaltungen von Unternehmen:<\/b> Ideal f\u00fcr Firmenveranstaltungen mit Schwerpunkt auf Nachhaltigkeit und Umweltverantwortung.<\/p>\n<\/li>\n<li>\n<p data-path-to-node=\"18,2,0\"><b data-path-to-node=\"18,2,0\" data-index-in-node=\"0\">Wohlt\u00e4tigkeits-Spendenaktionen:<\/b> Ein symbolisches Geschenk f\u00fcr Spender, das zu Blumen heranw\u00e4chst und Wachstum und Dankbarkeit symbolisiert.<\/p>\n<\/li>\n<li>\n<p data-path-to-node=\"18,3,0\"><b data-path-to-node=\"18,3,0\" data-index-in-node=\"0\">VIP-Zugang:<\/b> Ein einzigartiges, hochwertiges Alleinstellungsmerkmal f\u00fcr besondere G\u00e4ste bei Konferenzen mit Umweltthema.<\/p>\n<\/li>\n<\/ul>","protected":false},"excerpt":{"rendered":"<ul>\n<li>\n<p data-path-to-node=\"11,0,0\"><b data-path-to-node=\"11,0,0\" data-index-in-node=\"0\">Material:<\/b> 80 g\/m\u00b2 biologisch abbaubares Papier, in das Wildblumensamen eingearbeitet sind.<\/p>\n<\/li>\n<li>\n<p data-path-to-node=\"11,1,0\"><b data-path-to-node=\"11,1,0\" data-index-in-node=\"0\">Anpassung:<\/b> Vollfarbiger, randloser Druck f\u00fcr wirkungsvolles Branding.<\/p>\n<\/li>\n<li>\n<p data-path-to-node=\"11,2,0\"><b data-path-to-node=\"11,2,0\" data-index-in-node=\"0\">Schlie\u00dfung:<\/b> Ein sicherer, einmalig verwendbarer Klebestreifen verhindert das Abf\u00e4rben.<\/p>\n<\/li>\n<li>\n<p data-path-to-node=\"11,3,0\"><b data-path-to-node=\"11,3,0\" data-index-in-node=\"0\">\u00d6ko-Fokus:<\/b> 100% ist nach Gebrauch pflanzbar und somit eine abfallfreie Veranstaltungsl\u00f6sung.<\/p>\n<\/li>\n<\/ul>","protected":false},"featured_media":6394,"comment_status":"closed","ping_status":"closed","template":"","meta":[],"product_brand":[],"product_cat":[133,66],"product_tag":[],"class_list":{"0":"post-1209","1":"product","2":"type-product","3":"status-publish","4":"has-post-thumbnail","6":"product_cat-eco-friendly-wristbands","7":"product_cat-wristbands","9":"first","10":"instock","11":"shipping-taxable","12":"purchasable","13":"product-type-simple"},"_links":{"self":[{"href":"https:\/\/wristbandfactory.eu\/de\/wp-json\/wp\/v2\/product\/1209","targetHints":{"allow":["GET"]}}],"collection":[{"href":"https:\/\/wristbandfactory.eu\/de\/wp-json\/wp\/v2\/product"}],"about":[{"href":"https:\/\/wristbandfactory.eu\/de\/wp-json\/wp\/v2\/types\/product"}],"replies":[{"embeddable":true,"href":"https:\/\/wristbandfactory.eu\/de\/wp-json\/wp\/v2\/comments?post=1209"}],"wp:featuredmedia":[{"embeddable":true,"href":"https:\/\/wristbandfactory.eu\/de\/wp-json\/wp\/v2\/media\/6394"}],"wp:attachment":[{"href":"https:\/\/wristbandfactory.eu\/de\/wp-json\/wp\/v2\/media?parent=1209"}],"wp:term":[{"taxonomy":"product_brand","embeddable":true,"href":"https:\/\/wristbandfactory.eu\/de\/wp-json\/wp\/v2\/product_brand?post=1209"},{"taxonomy":"product_cat","embeddable":true,"href":"https:\/\/wristbandfactory.eu\/de\/wp-json\/wp\/v2\/product_cat?post=1209"},{"taxonomy":"product_tag","embeddable":true,"href":"https:\/\/wristbandfactory.eu\/de\/wp-json\/wp\/v2\/product_tag?post=1209"}],"curies":[{"name":"wp","href":"https:\/\/api.w.org\/{rel}","templated":true}]}}