{"id":1205,"date":"2024-10-27T11:54:37","date_gmt":"2024-10-27T08:54:37","guid":{"rendered":"https:\/\/wristbandfactory.eu\/toode\/custom-rfid-leather-wristband\/"},"modified":"2025-12-20T13:15:43","modified_gmt":"2025-12-20T10:15:43","slug":"custom-rfid-leather-wristband","status":"publish","type":"product","link":"https:\/\/wristbandfactory.eu\/de\/p\/custom-rfid-leather-wristband\/","title":{"rendered":"Leder-RFID-Armb\u00e4nder"},"content":{"rendered":"<p data-path-to-node=\"12\">Verbessern Sie das G\u00e4steerlebnis mit unserem <b data-path-to-node=\"12\" data-index-in-node=\"64\">Individuell gestaltbare RFID-Armb\u00e4nder aus Leder<\/b>. Diese Armb\u00e4nder wurden f\u00fcr Umgebungen entwickelt, in denen Stil ebenso wichtig ist wie Sicherheit. Sie vereinen fortschrittliche RFID-Technologie mit der klassischen Eleganz von Leder. Im Gegensatz zu herk\u00f6mmlichen Silikon- oder Stoffarmb\u00e4ndern dienen sie als Premium-Accessoire und eignen sich daher perfekt f\u00fcr VIP-Bereiche, Luxusresorts, Country Clubs und exklusive Firmenveranstaltungen.<\/p>\n<p data-path-to-node=\"13\">Die aus strapazierf\u00e4higem PU-Leder gefertigten Armb\u00e4nder (auch in Echtleder erh\u00e4ltlich) bieten hohen Tragekomfort, selbst bei l\u00e4ngerem Gebrauch. Der integrierte Chip ist nahtlos eingelassen und gew\u00e4hrleistet eine zuverl\u00e4ssige Daten\u00fcbertragung f\u00fcr Zutrittskontrolle, bargeldloses Bezahlen oder die Integration sozialer Medien, ohne die \u00c4sthetik des Armbands zu beeintr\u00e4chtigen.<\/p>\n<h2 data-path-to-node=\"14\">Hauptmerkmale<\/h2>\n<ul data-path-to-node=\"15\">\n<li>\n<p data-path-to-node=\"15,0,1\"><span data-path-to-node=\"15,0,1,0\"><b data-path-to-node=\"15,0,1,0\" data-index-in-node=\"0\"><span class=\"citation-43\">Erweiterte Chipkompatibilit\u00e4t:<\/span><\/b><span class=\"citation-43\"> Erh\u00e4ltlich mit einer breiten Palette von RFID-Chips, darunter LF (125 kHz), HF (13,56 MHz NTAG\u00ae\/Mifare) und UHF (860\u2013960 MHz), passend f\u00fcr jedes System.<\/span><\/span><span data-path-to-node=\"15,0,1,2\">.<\/span><\/p>\n<\/li>\n<li>\n<p data-path-to-node=\"15,1,1\"><span data-path-to-node=\"15,1,1,0\"><b data-path-to-node=\"15,1,1,0\" data-index-in-node=\"0\"><span class=\"citation-42\">Premium-\u00c4sthetik:<\/span><\/b><span class=\"citation-42\"> Die Lederoptik bietet eine elegante Alternative zu Kunststoff und steigert den wahrgenommenen Wert Ihrer Veranstaltung oder Ihres Veranstaltungsortes.<\/span><\/span><span data-path-to-node=\"15,1,1,2\">.<\/span><\/p>\n<\/li>\n<li>\n<p data-path-to-node=\"15,2,0\"><b data-path-to-node=\"15,2,0\" data-index-in-node=\"0\">Individuelles Branding:<\/b> Personalisieren Sie Ihr Produkt mit Ihrem Logo mithilfe hochwertiger Techniken wie Pr\u00e4gung, Tiefpr\u00e4gung oder Siebdruck.<\/p>\n<\/li>\n<li>\n<p data-path-to-node=\"15,3,0\"><b data-path-to-node=\"15,3,0\" data-index-in-node=\"0\">Einstellbare Passform:<\/b> Ausgestattet mit einem klassischen Schnallenverschluss (Standardgr\u00f6\u00dfe 250x22x3 mm), um den meisten Handgelenkgr\u00f6\u00dfen bequem gerecht zu werden.<\/p>\n<\/li>\n<\/ul>\n<h2 data-path-to-node=\"16\">Technische Daten<\/h2>\n<ul data-path-to-node=\"17\">\n<li>\n<p data-path-to-node=\"17,0,0\"><b data-path-to-node=\"17,0,0\" data-index-in-node=\"0\">Abmessungen:<\/b> 250 mm x 22 mm x 3 mm.<\/p>\n<\/li>\n<li>\n<p data-path-to-node=\"17,1,0\"><b data-path-to-node=\"17,1,0\" data-index-in-node=\"0\">Material:<\/b> PU-Leder (Standard) oder Echtleder (Upgrade).<\/p>\n<\/li>\n<li>\n<p data-path-to-node=\"17,2,0\"><b data-path-to-node=\"17,2,0\" data-index-in-node=\"0\">Frequenzoptionen:<\/b> LF (125 kHz), HF (13,56 MHz), UHF (860\u2013960 MHz).<\/p>\n<\/li>\n<li>\n<p data-path-to-node=\"17,3,0\"><b data-path-to-node=\"17,3,0\" data-index-in-node=\"0\">Chiptypen:<\/b> TK4100, F08, NTAG213\/215\/216, Alien H3 und mehr.<\/p>\n<\/li>\n<li>\n<p data-path-to-node=\"17,4,0\"><b data-path-to-node=\"17,4,0\" data-index-in-node=\"0\">Lesedistanz:<\/b> 1-10 cm (LF\/HF), bis zu mehreren Metern (UHF, abh\u00e4ngig vom Leseger\u00e4t).<\/p>\n<\/li>\n<li>\n<p data-path-to-node=\"17,5,0\"><b data-path-to-node=\"17,5,0\" data-index-in-node=\"0\">Mindestbestellmenge:<\/b> 100 Einheiten.<\/p>\n<\/li>\n<\/ul>\n<h2 data-path-to-node=\"18\">Anwendungsf\u00e4lle<\/h2>\n<ul data-path-to-node=\"19\">\n<li>\n<p data-path-to-node=\"19,0,0\"><b data-path-to-node=\"19,0,0\" data-index-in-node=\"0\">Luxushotels &amp; Resorts:<\/b> Schl\u00fcsselloser Zimmerzugang und bargeldlose Bezahlung der Annehmlichkeiten des Resorts.<\/p>\n<\/li>\n<li>\n<p data-path-to-node=\"19,1,0\"><b data-path-to-node=\"19,1,0\" data-index-in-node=\"0\">VIP-Veranstaltungszugang:<\/b> Exklusive Zugangsberechtigungen f\u00fcr Backstage-Bereiche, private Lounges und Galas.<\/p>\n<\/li>\n<li>\n<p data-path-to-node=\"19,2,0\"><b data-path-to-node=\"19,2,0\" data-index-in-node=\"0\">Fitness- und Country-Clubs:<\/b> Langlebige, stilvolle Mitgliedsausweise f\u00fcr den Zugang zur Einrichtung.<\/p>\n<\/li>\n<li>\n<p data-path-to-node=\"19,3,0\"><b data-path-to-node=\"19,3,0\" data-index-in-node=\"0\">B\u00fcrosicherheit:<\/b> Elegante Mitarbeiterkennzeichnung im Unternehmensumfeld.<\/p>\n<\/li>\n<\/ul>","protected":false},"excerpt":{"rendered":"<ul>\n<li>\n<p data-path-to-node=\"11,0,0\"><b data-path-to-node=\"11,0,0\" data-index-in-node=\"0\">Material:<\/b> Hochwertige PU- oder Echtlederoptionen f\u00fcr einen edlen Look.<\/p>\n<\/li>\n<li>\n<p data-path-to-node=\"11,1,0\"><b data-path-to-node=\"11,1,0\" data-index-in-node=\"0\">Technologie:<\/b> Integrierte LF- (TK4100), HF- (NTAG\u00ae) oder UHF-Chips (Alien H3).<\/p>\n<\/li>\n<li>\n<p data-path-to-node=\"11,2,0\"><b data-path-to-node=\"11,2,0\" data-index-in-node=\"0\">Anpassung:<\/b> Pr\u00e4gen, Reliefpr\u00e4gen oder Bedrucken f\u00fcr dezentes Branding.<\/p>\n<\/li>\n<li>\n<p data-path-to-node=\"11,3,0\"><b data-path-to-node=\"11,3,0\" data-index-in-node=\"0\">Anwendung:<\/b> Ideal f\u00fcr VIP-Zutrittskontrolle, bargeldlose Zahlungen und Luxushotels.<\/p>\n<\/li>\n<\/ul>","protected":false},"featured_media":6037,"comment_status":"closed","ping_status":"closed","template":"","meta":[],"product_brand":[],"product_cat":[66,117,81],"product_tag":[],"class_list":{"0":"post-1205","1":"product","2":"type-product","3":"status-publish","4":"has-post-thumbnail","6":"product_cat-wristbands","7":"product_cat-leather-wristbands","8":"product_cat-rfid","10":"first","11":"instock","12":"shipping-taxable","13":"purchasable","14":"product-type-simple"},"_links":{"self":[{"href":"https:\/\/wristbandfactory.eu\/de\/wp-json\/wp\/v2\/product\/1205","targetHints":{"allow":["GET"]}}],"collection":[{"href":"https:\/\/wristbandfactory.eu\/de\/wp-json\/wp\/v2\/product"}],"about":[{"href":"https:\/\/wristbandfactory.eu\/de\/wp-json\/wp\/v2\/types\/product"}],"replies":[{"embeddable":true,"href":"https:\/\/wristbandfactory.eu\/de\/wp-json\/wp\/v2\/comments?post=1205"}],"wp:featuredmedia":[{"embeddable":true,"href":"https:\/\/wristbandfactory.eu\/de\/wp-json\/wp\/v2\/media\/6037"}],"wp:attachment":[{"href":"https:\/\/wristbandfactory.eu\/de\/wp-json\/wp\/v2\/media?parent=1205"}],"wp:term":[{"taxonomy":"product_brand","embeddable":true,"href":"https:\/\/wristbandfactory.eu\/de\/wp-json\/wp\/v2\/product_brand?post=1205"},{"taxonomy":"product_cat","embeddable":true,"href":"https:\/\/wristbandfactory.eu\/de\/wp-json\/wp\/v2\/product_cat?post=1205"},{"taxonomy":"product_tag","embeddable":true,"href":"https:\/\/wristbandfactory.eu\/de\/wp-json\/wp\/v2\/product_tag?post=1205"}],"curies":[{"name":"wp","href":"https:\/\/api.w.org\/{rel}","templated":true}]}}